{"id":923,"date":"2016-11-24T18:34:28","date_gmt":"2016-11-24T18:34:28","guid":{"rendered":"http:\/\/desdelapatagonia.uncoma.edu.ar\/?page_id=923"},"modified":"2019-11-21T08:49:52","modified_gmt":"2019-11-21T11:49:52","slug":"revista-no-22","status":"publish","type":"page","link":"https:\/\/desdelapatagonia.uncoma.edu.ar\/index.php\/archivo\/revista-no-22\/","title":{"rendered":"Revista N\u00ba 22"},"content":{"rendered":"<h3 style=\"text-align: center;\">Volumen 13, N\u00ba 22 |\u00a0Julio\u00a0&#8211;\u00a0Diciembre\u00a0de\u00a02016<\/h3>\n<hr \/>\n<h1 style=\"text-align: center;\">Contenido<\/h1>\n<hr \/>\n<p><a href=\"https:\/\/desdelapatagonia.uncoma.edu.ar\/wp-content\/uploads\/2016\/11\/Revista-N22_COMPLETA.pdf\"><img loading=\"lazy\" decoding=\"async\" class=\"size-medium wp-image-976 alignright\" src=\"https:\/\/desdelapatagonia.uncoma.edu.ar\/wp-content\/uploads\/2016\/11\/tapa22-212x300.jpg\" alt=\"tapa22\" width=\"212\" height=\"300\" srcset=\"https:\/\/desdelapatagonia.uncoma.edu.ar\/wp-content\/uploads\/2016\/11\/tapa22-212x300.jpg 212w, https:\/\/desdelapatagonia.uncoma.edu.ar\/wp-content\/uploads\/2016\/11\/tapa22-191x270.jpg 191w, https:\/\/desdelapatagonia.uncoma.edu.ar\/wp-content\/uploads\/2016\/11\/tapa22.jpg 567w\" sizes=\"(max-width: 212px) 100vw, 212px\" \/><\/a><\/p>\n<p><a href=\"https:\/\/desdelapatagonia.uncoma.edu.ar\/index.php\/editorial-n-22\/\"><span style=\"color: #3366ff;\">EDITORIAL<\/span><\/a><\/p>\n<p style=\"text-align: left;\"><a href=\"https:\/\/desdelapatagonia.uncoma.edu.ar\/index.php\/que-rol-ecologico-cumplen-las-aranas-que-usan-flores-para-cazar\/\"><span style=\"color: #3366ff;\">\u00bfQU\u00c9 ROL ECOL\u00d3GICO CUMPLEN LAS ARA\u00d1AS QUE USAN FLORES PARA CAZAR?<\/span><\/a><br \/>\nSabrina Soledad Gavini, Mariana Tadey y Carolina Quintero<\/p>\n<p><a href=\"https:\/\/desdelapatagonia.uncoma.edu.ar\/index.php\/arboretum-pucara\/\"><span style=\"color: #3366ff;\">ARBORETUM PUCAR\u00c1\u00a0<\/span><\/a><br \/>\nAndrea A. Medina y Adriano Arach<\/p>\n<p><a href=\"https:\/\/desdelapatagonia.uncoma.edu.ar\/?p=1131&amp;preview=true\"><span style=\"color: #3366ff;\">LA COCINA IND\u00cdGENA EN LA PATAGONIA CONTINENTAL<\/span><\/a><br \/>\nLuciano Prates, Marcelo Vitores y Piero Bucci<\/p>\n<p style=\"text-align: left;\">RESE\u00d1A DE LIBRO: <a href=\"https:\/\/desdelapatagonia.uncoma.edu.ar\/index.php\/migraciones-en-la-patagonia-subjetividades-diversidad-y-territorializacion\/\"><span style=\"color: #3366ff;\">MIGRACIONES EN LA PATAGONIA. SUBJETIVIDADES, DIVERSIDAD Y TERRITORIALIZACI\u00d3N<\/span><\/a><br \/>\nRese\u00f1a realizada por Fabiana Ertola<\/p>\n<p>DOSSIER: <a href=\"https:\/\/desdelapatagonia.uncoma.edu.ar\/?p=1135&amp;preview=true\"><span style=\"color: #3366ff;\">DEBATES EN TORNO A FEMICIDIOS Y OTRAS FORMAS DE VIOLENCIA DE G\u00c9NERO<\/span><\/a><br \/>\nCoordinado por Mar\u00eda Marta Quintana y Susana Romaniuk<\/p>\n<ul>\n<li><a href=\"https:\/\/desdelapatagonia.uncoma.edu.ar\/index.php\/revisitando-la-codificacion-argentina\/\"><span style=\"color: #3366ff;\">REVISITANDO LA CODIFICACI\u00d3N ARGENTINA<\/span><\/a><br \/>\nDora Barrancos<\/li>\n<\/ul>\n<ul>\n<li><a href=\"https:\/\/desdelapatagonia.uncoma.edu.ar\/index.php\/las-muertes-por-aborto-como-forma-de-femicidio\/\"><span style=\"color: #3366ff;\">LAS MUERTES POR ABORTO COMO FORMA DE FEMICIDIO<\/span><\/a><br \/>\nDiana Maff\u00eda y Felicitas Rossi<\/li>\n<\/ul>\n<ul>\n<li><a href=\"https:\/\/desdelapatagonia.uncoma.edu.ar\/index.php\/comprender-la-violencia-desde-el-asesinato-de-mujeres\/\"><span style=\"color: #3366ff;\">COMPRENDER LA VIOLENCIA DESDE EL ASESINATO DE MUJERES<\/span><\/a><br \/>\nRenata Hiller<\/li>\n<\/ul>\n<ul>\n<li><a href=\"https:\/\/desdelapatagonia.uncoma.edu.ar\/index.php\/petroleo-y-desigualdades-de-genero-en-comodoro-rivadavia-hay-lugar-para-ellas\/\"><span style=\"color: #3366ff;\">\u00bfHAY LUGAR PARA ELLAS?<\/span><\/a><br \/>\nNatalia Barrionuevo<\/li>\n<\/ul>\n<p><a href=\"https:\/\/desdelapatagonia.uncoma.edu.ar\/index.php\/el-contexto-biocultural-de-la-herbolaria-mapuche-en-patagonia\/\"><span style=\"color: #3366ff;\">EL CONTEXTO BIOCULTURAL DE LA HERBOLARIA MAPUCHE EN PATAGONIA<\/span><\/a><br \/>\nSoledad Molares<\/p>\n<p><a href=\"https:\/\/desdelapatagonia.uncoma.edu.ar\/index.php\/supernovas-explosiones-estelares\/\"><span style=\"color: #3366ff;\">SUPERNOVAS: EXPLOSIONES ESTELARES<\/span><\/a><br \/>\nMariana Orellana e Ingrid Meschin<\/p>\n<p>REPORTAJE A\u00a0<a href=\"https:\/\/desdelapatagonia.uncoma.edu.ar\/index.php\/reportaje-a-eliana-navarro\/\"><span style=\"color: #3366ff;\">ELIANA NAVARRO<\/span><\/a><br \/>\npor Patricia P\u00e9rez y Gustavo Viozzi<\/p>\n<p>ARTE:<a href=\"https:\/\/desdelapatagonia.uncoma.edu.ar\/wp-content\/uploads\/2016\/11\/Revista-N22_ARTE.pdf\"><span style=\"color: #3366ff;\"> FERNANDA CAVALLARO<\/span><\/a><\/p>\n<hr \/>\n<p><a href=\"https:\/\/desdelapatagonia.uncoma.edu.ar\/wp-content\/uploads\/2016\/11\/Revista-N22_COMPLETA.pdf\"><span style=\"color: #3366ff;\">DESCARGAR REVISTA COMPLETA<\/span><\/a><\/p>\n","protected":false},"excerpt":{"rendered":"<p>Volumen 13, N\u00ba 22 |\u00a0Julio\u00a0&#8211;\u00a0Diciembre\u00a0de\u00a02016 Contenido EDITORIAL \u00bfQU\u00c9 ROL ECOL\u00d3GICO CUMPLEN LAS ARA\u00d1AS QUE USAN FLORES PARA CAZAR? Sabrina Soledad Gavini, Mariana Tadey y Carolina Quintero ARBORETUM PUCAR\u00c1\u00a0 Andrea A. Medina y Adriano Arach LA COCINA IND\u00cdGENA EN LA PATAGONIA CONTINENTAL Luciano Prates, Marcelo Vitores y Piero Bucci RESE\u00d1A DE LIBRO: MIGRACIONES EN LA PATAGONIA. SUBJETIVIDADES, DIVERSIDAD Y TERRITORIALIZACI\u00d3N Rese\u00f1a realizada por Fabiana Ertola DOSSIER: DEBATES EN TORNO A FEMICIDIOS Y OTRAS FORMAS DE VIOLENCIA DE G\u00c9NERO Coordinado por Mar\u00eda&#8230;<\/p>\n<p class=\"read-more\"><a class=\"btn btn-default\" href=\"https:\/\/desdelapatagonia.uncoma.edu.ar\/index.php\/archivo\/revista-no-22\/\"> Read More<span class=\"screen-reader-text\">  Read More<\/span><\/a><\/p>\n","protected":false},"author":1,"featured_media":0,"parent":20,"menu_order":22,"comment_status":"closed","ping_status":"closed","template":"","meta":{"_monsterinsights_skip_tracking":false,"_monsterinsights_sitenote_active":false,"_monsterinsights_sitenote_note":"","_monsterinsights_sitenote_category":0,"footnotes":""},"aioseo_notices":[],"_links":{"self":[{"href":"https:\/\/desdelapatagonia.uncoma.edu.ar\/index.php\/wp-json\/wp\/v2\/pages\/923"}],"collection":[{"href":"https:\/\/desdelapatagonia.uncoma.edu.ar\/index.php\/wp-json\/wp\/v2\/pages"}],"about":[{"href":"https:\/\/desdelapatagonia.uncoma.edu.ar\/index.php\/wp-json\/wp\/v2\/types\/page"}],"author":[{"embeddable":true,"href":"https:\/\/desdelapatagonia.uncoma.edu.ar\/index.php\/wp-json\/wp\/v2\/users\/1"}],"replies":[{"embeddable":true,"href":"https:\/\/desdelapatagonia.uncoma.edu.ar\/index.php\/wp-json\/wp\/v2\/comments?post=923"}],"version-history":[{"count":43,"href":"https:\/\/desdelapatagonia.uncoma.edu.ar\/index.php\/wp-json\/wp\/v2\/pages\/923\/revisions"}],"predecessor-version":[{"id":4173,"href":"https:\/\/desdelapatagonia.uncoma.edu.ar\/index.php\/wp-json\/wp\/v2\/pages\/923\/revisions\/4173"}],"up":[{"embeddable":true,"href":"https:\/\/desdelapatagonia.uncoma.edu.ar\/index.php\/wp-json\/wp\/v2\/pages\/20"}],"wp:attachment":[{"href":"https:\/\/desdelapatagonia.uncoma.edu.ar\/index.php\/wp-json\/wp\/v2\/media?parent=923"}],"curies":[{"name":"wp","href":"https:\/\/api.w.org\/{rel}","templated":true}]}}