{"id":829,"date":"2016-07-21T17:58:05","date_gmt":"2016-07-21T17:58:05","guid":{"rendered":"http:\/\/desdelapatagonia.uncoma.edu.ar\/?page_id=829"},"modified":"2019-11-21T10:08:06","modified_gmt":"2019-11-21T13:08:06","slug":"revista-no-14","status":"publish","type":"page","link":"https:\/\/desdelapatagonia.uncoma.edu.ar\/index.php\/archivo\/revista-no-14\/","title":{"rendered":"Revista N\u00ba 14"},"content":{"rendered":"<h3 style=\"text-align: center;\">Volumen 9, N\u00ba 14 |&nbsp;Julio &#8211;&nbsp;Diciembre de&nbsp;2012<\/h3>\n<hr>\n<h1 style=\"text-align: center;\">Contenido<\/h1>\n<hr>\n<p><a href=\"https:\/\/desdelapatagonia.uncoma.edu.ar\/wp-content\/uploads\/2016\/07\/Revista-N14_COMPLETA.pdf\"><img loading=\"lazy\" decoding=\"async\" class=\"wp-image-2921 size-medium alignright\" src=\"https:\/\/desdelapatagonia.uncoma.edu.ar\/wp-content\/uploads\/2016\/07\/TAPA-14-212x300.jpg\" alt=\"\" width=\"212\" height=\"300\" srcset=\"https:\/\/desdelapatagonia.uncoma.edu.ar\/wp-content\/uploads\/2016\/07\/TAPA-14-212x300.jpg 212w, https:\/\/desdelapatagonia.uncoma.edu.ar\/wp-content\/uploads\/2016\/07\/TAPA-14-768x1085.jpg 768w, https:\/\/desdelapatagonia.uncoma.edu.ar\/wp-content\/uploads\/2016\/07\/TAPA-14-725x1024.jpg 725w, https:\/\/desdelapatagonia.uncoma.edu.ar\/wp-content\/uploads\/2016\/07\/TAPA-14-191x270.jpg 191w, https:\/\/desdelapatagonia.uncoma.edu.ar\/wp-content\/uploads\/2016\/07\/TAPA-14.jpg 1258w\" sizes=\"(max-width: 212px) 100vw, 212px\" \/><\/a><\/p>\n<p><a href=\"https:\/\/desdelapatagonia.uncoma.edu.ar\/index.php\/editorial-no-14\/\"><span style=\"color: #3366ff;\">EDITORIAL<\/span><\/a><\/p>\n<p><a href=\"https:\/\/desdelapatagonia.uncoma.edu.ar\/index.php\/la-matematica-de-los-piojos\/\"><span style=\"color: #3366ff;\">LA MATEM\u00c1TICA DE LOS PIOJOS<\/span><\/a><br \/>\nSebasti\u00e1n Risau-Gusman y Mar\u00eda Fabiana Laguna<\/p>\n<p><a href=\"https:\/\/desdelapatagonia.uncoma.edu.ar\/index.php\/turismo-en-conservacion-aviturismo-en-el-parque-provincial-el-tromen\/\"><span style=\"color: #3366ff;\">AVITURISMO EN EL PARQUE PROVINCIAL EL TROMEN<\/span><\/a><br \/>\nMatilde E. Encabo, Daniel Paz Barreto, Mar\u00eda Victoria V\u00e1zquez y&nbsp;Juan Manuel Andr\u00e9s<\/p>\n<p>RESE\u00d1A DE LIBRO: <a href=\"https:\/\/desdelapatagonia.uncoma.edu.ar\/index.php\/resena-de-libro-estado-frontera-y-turismo-historia-de-san-carlos-de-bariloche\/\"><span style=\"color: #3366ff;\">ESTADO, FRONTERA Y TURISMO<\/span><\/a><br \/>\nRese\u00f1a realizada por Jos\u00e9 Mar\u00eda Mendes<\/p>\n<p><a href=\"https:\/\/desdelapatagonia.uncoma.edu.ar\/index.php\/voces-del-fondo-del-mar\/\"><span style=\"color: #3366ff;\">VOCES DEL FONDO DEL MAR<\/span><\/a><br \/>\nEmiliana Bernasconi<\/p>\n<p><a href=\"https:\/\/desdelapatagonia.uncoma.edu.ar\/index.php\/disfrutar-la-vejez\/\"><span style=\"color: #3366ff;\">DISFRUTAR LA VEJEZ<\/span><\/a><br \/>\nGabriela Matozza y Marisa Silva<\/p>\n<p>CIENCIA Y ARTE:&nbsp;<a href=\"https:\/\/desdelapatagonia.uncoma.edu.ar\/index.php\/ciencia-y-arte-nadia-guthmann\/\"><span style=\"color: #3366ff;\">NADIA GUTHMANN.&nbsp;CUANDO LA BIOLOG\u00cdA Y EL METAL SE FUSIONAN EN ARTE<\/span><\/a><br \/>\npor M\u00f3nica de Torres Curth y Diego A\u00f1\u00f3n Su\u00e1rez<\/p>\n<p>DESDE LA PATAGONIA:&nbsp;<a href=\"https:\/\/desdelapatagonia.uncoma.edu.ar\/index.php\/desde-la-patagonia-a-diez-anos-de-la-tragedia-del-cerro-ventana\/\"><span style=\"color: #3366ff;\">A DIEZ A\u00d1OS DE LA TRAGEDIA DEL CERRO VENTANA<\/span><\/a><br \/>\nMargarita Ruda<\/p>\n<p>REPORTAJE&nbsp;<a href=\"https:\/\/desdelapatagonia.uncoma.edu.ar\/index.php\/reportaje-a-eva-teubal\/\"><span style=\"color: #3366ff;\">A EVA TEUBAL, INVESTIGADORA EN EDUCACI\u00d3N<\/span><\/a><br \/>\npor Ana Pedrazzini y Mar\u00eda Sol Iparraguirre<\/p>\n<p>RESE\u00d1A DE LIBRO: <a href=\"https:\/\/desdelapatagonia.uncoma.edu.ar\/index.php\/resena-de-libro-mongeleluchi-zungu-los-textos-araucanos-documentados-por-roberto-lehmann-nitsche\/\"><span style=\"color: #3366ff;\">MONGELELUCHI ZUNGU<\/span><\/a><br \/>\nRese\u00f1a realizada por Antonio E. D\u00edaz-Fern\u00e1ndez<\/p>\n<p>ARTE:&nbsp;<a href=\"https:\/\/desdelapatagonia.uncoma.edu.ar\/wp-content\/uploads\/2016\/07\/Revista-N14_ARTE.pdf\"><span style=\"color: #3366ff;\">INGJERD HANSEN JUVIK<\/span><\/a><\/p>\n<hr>\n<p style=\"text-align: left;\"><a href=\"https:\/\/desdelapatagonia.uncoma.edu.ar\/wp-content\/uploads\/2016\/07\/Revista-N14_COMPLETA.pdf\"><span style=\"color: #3366ff;\">DESCARGAR REVISTA COMPLETA<\/span><\/a><\/p>\n","protected":false},"excerpt":{"rendered":"<p>Volumen 9, N\u00ba 14 |&nbsp;Julio &#8211;&nbsp;Diciembre de&nbsp;2012 Contenido EDITORIAL LA MATEM\u00c1TICA DE LOS PIOJOS Sebasti\u00e1n Risau-Gusman y Mar\u00eda Fabiana Laguna AVITURISMO EN EL PARQUE PROVINCIAL EL TROMEN Matilde E. Encabo, Daniel Paz Barreto, Mar\u00eda Victoria V\u00e1zquez y&nbsp;Juan Manuel Andr\u00e9s RESE\u00d1A DE LIBRO: ESTADO, FRONTERA Y TURISMO Rese\u00f1a realizada por Jos\u00e9 Mar\u00eda Mendes VOCES DEL FONDO DEL MAR Emiliana Bernasconi DISFRUTAR LA VEJEZ Gabriela Matozza y Marisa Silva CIENCIA Y ARTE:&nbsp;NADIA GUTHMANN.&nbsp;CUANDO LA BIOLOG\u00cdA Y EL METAL SE FUSIONAN EN ARTE&#8230;<\/p>\n<p class=\"read-more\"><a class=\"btn btn-default\" href=\"https:\/\/desdelapatagonia.uncoma.edu.ar\/index.php\/archivo\/revista-no-14\/\"> Read More<span class=\"screen-reader-text\">  Read More<\/span><\/a><\/p>\n","protected":false},"author":1,"featured_media":0,"parent":20,"menu_order":14,"comment_status":"closed","ping_status":"closed","template":"","meta":{"_monsterinsights_skip_tracking":false,"_monsterinsights_sitenote_active":false,"_monsterinsights_sitenote_note":"","_monsterinsights_sitenote_category":0,"footnotes":""},"aioseo_notices":[],"_links":{"self":[{"href":"https:\/\/desdelapatagonia.uncoma.edu.ar\/index.php\/wp-json\/wp\/v2\/pages\/829"}],"collection":[{"href":"https:\/\/desdelapatagonia.uncoma.edu.ar\/index.php\/wp-json\/wp\/v2\/pages"}],"about":[{"href":"https:\/\/desdelapatagonia.uncoma.edu.ar\/index.php\/wp-json\/wp\/v2\/types\/page"}],"author":[{"embeddable":true,"href":"https:\/\/desdelapatagonia.uncoma.edu.ar\/index.php\/wp-json\/wp\/v2\/users\/1"}],"replies":[{"embeddable":true,"href":"https:\/\/desdelapatagonia.uncoma.edu.ar\/index.php\/wp-json\/wp\/v2\/comments?post=829"}],"version-history":[{"count":26,"href":"https:\/\/desdelapatagonia.uncoma.edu.ar\/index.php\/wp-json\/wp\/v2\/pages\/829\/revisions"}],"predecessor-version":[{"id":4182,"href":"https:\/\/desdelapatagonia.uncoma.edu.ar\/index.php\/wp-json\/wp\/v2\/pages\/829\/revisions\/4182"}],"up":[{"embeddable":true,"href":"https:\/\/desdelapatagonia.uncoma.edu.ar\/index.php\/wp-json\/wp\/v2\/pages\/20"}],"wp:attachment":[{"href":"https:\/\/desdelapatagonia.uncoma.edu.ar\/index.php\/wp-json\/wp\/v2\/media?parent=829"}],"curies":[{"name":"wp","href":"https:\/\/api.w.org\/{rel}","templated":true}]}}