{"id":82,"date":"2016-06-19T15:26:24","date_gmt":"2016-06-19T15:26:24","guid":{"rendered":"http:\/\/170.210.81.130\/desde\/?page_id=82"},"modified":"2019-11-21T08:58:25","modified_gmt":"2019-11-21T11:58:25","slug":"revista-no-17","status":"publish","type":"page","link":"https:\/\/desdelapatagonia.uncoma.edu.ar\/index.php\/archivo\/revista-no-17\/","title":{"rendered":"Revista N\u00ba 17"},"content":{"rendered":"<h3 style=\"text-align: center;\">Volumen 11, N\u00ba 17 | Enero &#8211; Junio de&nbsp;2014<\/h3>\n<hr>\n<h1 style=\"text-align: center;\">Contenido<\/h1>\n<hr>\n<p><a href=\"https:\/\/desdelapatagonia.uncoma.edu.ar\/wp-content\/uploads\/2016\/06\/Revista-N17_COMPLETA.pdf\"><img loading=\"lazy\" decoding=\"async\" class=\"wp-image-3025 size-medium alignright\" src=\"https:\/\/desdelapatagonia.uncoma.edu.ar\/wp-content\/uploads\/2016\/06\/Tapa-17-212x300.jpg\" alt=\"\" width=\"212\" height=\"300\" srcset=\"https:\/\/desdelapatagonia.uncoma.edu.ar\/wp-content\/uploads\/2016\/06\/Tapa-17-212x300.jpg 212w, https:\/\/desdelapatagonia.uncoma.edu.ar\/wp-content\/uploads\/2016\/06\/Tapa-17-768x1085.jpg 768w, https:\/\/desdelapatagonia.uncoma.edu.ar\/wp-content\/uploads\/2016\/06\/Tapa-17-725x1024.jpg 725w, https:\/\/desdelapatagonia.uncoma.edu.ar\/wp-content\/uploads\/2016\/06\/Tapa-17-191x270.jpg 191w\" sizes=\"(max-width: 212px) 100vw, 212px\" \/><\/a><\/p>\n<p><a href=\"https:\/\/desdelapatagonia.uncoma.edu.ar\/index.php\/editorial-no-17\/\"><span style=\"color: #3366ff;\">EDITORIAL<\/span><\/a><\/p>\n<p><a href=\"https:\/\/desdelapatagonia.uncoma.edu.ar\/index.php\/historia-natural-de-pinguinos-y-lobos-marinos-en-la-patagonia\/\"><span style=\"color: #3366ff;\">HISTORIA NATURAL DE PING\u00dcINOS Y LOBOS MARINOS EN LA PATAGONIA<\/span><\/a><br \/>\nIsabel Cruz, Clara R. Lemaire, Gustavo D. Nauto y Florentina Z. Astete<\/p>\n<p><a href=\"https:\/\/desdelapatagonia.uncoma.edu.ar\/index.php\/habitantes-microscopicos-de-los-glaciares-levaduras\/\"><span style=\"color: #3366ff;\">HABITANTES MICROSC\u00d3PICOS DE LOS GLACIARES<\/span><\/a><br \/>\nVirginia de Garcia y Mar\u00eda Rosa Giraudo de van Broock<\/p>\n<p>DESDE LA PATAGONIA: <a href=\"https:\/\/desdelapatagonia.uncoma.edu.ar\/index.php\/diez-anos-de-divulgacion-de-la-ciencia-en-el-centro-regional-universitario-bariloche\/\"><span style=\"color: #3366ff;\">DIEZ A\u00d1OS DE DIVULGACI\u00d3N DE LA CIENCIA EN EL CENTRO&nbsp;REGIONAL UNIVERSITARIO BARILOCHE<\/span><\/a><br \/>\npor M\u00f3nica de Torres Curth, Gustavo Viozzi y Mar\u00eda Damascos<\/p>\n<p>DESDE LA PATAGONIA: <a href=\"https:\/\/desdelapatagonia.uncoma.edu.ar\/index.php\/el-poder-punitivo-del-estado-reflexiones-en-torno-a-la-conferencia-del-juez-de-la-corte-suprema-eugenio-zaffaroni\/\"><span style=\"color: #3366ff;\">EL PODER PUNITIVO DEL ESTADO: REFLEXIONES EN TORNO A LA CONFERENCIA DEL JUEZ DE LA CORTE SUPREMA EUGENIO ZAFFARONI<\/span><\/a><br \/>\npor Mar\u00eda Celeste Ratto<\/p>\n<p>DESDE LA PATAGONIA: <a href=\"https:\/\/desdelapatagonia.uncoma.edu.ar\/index.php\/el-petroleo-en-la-patagonia-y-los-hidrocarburos-no-convencionales\/\"><span style=\"color: #3366ff;\">EL PETR\u00d3LEO EN LA PATAGONIA Y LOS HIDROCARBUROS NO CONVENCIONALES<\/span><\/a><br \/>\npor Margarita Ruda<\/p>\n<p>DESDE LA PATAGONIA: <a href=\"https:\/\/desdelapatagonia.uncoma.edu.ar\/index.php\/cafes-cientificos-cab-ib-un-espacio-para-el-dialogo-de-la-ciencia-en-sociedad\/\"><span style=\"color: #3366ff;\">UN ESPACIO PARA EL DI\u00c1LOGO DE LA CIENCIA EN SOCIEDAD<\/span><\/a><br \/>\npor \u00c1rea de Comunicaci\u00f3n &#8211; Instituto Balseiro<\/p>\n<p>RESE\u00d1A DE LIBRO: <a href=\"https:\/\/desdelapatagonia.uncoma.edu.ar\/index.php\/resena-de-libro-desarrollo-y-ecopolitica-los-grandes-debates-de-la-tecnologia-el-ambiente-y-la-sociedad\/\"><span style=\"color: #3366ff;\">DESARROLLO Y ECOPOL\u00cdTICA<\/span><\/a><br \/>\nRese\u00f1a realizada por Fabiana Ertola<\/p>\n<p><a href=\"https:\/\/desdelapatagonia.uncoma.edu.ar\/index.php\/pastoreo-y-vigilancia-de-una-poblacion-de-guanacos-en-un-mallin\/\"><span style=\"color: #3366ff;\">PASTOREO Y VIGILANCIA DE UNA POBLACI\u00d3N DE GUANACOS EN UN MALL\u00cdN<\/span><\/a><br \/>\nAlhue Bay Gavuzzo, Carmen \u00dabeda y Julieta von Th\u00fcngen<\/p>\n<p><a href=\"https:\/\/desdelapatagonia.uncoma.edu.ar\/index.php\/catalogo-de-fotoidentificacion-del-pato-de-los-torrentes\/\"><span style=\"color: #3366ff;\">CAT\u00c1LOGO DE FOTOIDENTIFICACI\u00d3N DEL PATO DE LOS TORRENTES<\/span><\/a><br \/>\nSusana Seijas, Carla M. Pozzi y Demi\u00e1n Belmonte<\/p>\n<p>REPORTAJE&nbsp;<a href=\"https:\/\/desdelapatagonia.uncoma.edu.ar\/index.php\/reportaje-al-historiador-raul-mandrini\/\"><span style=\"color: #3366ff;\">AL HISTORIADOR RA\u00daL MANDRINI<\/span><\/a><br \/>\npor Francisco Vota y Alejandra Mendelsohn<\/p>\n<p>ARTE:&nbsp;<span style=\"color: #3366ff;\"><a href=\"https:\/\/desdelapatagonia.uncoma.edu.ar\/wp-content\/uploads\/2016\/06\/Revista-N17_ARTE.pdf\"><span style=\"color: #3366ff;\">MAR\u00cdA FERNANDA UNGAR<\/span><\/a> <\/span><\/p>\n<hr>\n<p style=\"text-align: left;\"><a href=\"https:\/\/desdelapatagonia.uncoma.edu.ar\/wp-content\/uploads\/2016\/06\/Revista-N17_COMPLETA.pdf\"><span style=\"color: #3366ff;\">DESCARGAR REVISTA COMPLETA<\/span><\/a><\/p>\n","protected":false},"excerpt":{"rendered":"<p>Volumen 11, N\u00ba 17 | Enero &#8211; Junio de&nbsp;2014 Contenido EDITORIAL HISTORIA NATURAL DE PING\u00dcINOS Y LOBOS MARINOS EN LA PATAGONIA Isabel Cruz, Clara R. Lemaire, Gustavo D. Nauto y Florentina Z. Astete HABITANTES MICROSC\u00d3PICOS DE LOS GLACIARES Virginia de Garcia y Mar\u00eda Rosa Giraudo de van Broock DESDE LA PATAGONIA: DIEZ A\u00d1OS DE DIVULGACI\u00d3N DE LA CIENCIA EN EL CENTRO&nbsp;REGIONAL UNIVERSITARIO BARILOCHE por M\u00f3nica de Torres Curth, Gustavo Viozzi y Mar\u00eda Damascos DESDE LA PATAGONIA: EL PODER PUNITIVO DEL&#8230;<\/p>\n<p class=\"read-more\"><a class=\"btn btn-default\" href=\"https:\/\/desdelapatagonia.uncoma.edu.ar\/index.php\/archivo\/revista-no-17\/\"> Read More<span class=\"screen-reader-text\">  Read More<\/span><\/a><\/p>\n","protected":false},"author":1,"featured_media":0,"parent":20,"menu_order":17,"comment_status":"closed","ping_status":"closed","template":"","meta":{"_monsterinsights_skip_tracking":false,"_monsterinsights_sitenote_active":false,"_monsterinsights_sitenote_note":"","_monsterinsights_sitenote_category":0,"footnotes":""},"aioseo_notices":[],"_links":{"self":[{"href":"https:\/\/desdelapatagonia.uncoma.edu.ar\/index.php\/wp-json\/wp\/v2\/pages\/82"}],"collection":[{"href":"https:\/\/desdelapatagonia.uncoma.edu.ar\/index.php\/wp-json\/wp\/v2\/pages"}],"about":[{"href":"https:\/\/desdelapatagonia.uncoma.edu.ar\/index.php\/wp-json\/wp\/v2\/types\/page"}],"author":[{"embeddable":true,"href":"https:\/\/desdelapatagonia.uncoma.edu.ar\/index.php\/wp-json\/wp\/v2\/users\/1"}],"replies":[{"embeddable":true,"href":"https:\/\/desdelapatagonia.uncoma.edu.ar\/index.php\/wp-json\/wp\/v2\/comments?post=82"}],"version-history":[{"count":35,"href":"https:\/\/desdelapatagonia.uncoma.edu.ar\/index.php\/wp-json\/wp\/v2\/pages\/82\/revisions"}],"predecessor-version":[{"id":4179,"href":"https:\/\/desdelapatagonia.uncoma.edu.ar\/index.php\/wp-json\/wp\/v2\/pages\/82\/revisions\/4179"}],"up":[{"embeddable":true,"href":"https:\/\/desdelapatagonia.uncoma.edu.ar\/index.php\/wp-json\/wp\/v2\/pages\/20"}],"wp:attachment":[{"href":"https:\/\/desdelapatagonia.uncoma.edu.ar\/index.php\/wp-json\/wp\/v2\/media?parent=82"}],"curies":[{"name":"wp","href":"https:\/\/api.w.org\/{rel}","templated":true}]}}