{"id":675,"date":"2016-07-06T17:10:05","date_gmt":"2016-07-06T17:10:05","guid":{"rendered":"http:\/\/desdelapatagonia.uncoma.edu.ar\/?page_id=675"},"modified":"2019-11-21T09:01:27","modified_gmt":"2019-11-21T12:01:27","slug":"revista-no-15","status":"publish","type":"page","link":"https:\/\/desdelapatagonia.uncoma.edu.ar\/index.php\/archivo\/revista-no-15\/","title":{"rendered":"Revista N\u00ba 15"},"content":{"rendered":"<h3 style=\"text-align: center;\">Volumen 10, N\u00ba 15 | Enero &#8211; Junio de&nbsp;2013<\/h3>\n<hr>\n<h1 style=\"text-align: center;\">Contenido<\/h1>\n<hr>\n<p><a href=\"https:\/\/desdelapatagonia.uncoma.edu.ar\/wp-content\/uploads\/2016\/07\/Revista-N15_COMPLETA.pdf\"><img loading=\"lazy\" decoding=\"async\" class=\"wp-image-2948 size-medium alignright\" src=\"https:\/\/desdelapatagonia.uncoma.edu.ar\/wp-content\/uploads\/2016\/07\/TAPA-15-212x300.jpg\" alt=\"\" width=\"212\" height=\"300\" srcset=\"https:\/\/desdelapatagonia.uncoma.edu.ar\/wp-content\/uploads\/2016\/07\/TAPA-15-212x300.jpg 212w, https:\/\/desdelapatagonia.uncoma.edu.ar\/wp-content\/uploads\/2016\/07\/TAPA-15-768x1085.jpg 768w, https:\/\/desdelapatagonia.uncoma.edu.ar\/wp-content\/uploads\/2016\/07\/TAPA-15-725x1024.jpg 725w, https:\/\/desdelapatagonia.uncoma.edu.ar\/wp-content\/uploads\/2016\/07\/TAPA-15-191x270.jpg 191w\" sizes=\"(max-width: 212px) 100vw, 212px\" \/><\/a><\/p>\n<p><a href=\"https:\/\/desdelapatagonia.uncoma.edu.ar\/index.php\/editorial-no-15\/\"><span style=\"color: #3366ff;\">EDITORIAL<\/span><\/a><\/p>\n<p><a href=\"https:\/\/desdelapatagonia.uncoma.edu.ar\/index.php\/parabroteas-el-pequeno-gigante-de-la-patagonia\/\"><span style=\"color: #3366ff;\">EL PEQUE\u00d1O GIGANTE DE LA PATAGONIA<\/span><\/a><br \/>\nRoberto D. Garc\u00eda, Mariana Reissig y Ma. del Carmen Di\u00e9guez<\/p>\n<p style=\"text-align: left;\"><a href=\"https:\/\/desdelapatagonia.uncoma.edu.ar\/index.php\/historias-de-deslizamientos-y-erupciones\/\"><span style=\"color: #3366ff;\">HISTORIAS DE DESLIZAMIENTOS Y ERUPCIONES<\/span><\/a><br \/>\nD\u00e9bora Beigt, Gustavo Villarosa, Valeria Outes, Mar\u00eda A. Dzendoletas y Eduardo A. G\u00f3mez<\/p>\n<p><a href=\"https:\/\/desdelapatagonia.uncoma.edu.ar\/index.php\/uso-de-lena-en-la-comunidad-rural-de-laguna-blanca-rio-negro\/\"><span style=\"color: #3366ff;\">USO DE LE\u00d1A EN LA COMUNIDAD RURAL DE LAGUNA BLANCA, R\u00cdO NEGRO<\/span><\/a><br \/>\nMar\u00eda Betina Cardoso<\/p>\n<p>RESE\u00d1A DE LIBRO: <a href=\"https:\/\/desdelapatagonia.uncoma.edu.ar\/index.php\/resena-de-libro-flores-de-la-estepa-patagonica\/\"><span style=\"color: #3366ff;\">FLORES DE LA ESTEPA PATAG\u00d3NICA<\/span><\/a><br \/>\nRese\u00f1a realizada por Cecilia Ezcurra<\/p>\n<p>DESDE LA PATAGONIA: <a href=\"https:\/\/desdelapatagonia.uncoma.edu.ar\/index.php\/desde-la-patagonia-celebrando-instituciones-de-bariloche\/\"><span style=\"color: #3366ff;\">CELEBRANDO INSTITUCIONES DE BARILOCHE<\/span><\/a><br \/>\npor Margarita Ruda&nbsp;y Ana Pedrazzini<\/p>\n<p><a href=\"https:\/\/desdelapatagonia.uncoma.edu.ar\/index.php\/sushi-y-ceviche-peligrosamente-ricos\/\"><span style=\"color: #3366ff;\">SUSHI Y CEVICHE: \u00bfPELIGROSAMENTE RICOS?<\/span><\/a><br \/>\nLiliana Semenas<\/p>\n<p><a href=\"https:\/\/desdelapatagonia.uncoma.edu.ar\/index.php\/fertilizacion-natural-una-asociacion-especial-entre-bacterias-y-plantas\/\"><span style=\"color: #3366ff;\">UNA ASOCIACI\u00d3N ESPECIAL ENTRE BACTERIAS Y PLANTAS<\/span><\/a><br \/>\nEugenia E. Chaia<\/p>\n<p>CIENCIA Y ARTE:&nbsp;<a href=\"https:\/\/desdelapatagonia.uncoma.edu.ar\/index.php\/ciencia-y-arte-entrevista-al-biologo-y-actor-flavio-quintana\/\"><span style=\"color: #3366ff;\">CONOCIENDO A FLAVIO QUINTANA, BI\u00d3LOGO Y ACTOR<\/span><\/a><br \/>\npor M\u00f3nica de Torres Curth y Diego A\u00f1\u00f3n Su\u00e1rez<\/p>\n<p>REPORTAJE&nbsp;<a href=\"https:\/\/desdelapatagonia.uncoma.edu.ar\/index.php\/reportaje-al-historiador-gabriel-di-meglio\/\"><span style=\"color: #3366ff;\">AL HISTORIADOR GABRIEL DI MEGLIO<\/span><\/a><br \/>\npor Marcelo Alonso<\/p>\n<p>RESE\u00d1A DE LIBRO: <a href=\"https:\/\/desdelapatagonia.uncoma.edu.ar\/index.php\/resena-de-libro-nirihuau-sus-recursos-naturales-y-su-gente\/\"><span style=\"color: #3366ff;\">\u00d1IRIHUAU, SUS RECURSOS NATURALES Y SU GENTE<\/span><\/a><br \/>\nRese\u00f1a realizada por Eugenia E. Chaia<\/p>\n<p>ARTE:&nbsp;<a href=\"https:\/\/desdelapatagonia.uncoma.edu.ar\/wp-content\/uploads\/2016\/07\/Revista-N15_ARTE.pdf\"><span style=\"color: #3366ff;\">CATALINA GALD\u00d3N<\/span><\/a><\/p>\n<hr>\n<p style=\"text-align: left;\"><a href=\"https:\/\/desdelapatagonia.uncoma.edu.ar\/wp-content\/uploads\/2016\/07\/Revista-N15_COMPLETA.pdf\"><span style=\"color: #3366ff;\">DESCARGAR REVISTA COMPLETA<\/span><\/a><\/p>\n","protected":false},"excerpt":{"rendered":"<p>Volumen 10, N\u00ba 15 | Enero &#8211; Junio de&nbsp;2013 Contenido EDITORIAL EL PEQUE\u00d1O GIGANTE DE LA PATAGONIA Roberto D. Garc\u00eda, Mariana Reissig y Ma. del Carmen Di\u00e9guez HISTORIAS DE DESLIZAMIENTOS Y ERUPCIONES D\u00e9bora Beigt, Gustavo Villarosa, Valeria Outes, Mar\u00eda A. Dzendoletas y Eduardo A. G\u00f3mez USO DE LE\u00d1A EN LA COMUNIDAD RURAL DE LAGUNA BLANCA, R\u00cdO NEGRO Mar\u00eda Betina Cardoso RESE\u00d1A DE LIBRO: FLORES DE LA ESTEPA PATAG\u00d3NICA Rese\u00f1a realizada por Cecilia Ezcurra DESDE LA PATAGONIA: CELEBRANDO INSTITUCIONES DE BARILOCHE&#8230;<\/p>\n<p class=\"read-more\"><a class=\"btn btn-default\" href=\"https:\/\/desdelapatagonia.uncoma.edu.ar\/index.php\/archivo\/revista-no-15\/\"> Read More<span class=\"screen-reader-text\">  Read More<\/span><\/a><\/p>\n","protected":false},"author":1,"featured_media":0,"parent":20,"menu_order":15,"comment_status":"closed","ping_status":"closed","template":"","meta":{"_monsterinsights_skip_tracking":false,"_monsterinsights_sitenote_active":false,"_monsterinsights_sitenote_note":"","_monsterinsights_sitenote_category":0,"footnotes":""},"aioseo_notices":[],"_links":{"self":[{"href":"https:\/\/desdelapatagonia.uncoma.edu.ar\/index.php\/wp-json\/wp\/v2\/pages\/675"}],"collection":[{"href":"https:\/\/desdelapatagonia.uncoma.edu.ar\/index.php\/wp-json\/wp\/v2\/pages"}],"about":[{"href":"https:\/\/desdelapatagonia.uncoma.edu.ar\/index.php\/wp-json\/wp\/v2\/types\/page"}],"author":[{"embeddable":true,"href":"https:\/\/desdelapatagonia.uncoma.edu.ar\/index.php\/wp-json\/wp\/v2\/users\/1"}],"replies":[{"embeddable":true,"href":"https:\/\/desdelapatagonia.uncoma.edu.ar\/index.php\/wp-json\/wp\/v2\/comments?post=675"}],"version-history":[{"count":30,"href":"https:\/\/desdelapatagonia.uncoma.edu.ar\/index.php\/wp-json\/wp\/v2\/pages\/675\/revisions"}],"predecessor-version":[{"id":4181,"href":"https:\/\/desdelapatagonia.uncoma.edu.ar\/index.php\/wp-json\/wp\/v2\/pages\/675\/revisions\/4181"}],"up":[{"embeddable":true,"href":"https:\/\/desdelapatagonia.uncoma.edu.ar\/index.php\/wp-json\/wp\/v2\/pages\/20"}],"wp:attachment":[{"href":"https:\/\/desdelapatagonia.uncoma.edu.ar\/index.php\/wp-json\/wp\/v2\/media?parent=675"}],"curies":[{"name":"wp","href":"https:\/\/api.w.org\/{rel}","templated":true}]}}