{"id":6131,"date":"2025-12-19T13:53:42","date_gmt":"2025-12-19T16:53:42","guid":{"rendered":"https:\/\/desdelapatagonia.uncoma.edu.ar\/?page_id=6131"},"modified":"2026-01-08T09:25:53","modified_gmt":"2026-01-08T12:25:53","slug":"revista-no-40","status":"publish","type":"page","link":"https:\/\/desdelapatagonia.uncoma.edu.ar\/index.php\/archivo\/revista-no-40\/","title":{"rendered":"Revista N\u00ba 40"},"content":{"rendered":"\n<h1 class=\"wp-block-heading has-text-align-center\">Contenido<\/h1>\n\n\n\n<hr class=\"wp-block-separator has-css-opacity\"\/>\n\n\n\n<p><a href=\"https:\/\/revele.uncoma.edu.ar\/index.php\/desdelapatagonia\/article\/view\/6865\" target=\"_blank\" rel=\"noopener\" title=\"\">EDITORIAL<\/a><\/p>\n\n\n<div class=\"wp-block-image\">\n<figure class=\"alignright size-large is-resized\"><a href=\"https:\/\/desdelapatagonia.uncoma.edu.ar\/wp-content\/uploads\/2025\/12\/Revista-40-completa.pdf\" target=\"_blank\" rel=\"https:\/\/desdelapatagonia.uncoma.edu.ar\/wp-content\/uploads\/2025\/12\/Revista-40-completa.pdf noreferrer noopener\"><img loading=\"lazy\" decoding=\"async\" width=\"723\" height=\"1024\" src=\"https:\/\/desdelapatagonia.uncoma.edu.ar\/wp-content\/uploads\/2025\/12\/40-723x1024.jpg\" alt=\"\" class=\"wp-image-6135\" style=\"width:215px;height:auto\" title=\"Imagen de la tapa n\u00famero 39\" srcset=\"https:\/\/desdelapatagonia.uncoma.edu.ar\/wp-content\/uploads\/2025\/12\/40-723x1024.jpg 723w, https:\/\/desdelapatagonia.uncoma.edu.ar\/wp-content\/uploads\/2025\/12\/40-212x300.jpg 212w, https:\/\/desdelapatagonia.uncoma.edu.ar\/wp-content\/uploads\/2025\/12\/40-768x1087.jpg 768w, https:\/\/desdelapatagonia.uncoma.edu.ar\/wp-content\/uploads\/2025\/12\/40-1085x1536.jpg 1085w, https:\/\/desdelapatagonia.uncoma.edu.ar\/wp-content\/uploads\/2025\/12\/40-191x270.jpg 191w, https:\/\/desdelapatagonia.uncoma.edu.ar\/wp-content\/uploads\/2025\/12\/40.jpg 1239w\" sizes=\"(max-width: 723px) 100vw, 723px\" \/><\/a><\/figure><\/div>\n\n\n<p><a href=\"https:\/\/revele.uncoma.edu.ar\/index.php\/desdelapatagonia\/article\/view\/6847\" target=\"_blank\" rel=\"noopener\" title=\"\">LA FRAGILIDAD DE LA VERDAD<\/a><br>Ulysses P. Albuquerque<\/p>\n\n\n\n<p><a href=\"https:\/\/revele.uncoma.edu.ar\/index.php\/desdelapatagonia\/article\/view\/6848\" target=\"_blank\" rel=\"noopener\" title=\"\">MOSCAS EN LA ESCENA DEL CRIMEN<\/a><br>Ana J. Pereira<\/p>\n\n\n\n<p><a href=\"https:\/\/revele.uncoma.edu.ar\/index.php\/desdelapatagonia\/article\/view\/6849\" target=\"_blank\" rel=\"noopener\" title=\"\">EL PODER DE LAS API\u00c1CEAS<\/a><br>Santiago Reyes y Ariadna Tripaldi<\/p>\n\n\n\n<p>RESE\u00d1A DE LIBRO: <a href=\"https:\/\/revele.uncoma.edu.ar\/index.php\/desdelapatagonia\/article\/view\/6853\" target=\"_blank\" rel=\"noopener\" title=\"\">HIST\u00d3RICAMENTE. CLAVES PARA PENSAR (Y CONTAR) OTRAS VERSIONES DEL PASADO<\/a><br>Rese\u00f1a realizada por Roc\u00edo Ivanissevich<\/p>\n\n\n\n<p><a href=\"https:\/\/revele.uncoma.edu.ar\/index.php\/desdelapatagonia\/article\/view\/6850\" target=\"_blank\" rel=\"noopener\" title=\"\">MEDUSA INVASORA EN PATAGONIA<\/a><br>Sharon Allen Dohle, Mariana Reissig, Patricia E. Garc\u00eda y Mar\u00eda del Carmen Di\u00e9guez<\/p>\n\n\n\n<p>REPORTAJE: <a href=\"https:\/\/revele.uncoma.edu.ar\/index.php\/desdelapatagonia\/article\/view\/6855\" target=\"_blank\" rel=\"noopener\" title=\"\">MART\u00cdN BROGGER<\/a><br>por Gustavo Viozzi, Roc\u00edo Vega y Jorgelina Franzesse<\/p>\n\n\n\n<p>DESDE LA PATAGONIA:<a href=\"https:\/\/revele.uncoma.edu.ar\/index.php\/desdelapatagonia\/article\/view\/6858\" target=\"_blank\" rel=\"noopener\" title=\"\"> LA ODISEA DEL 2001<\/a><br>por Rodolfo D. S\u00e1nchez<\/p>\n\n\n\n<p>DESDE LA PATAGONIA: <a href=\"https:\/\/revele.uncoma.edu.ar\/index.php\/desdelapatagonia\/article\/view\/6860\" target=\"_blank\" rel=\"noopener\" title=\"\">UN PREMIO A LA CIENCIA QUE ABRAZA LOS SABERES DE LOS AGRICULTORES FAMILIARES PATAG\u00d3NICOS<\/a><br>por Ana H. Ladio<\/p>\n\n\n\n<p>DESDE LA PATAGONIA: <a href=\"https:\/\/revele.uncoma.edu.ar\/index.php\/desdelapatagonia\/article\/view\/6861\" target=\"_blank\" rel=\"noopener\" title=\"\">CIENCIA Y COMUNIDAD, LA HISTORIA DEL INIBIOMA ABIERTO<\/a><br>por R. Daniel Garcia, Valeria L. Martin-Albarracin y Mar\u00eda Eugenia Ghio<\/p>\n\n\n\n<p>DESDE LA PATAGONIA: <a href=\"https:\/\/revele.uncoma.edu.ar\/index.php\/desdelapatagonia\/article\/view\/6859\" target=\"_blank\" rel=\"noopener\" title=\"\">DIPLOMATURA EN HUMEDALES<\/a><br>por Julieta Palacios, Silvina Iribarne, Ariel Gajardo y Lucrecia Avil\u00e9s<\/p>\n\n\n\n<p>RESE\u00d1A DE LIBRO: <a href=\"https:\/\/revele.uncoma.edu.ar\/index.php\/desdelapatagonia\/article\/view\/6854\" target=\"_blank\" rel=\"noopener\" title=\"\">ESTUDIOS SOBRE SOCIEDAD, ECONOM\u00cdA Y TERRITORIO EN BARILOCHE I<\/a><br>Rese\u00f1a realizada por Juan M. Chicaval<\/p>\n\n\n\n<p><a href=\"https:\/\/revele.uncoma.edu.ar\/index.php\/desdelapatagonia\/article\/view\/6851\" target=\"_blank\" rel=\"noopener\" title=\"\">DEL ENIGMA A LA NANOESCALA<\/a><br>Diego P\u00e9rez Daroca y Pablo Roura-Bas<\/p>\n\n\n\n<p><a href=\"https:\/\/revele.uncoma.edu.ar\/index.php\/desdelapatagonia\/article\/view\/6852\" target=\"_blank\" rel=\"noopener\" title=\"\">LAS INVASORAS AL PLATO<\/a><br>Fernando N. C\u00e9spedes, Pablo A. Grimaldi, Adriana E. Rovere, Hermeson Carlos dos Santos, Let\u00edcia Elias, Ingrid da Silva Lima, Catalina Rico Lenta y Ana H. Ladio<\/p>\n\n\n\n<p>TESIS: <a href=\"https:\/\/revele.uncoma.edu.ar\/index.php\/desdelapatagonia\/article\/view\/6864\" target=\"_blank\" rel=\"noopener\" title=\"\">APRENDIZAJE Y PLASTICIDAD NEURONAL<\/a><br>por Gonzalo Carnevale<\/p>\n\n\n\n<p><a href=\"https:\/\/revele.uncoma.edu.ar\/index.php\/desdelapatagonia\/article\/view\/6863\" target=\"_blank\" rel=\"noopener\" title=\"\">EN LAS LIBRER\u00cdAS<\/a><\/p>\n\n\n\n<p>ARTE: <a href=\"https:\/\/revele.uncoma.edu.ar\/index.php\/desdelapatagonia\/article\/view\/6862\" target=\"_blank\" rel=\"noopener\" title=\"\">ANAH\u00cd RAYEN MARILUAN<\/a><\/p>\n\n\n\n<hr class=\"wp-block-separator has-alpha-channel-opacity\"\/>\n\n\n\n<p><\/p>\n\n\n\n<h4 style=\"text-align: right;\"><a href=\"https:\/\/desdelapatagonia.uncoma.edu.ar\/wp-content\/uploads\/2025\/12\/Revista-40-completa.pdf\"><span style=\"color: #3366ff;\">DESCARGAR REVISTA COMPLETA<img loading=\"lazy\" decoding=\"async\" class=\"alignnone wp-image-221 size-full\" src=\"https:\/\/desdelapatagonia.uncoma.edu.ar\/wp-content\/uploads\/2016\/06\/pdf_imagen.jpg\" alt=\"\" width=\"37\" height=\"37\"><\/span><\/a><\/h4>\n","protected":false},"excerpt":{"rendered":"<p>Contenido EDITORIAL LA FRAGILIDAD DE LA VERDADUlysses P. Albuquerque MOSCAS EN LA ESCENA DEL CRIMENAna J. Pereira EL PODER DE LAS API\u00c1CEASSantiago Reyes y Ariadna Tripaldi RESE\u00d1A DE LIBRO: HIST\u00d3RICAMENTE. CLAVES PARA PENSAR (Y CONTAR) OTRAS VERSIONES DEL PASADORese\u00f1a realizada por Roc\u00edo Ivanissevich MEDUSA INVASORA EN PATAGONIASharon Allen Dohle, Mariana Reissig, Patricia E. Garc\u00eda y Mar\u00eda del Carmen Di\u00e9guez REPORTAJE: MART\u00cdN BROGGERpor Gustavo Viozzi, Roc\u00edo Vega y Jorgelina Franzesse DESDE LA PATAGONIA: LA ODISEA DEL 2001por Rodolfo D. S\u00e1nchez DESDE&#8230;<\/p>\n<p class=\"read-more\"><a class=\"btn btn-default\" href=\"https:\/\/desdelapatagonia.uncoma.edu.ar\/index.php\/archivo\/revista-no-40\/\"> Read More<span class=\"screen-reader-text\">  Read More<\/span><\/a><\/p>\n","protected":false},"author":2,"featured_media":0,"parent":20,"menu_order":0,"comment_status":"closed","ping_status":"closed","template":"","meta":{"_monsterinsights_skip_tracking":false,"_monsterinsights_sitenote_active":false,"_monsterinsights_sitenote_note":"","_monsterinsights_sitenote_category":0,"footnotes":""},"aioseo_notices":[],"_links":{"self":[{"href":"https:\/\/desdelapatagonia.uncoma.edu.ar\/index.php\/wp-json\/wp\/v2\/pages\/6131"}],"collection":[{"href":"https:\/\/desdelapatagonia.uncoma.edu.ar\/index.php\/wp-json\/wp\/v2\/pages"}],"about":[{"href":"https:\/\/desdelapatagonia.uncoma.edu.ar\/index.php\/wp-json\/wp\/v2\/types\/page"}],"author":[{"embeddable":true,"href":"https:\/\/desdelapatagonia.uncoma.edu.ar\/index.php\/wp-json\/wp\/v2\/users\/2"}],"replies":[{"embeddable":true,"href":"https:\/\/desdelapatagonia.uncoma.edu.ar\/index.php\/wp-json\/wp\/v2\/comments?post=6131"}],"version-history":[{"count":9,"href":"https:\/\/desdelapatagonia.uncoma.edu.ar\/index.php\/wp-json\/wp\/v2\/pages\/6131\/revisions"}],"predecessor-version":[{"id":6156,"href":"https:\/\/desdelapatagonia.uncoma.edu.ar\/index.php\/wp-json\/wp\/v2\/pages\/6131\/revisions\/6156"}],"up":[{"embeddable":true,"href":"https:\/\/desdelapatagonia.uncoma.edu.ar\/index.php\/wp-json\/wp\/v2\/pages\/20"}],"wp:attachment":[{"href":"https:\/\/desdelapatagonia.uncoma.edu.ar\/index.php\/wp-json\/wp\/v2\/media?parent=6131"}],"curies":[{"name":"wp","href":"https:\/\/api.w.org\/{rel}","templated":true}]}}