{"id":5805,"date":"2024-12-05T20:56:20","date_gmt":"2024-12-05T23:56:20","guid":{"rendered":"https:\/\/desdelapatagonia.uncoma.edu.ar\/?page_id=5805"},"modified":"2025-07-14T13:28:30","modified_gmt":"2025-07-14T16:28:30","slug":"revista-no-38","status":"publish","type":"page","link":"https:\/\/desdelapatagonia.uncoma.edu.ar\/index.php\/archivo\/revista-no-38\/","title":{"rendered":"Revista N\u00ba 38"},"content":{"rendered":"\n<h1 class=\"wp-block-heading has-text-align-center\">Contenido<\/h1>\n\n\n\n<hr class=\"wp-block-separator has-css-opacity\"\/>\n\n\n\n<p><a href=\"https:\/\/desdelapatagonia.uncoma.edu.ar\/index.php\/editorial-n-38\/\" title=\"\">EDITORIAL<\/a><\/p>\n\n\n<div class=\"wp-block-image\">\n<figure class=\"alignright size-medium is-resized\"><img decoding=\"async\" src=\"https:\/\/desdelapatagonia.uncoma.edu.ar\/wp-content\/uploads\/2024\/12\/Revista-38_TAPA_1.jpg\" alt=\"\" class=\"wp-image-5791\" style=\"width:215px;height:auto\" title=\"Imagen de la tapa n\u00famero 38 con una foto de los Riscos de M\u00f3nica de Torres Curth y que est\u00e1 el enlazada al archivo pdf completo de la revista 38\"\/><\/figure><\/div>\n\n\n<p><a href=\"https:\/\/desdelapatagonia.uncoma.edu.ar\/?p=5835\" title=\"Y LOS GENES VOLVIERON A CASA\">Y LOS GENES VOLVIERON A CASA<\/a><br>Mario J. Pastorino, M. Eva Ceballos, Alejandro G. Aparicio, M. Marta Azpilicueta, Mariano A. Catal\u00e1n, Mario R. Huent\u00fa, Fabi\u00e1n N. Jaque, Adolfo Retamal y Patricio Nesci<\/p>\n\n\n\n<p><a href=\"https:\/\/desdelapatagonia.uncoma.edu.ar\/?p=5833\" title=\"\">SOBREVIVIR O MORIR DE SED<\/a><br>Andrea C. Premoli, Mariana Fasanella, Paula Mathiasen, M. Laura Suarez, Dayana G. D\u00edaz, Griselda Ignazi, Thomas Kitzberger y Cintia P. Souto<\/p>\n\n\n\n<p>RESE\u00d1A DE LIBRO: <a href=\"https:\/\/desdelapatagonia.uncoma.edu.ar\/?p=5856\" title=\"\">APRENDER A ESTUDIAR. T\u00c9CNICAS DE ESTUDIO<\/a><br>Rese\u00f1a realizada por Silvia E. Collazo<\/p>\n\n\n\n<p><a href=\"https:\/\/desdelapatagonia.uncoma.edu.ar\/?p=5834\" title=\"\">MEMORIAS AT\u00d3MICAS<\/a><br>Nicol\u00e1s Deambrosi<\/p>\n\n\n\n<p>RESE\u00d1A DE LIBRO: <a href=\"https:\/\/desdelapatagonia.uncoma.edu.ar\/?p=5857\" title=\"\">DOCUMENTOS IN\u00c9DITOS EN LENGUAS FUEGOPATAG\u00d3NICAS (1880-1950)<\/a><br>Rese\u00f1a realizada por Magal\u00ed Mayol<\/p>\n\n\n\n<p>REPORTAJE: <a href=\"https:\/\/desdelapatagonia.uncoma.edu.ar\/?p=5830\" title=\"\">GUILLERMO ABRAMSON<\/a><br>por M\u00f3nica de Torres Curth, Cecilia Four\u00e9s y Gustavo Viozzi<\/p>\n\n\n\n<p>DESDE LA PATAGONIA: <a href=\"https:\/\/desdelapatagonia.uncoma.edu.ar\/?p=5846\" title=\"\">LENTO: FESTIVAL ARTE-CIENCIA<\/a><br>Gabriela Klier, Sebastian Bustingorry y Mart\u00edn Virgili<\/p>\n\n\n\n<p>DESDE LA PATAGONIA: <a href=\"https:\/\/desdelapatagonia.uncoma.edu.ar\/?p=5847\" title=\"\">NUEVO LABORATORIO PARA LA CR\u00cdA DE ABEJAS<\/a><br>Marina Arbetman, Carolina Morales, Victoria Campopiano Robinson y Eduardo Zattara<\/p>\n\n\n\n<p>DESDE LA PATAGONIA: <a href=\"https:\/\/desdelapatagonia.uncoma.edu.ar\/?p=5849\" title=\"\">NUEVA DIPLOMATURA EN APICULTURA SUSTENTABLE Y POLINIZACI\u00d3N<\/a><br>Grecia S. de Groot, Carolina L. Morales, Silvia I. Mart\u00ednez, Marina Arbetman, Nancy Garc\u00eda, Agust\u00edn S\u00e1ez, Marcelo A. Aizen, Guillermo Huerta, Micaela Buteler<\/p>\n\n\n\n<p>ENSAYO: <a href=\"https:\/\/desdelapatagonia.uncoma.edu.ar\/index.php\/los-nuevos-libros-de-arena\/\" title=\"\">LOS NUEVOS LIBROS DE ARENA<\/a><br>Diego Rodr\u00edguez Reis<\/p>\n\n\n\n<p><a href=\"https:\/\/desdelapatagonia.uncoma.edu.ar\/?p=5832\" title=\"\">OTRA CARA DE LAS AVISPAS<\/a><br>Sabrina Moreyra y Mariana Lozada<\/p>\n\n\n\n<p>TESIS: <a href=\"https:\/\/desdelapatagonia.uncoma.edu.ar\/?p=5827\" title=\"\">INFLUENCIA DEL FUEGO SOBRE LA VIABILIDAD DE SEMILLAS EN CUATRO ESPECIES NATIVAS DE LOS BOSQUES PATAG\u00d3NICOS DE LA COMARCA ANDINA DEL PARALELO 42<\/a><br>Tesis realizada por Aldana J. Matellini<\/p>\n\n\n\n<p><a href=\"https:\/\/desdelapatagonia.uncoma.edu.ar\/?p=5869\" title=\"\">EN LAS LIBRER\u00cdAS<\/a><\/p>\n\n\n\n<p>ARTE: <a href=\"https:\/\/desdelapatagonia.uncoma.edu.ar\/?p=5872\" title=\"\">SANTIAGO AZAR<\/a><\/p>\n\n\n\n<hr class=\"wp-block-separator has-alpha-channel-opacity\"\/>\n\n\n\n<p><a href=\"https:\/\/desdelapatagonia.uncoma.edu.ar\/wp-content\/uploads\/2024\/12\/Revista-38.pdf\" target=\"_blank\" rel=\"noopener\" title=\"\">DESCARGAR REVISTA COMPLETA<\/a><\/p>\n\n\n\n<p><\/p>\n","protected":false},"excerpt":{"rendered":"<p>Contenido EDITORIAL Y LOS GENES VOLVIERON A CASAMario J. Pastorino, M. Eva Ceballos, Alejandro G. Aparicio, M. Marta Azpilicueta, Mariano A. Catal\u00e1n, Mario R. Huent\u00fa, Fabi\u00e1n N. Jaque, Adolfo Retamal y Patricio Nesci SOBREVIVIR O MORIR DE SEDAndrea C. Premoli, Mariana Fasanella, Paula Mathiasen, M. Laura Suarez, Dayana G. D\u00edaz, Griselda Ignazi, Thomas Kitzberger y Cintia P. Souto RESE\u00d1A DE LIBRO: APRENDER A ESTUDIAR. T\u00c9CNICAS DE ESTUDIORese\u00f1a realizada por Silvia E. Collazo MEMORIAS AT\u00d3MICASNicol\u00e1s Deambrosi RESE\u00d1A DE LIBRO: DOCUMENTOS IN\u00c9DITOS&#8230;<\/p>\n<p class=\"read-more\"><a class=\"btn btn-default\" href=\"https:\/\/desdelapatagonia.uncoma.edu.ar\/index.php\/archivo\/revista-no-38\/\"> Read More<span class=\"screen-reader-text\">  Read More<\/span><\/a><\/p>\n","protected":false},"author":2,"featured_media":0,"parent":20,"menu_order":38,"comment_status":"closed","ping_status":"closed","template":"","meta":{"_monsterinsights_skip_tracking":false,"_monsterinsights_sitenote_active":false,"_monsterinsights_sitenote_note":"","_monsterinsights_sitenote_category":0,"footnotes":""},"aioseo_notices":[],"_links":{"self":[{"href":"https:\/\/desdelapatagonia.uncoma.edu.ar\/index.php\/wp-json\/wp\/v2\/pages\/5805"}],"collection":[{"href":"https:\/\/desdelapatagonia.uncoma.edu.ar\/index.php\/wp-json\/wp\/v2\/pages"}],"about":[{"href":"https:\/\/desdelapatagonia.uncoma.edu.ar\/index.php\/wp-json\/wp\/v2\/types\/page"}],"author":[{"embeddable":true,"href":"https:\/\/desdelapatagonia.uncoma.edu.ar\/index.php\/wp-json\/wp\/v2\/users\/2"}],"replies":[{"embeddable":true,"href":"https:\/\/desdelapatagonia.uncoma.edu.ar\/index.php\/wp-json\/wp\/v2\/comments?post=5805"}],"version-history":[{"count":8,"href":"https:\/\/desdelapatagonia.uncoma.edu.ar\/index.php\/wp-json\/wp\/v2\/pages\/5805\/revisions"}],"predecessor-version":[{"id":5942,"href":"https:\/\/desdelapatagonia.uncoma.edu.ar\/index.php\/wp-json\/wp\/v2\/pages\/5805\/revisions\/5942"}],"up":[{"embeddable":true,"href":"https:\/\/desdelapatagonia.uncoma.edu.ar\/index.php\/wp-json\/wp\/v2\/pages\/20"}],"wp:attachment":[{"href":"https:\/\/desdelapatagonia.uncoma.edu.ar\/index.php\/wp-json\/wp\/v2\/media?parent=5805"}],"curies":[{"name":"wp","href":"https:\/\/api.w.org\/{rel}","templated":true}]}}