{"id":5443,"date":"2023-12-17T09:43:05","date_gmt":"2023-12-17T12:43:05","guid":{"rendered":"https:\/\/desdelapatagonia.uncoma.edu.ar\/?page_id=5443"},"modified":"2024-07-06T16:49:20","modified_gmt":"2024-07-06T19:49:20","slug":"revista-no-36-2","status":"publish","type":"page","link":"https:\/\/desdelapatagonia.uncoma.edu.ar\/index.php\/archivo\/revista-no-36-2\/","title":{"rendered":"Revista N\u00ba 36"},"content":{"rendered":"\n<hr class=\"wp-block-separator has-css-opacity\"\/>\n\n\n\n<h1 class=\"has-text-align-center wp-block-heading\">Contenido<\/h1>\n\n\n\n<hr class=\"wp-block-separator has-css-opacity\"\/>\n\n\n<div class=\"wp-block-image\">\n<figure class=\"alignright size-medium\"><a href=\"https:\/\/desdelapatagonia.uncoma.edu.ar\/wp-content\/uploads\/2023\/12\/Revista-No-36_Completa.pdf\"><img decoding=\"async\" src=\"https:\/\/desdelapatagonia.uncoma.edu.ar\/wp-content\/uploads\/2023\/12\/Revista-36_TAPA-212x300.jpg\" alt=\"Imagen de la tapa de la revista n\u00famero 36 Autor Francisco Rebollo Paz\" class=\"wp-image-5139\" title=\"Imagen de la tapa n\u00famero 36 con una foto de la Ant\u00e1rtida Argentina de Francisco Rebollo Paz y que est\u00e1 el enlazada al archivo pdf completo de la revista\"\/><\/a><\/figure><\/div>\n\n\n<p><a href=\"https:\/\/desdelapatagonia.uncoma.edu.ar\/?p=5506\">EDITORIAL<\/a><\/p>\n\n\n\n<p><a href=\"https:\/\/desdelapatagonia.uncoma.edu.ar\/index.php\/moquillo-en-zorro-colorado\/\">MOQUILLO EN ZORRO COLORADO<\/a><br>M. Virginia Rago, Mora Ib\u00e1\u00f1ez Molina, M. Cecilia Sagario, Luciana Piudo, Marco A. Tizzano, M. Emilia Bravi, Nadia A. Fuentealba y Javier Panei<sup> <\/sup><\/p>\n\n\n\n<p>DOSSIER: <a href=\"https:\/\/desdelapatagonia.uncoma.edu.ar\/index.php\/investigar-en-la-antartida\/\">INVESTIGAR EN LA ANT\u00c1RTIDA<\/a><br>Coordinado por Cecilia Four\u00e9s y M\u00f3nica de Torres Curth<\/p>\n\n\n\n<ul><li><a href=\"https:\/\/desdelapatagonia.uncoma.edu.ar\/index.php\/entrevista-a-walter-mac-cormack\/\">ENTREVISTA A WALTER MAC CORMACK<\/a><br>Cecilia Four\u00e9s y M\u00f3nica de Torres Curth<\/li><li><a href=\"https:\/\/desdelapatagonia.uncoma.edu.ar\/index.php\/una-mirada-a-traves-de-las-macroalgas\/\">UNA MIRADA A TRAV\u00c9S DE LAS MACROALGAS<br><\/a>Carolina V. Matula, Gabriela L. Campana, Dolores Deregibus y M. Liliana Quartino<\/li><li><a href=\"https:\/\/desdelapatagonia.uncoma.edu.ar\/index.php\/larsen-b-retrato-del-calentamiento\/\/\">LARSEN B, RETRATO DEL CALENTAMIENTO<\/a><br>Liliana S. Margonari, Sebasti\u00e1n Marinsek y Juan M. Lirio<\/li><li><a href=\"https:\/\/desdelapatagonia.uncoma.edu.ar\/index.php\/forestar-la-antartida\/\">\u00bfFORESTAR LA ANT\u00c1RTIDA?<\/a><br>Pablo Fontana y Laura P. Dopchiz<\/li><li><a href=\"https:\/\/desdelapatagonia.uncoma.edu.ar\/index.php\/entre-humanos-y-aves-2\/\" data-type=\"URL\">ENTRE HUMANOS Y AVES<br><\/a>Carla Di Fonzo y Mart\u00edn Ansaldo<\/li><\/ul>\n\n\n\n<p><a href=\"https:\/\/desdelapatagonia.uncoma.edu.ar\/index.php\/pensar-una-ensenanza-diferente\/\" data-type=\"URL\">PENSAR UNA ENSE\u00d1ANZA DIFERENTE<\/a><br>M\u00f3nica B. Quevedo y Micaela Franz\u00e9<\/p>\n\n\n\n<p>REPORTAJE A <a href=\"https:\/\/desdelapatagonia.uncoma.edu.ar\/index.php\/reportaje-a-karen-dematteo-kenya-campos-haedo-y-alex-tersoglio\/\">KAREN DEMATTEO, KENYA CAMPOS HAEDO Y ALEX TERSOGLIO<\/a><br>por Gustavo Viozzi y M\u00f3nica de Torres Curth<\/p>\n\n\n\n<p>RESE\u00d1A DE DOCUMENTAL: <a href=\"https:\/\/desdelapatagonia.uncoma.edu.ar\/index.php\/resena-de-documental-pumas-de-la-estepa\/\">PUMAS DE LA ESTEPA<\/a><br>Rese\u00f1a realizada por Valeria Ojeda<\/p>\n\n\n\n<p>DESDE LA PATAGONIA: <a href=\"https:\/\/desdelapatagonia.uncoma.edu.ar\/index.php\/museo-del-desierto-patagonico-de-anelo-un-nuevo-museo-en-el-corazon-de-vaca-muerta\/\">MUSEO DEL DESIERTO PATAG\u00d3NICO DE A\u00d1ELO: UN NUEVO MUSEO EN EL CORAZ\u00d3N DE VACA MUERTA<\/a><br>Domenica D. dos Santos y Juan Porfiri<\/p>\n\n\n\n<p>DESDE LA PATAGONIA: <a href=\"https:\/\/desdelapatagonia.uncoma.edu.ar\/index.php\/encontrarnos-para-fortalecer-nuestros-vinculos-relato-de-las-segundas-jornadas-de-interaccion-en-investigacion-y-extension\/\">ENCONTRARNOS PARA FORTALECER NUESTROS V\u00cdNCULOS<\/a><br>Juan Cabrera, M\u00f3nica Palacio y Gonzalo Contino<\/p>\n\n\n\n<p>DESDE LA PATAGONIA: <a href=\"https:\/\/desdelapatagonia.uncoma.edu.ar\/index.php\/guias-de-campo-para-reconocer-las-especies-patagonicas\/\">GU\u00cdAS DE CAMPO PARA RECONOCER LAS ESPECIES PATAG\u00d3NICAS<\/a><br>Marcela Ferreyra<\/p>\n\n\n\n<p>RESE\u00d1A DE LIBRO: <a href=\"https:\/\/desdelapatagonia.uncoma.edu.ar\/index.php\/resena-de-libro-introduccion-a-la-cristalografia-un-enfoque-didactico\/\">INTRODUCCI\u00d3N A LA CRISTALOGRAF\u00cdA, UN ENFOQUE DID\u00c1CTICO<br><\/a>Rese\u00f1a realizada por Facundo J. Castro<\/p>\n\n\n\n<p>TESIS: <a href=\"https:\/\/desdelapatagonia.uncoma.edu.ar\/index.php\/tesis-demoliendo-hospicios-la-ley-pionera-de-reforma-de-la-atencion-en-salud-mental-de-la-provincia-de-rio-negro\/\" data-type=\"post\">DEMOLIENDO HOSPICIOS. LA LEY PIONERA DE REFORMA DE LA ATENCI\u00d3N EN SALUD MENTAL DE LA PROVINCIA DE R\u00cdO NEGRO<br><\/a>Tesis realizada por Ana Mar\u00eda Quintanilla<\/p>\n\n\n\n<p><a href=\"https:\/\/desdelapatagonia.uncoma.edu.ar\/wp-content\/uploads\/2023\/12\/Revista-No-36-Librerias.pdf\">EN LAS LIBRER\u00cdAS<\/a><\/p>\n\n\n\n<p>ARTE: <a href=\"https:\/\/desdelapatagonia.uncoma.edu.ar\/wp-content\/uploads\/2023\/12\/Revista-36_Arte.pdf\">ELVIA ALBORNOZ<\/a><\/p>\n\n\n\n<hr class=\"wp-block-separator has-css-opacity\"\/>\n\n\n\n<p><a href=\"https:\/\/desdelapatagonia.uncoma.edu.ar\/wp-content\/uploads\/2023\/12\/Revista-No-36_Completa.pdf\">DESCARGAR REVISTA COMPLETA<\/a><\/p>\n","protected":false},"excerpt":{"rendered":"<p>Contenido EDITORIAL MOQUILLO EN ZORRO COLORADOM. Virginia Rago, Mora Ib\u00e1\u00f1ez Molina, M. Cecilia Sagario, Luciana Piudo, Marco A. Tizzano, M. Emilia Bravi, Nadia A. Fuentealba y Javier Panei DOSSIER: INVESTIGAR EN LA ANT\u00c1RTIDACoordinado por Cecilia Four\u00e9s y M\u00f3nica de Torres Curth ENTREVISTA A WALTER MAC CORMACKCecilia Four\u00e9s y M\u00f3nica de Torres Curth UNA MIRADA A TRAV\u00c9S DE LAS MACROALGASCarolina V. Matula, Gabriela L. Campana, Dolores Deregibus y M. Liliana Quartino LARSEN B, RETRATO DEL CALENTAMIENTOLiliana S. Margonari, Sebasti\u00e1n Marinsek y&#8230;<\/p>\n<p class=\"read-more\"><a class=\"btn btn-default\" href=\"https:\/\/desdelapatagonia.uncoma.edu.ar\/index.php\/archivo\/revista-no-36-2\/\"> Read More<span class=\"screen-reader-text\">  Read More<\/span><\/a><\/p>\n","protected":false},"author":2,"featured_media":0,"parent":20,"menu_order":36,"comment_status":"closed","ping_status":"closed","template":"","meta":{"_monsterinsights_skip_tracking":false,"_monsterinsights_sitenote_active":false,"_monsterinsights_sitenote_note":"","_monsterinsights_sitenote_category":0,"footnotes":""},"aioseo_notices":[],"_links":{"self":[{"href":"https:\/\/desdelapatagonia.uncoma.edu.ar\/index.php\/wp-json\/wp\/v2\/pages\/5443"}],"collection":[{"href":"https:\/\/desdelapatagonia.uncoma.edu.ar\/index.php\/wp-json\/wp\/v2\/pages"}],"about":[{"href":"https:\/\/desdelapatagonia.uncoma.edu.ar\/index.php\/wp-json\/wp\/v2\/types\/page"}],"author":[{"embeddable":true,"href":"https:\/\/desdelapatagonia.uncoma.edu.ar\/index.php\/wp-json\/wp\/v2\/users\/2"}],"replies":[{"embeddable":true,"href":"https:\/\/desdelapatagonia.uncoma.edu.ar\/index.php\/wp-json\/wp\/v2\/comments?post=5443"}],"version-history":[{"count":35,"href":"https:\/\/desdelapatagonia.uncoma.edu.ar\/index.php\/wp-json\/wp\/v2\/pages\/5443\/revisions"}],"predecessor-version":[{"id":5630,"href":"https:\/\/desdelapatagonia.uncoma.edu.ar\/index.php\/wp-json\/wp\/v2\/pages\/5443\/revisions\/5630"}],"up":[{"embeddable":true,"href":"https:\/\/desdelapatagonia.uncoma.edu.ar\/index.php\/wp-json\/wp\/v2\/pages\/20"}],"wp:attachment":[{"href":"https:\/\/desdelapatagonia.uncoma.edu.ar\/index.php\/wp-json\/wp\/v2\/media?parent=5443"}],"curies":[{"name":"wp","href":"https:\/\/api.w.org\/{rel}","templated":true}]}}