{"id":5220,"date":"2023-06-27T10:16:32","date_gmt":"2023-06-27T13:16:32","guid":{"rendered":"https:\/\/desdelapatagonia.uncoma.edu.ar\/?page_id=5220"},"modified":"2024-07-06T16:49:33","modified_gmt":"2024-07-06T19:49:33","slug":"revista-no-35","status":"publish","type":"page","link":"https:\/\/desdelapatagonia.uncoma.edu.ar\/index.php\/archivo\/revista-no-35\/","title":{"rendered":"Revista N\u00b0 35"},"content":{"rendered":"\n<h2 class=\"has-text-align-center wp-block-heading\">Volumen 20, N\u00ba 35 |&nbsp;Enero \u2013 Junio de 2023<\/h2>\n\n\n\n<hr class=\"wp-block-separator has-text-color has-cyan-bluish-gray-color has-alpha-channel-opacity has-cyan-bluish-gray-background-color has-background\"\/>\n\n\n\n<h1 class=\"has-text-align-center has-black-color has-text-color wp-block-heading\">Contenido<\/h1>\n\n\n\n<hr class=\"wp-block-separator has-text-color has-cyan-bluish-gray-color has-alpha-channel-opacity has-cyan-bluish-gray-background-color has-background\"\/>\n\n\n\n<figure class=\"wp-block-image alignright size-large is-resized cover-fixer\"><a href=\"https:\/\/desdelapatagonia.uncoma.edu.ar\/wp-content\/uploads\/2023\/07\/Revista-35_completa.pdf\"><img loading=\"lazy\" decoding=\"async\" src=\"https:\/\/desdelapatagonia.uncoma.edu.ar\/wp-content\/uploads\/2023\/07\/Revista-35_TAPA-01-scaled.jpg\" alt=\"\" class=\"wp-image-5222\" width=\"225\" height=\"318\"><\/figure>\n\n\n\n<p><a href=\"https:\/\/desdelapatagonia.uncoma.edu.ar\/wp-content\/uploads\/2023\/07\/Revista-35-Editorial.pdf\" data-type=\"URL\" data-id=\"https:\/\/desdelapatagonia.uncoma.edu.ar\/wp-content\/uploads\/2023\/07\/Revista-35-Editorial.pdf\">EDITORIAL<\/a><\/p>\n\n\n\n<p><a href=\"https:\/\/desdelapatagonia.uncoma.edu.ar\/index.php\/el-meteorito-caperr\/\" data-type=\"URL\" data-id=\"https:\/\/desdelapatagonia.uncoma.edu.ar\/index.php\/el-meteorito-caperr\/\">EL METEORITO C\u00c1PERR<\/a><br>Isabel Giraudo de Lucio<\/p>\n\n\n\n<p>RESE\u00d1A DE LIBRO: <a href=\"https:\/\/desdelapatagonia.uncoma.edu.ar\/index.php\/resena-de-libro-nosotras-somos-ellas\/\">NOSOTRAS SOMOS ELLAS<\/a><br>Rese\u00f1a realizada por Carolina Biscayart<\/p>\n\n\n\n<p><a href=\"https:\/\/desdelapatagonia.uncoma.edu.ar\/index.php\/reportaje-a-edmundo-larrieu\/\" data-type=\"URL\" data-id=\"https:\/\/desdelapatagonia.uncoma.edu.ar\/index.php\/reportaje-a-edmundo-larrieu\/\">REPORTAJE A EDMUNDO LARRIEU<\/a><br>Gustavo Viozzi y M\u00f3nica de Torres Curth<\/p>\n\n\n\n<p><a href=\"https:\/\/desdelapatagonia.uncoma.edu.ar\/index.php\/fiofio_silbon\/\" data-type=\"URL\" data-id=\"https:\/\/desdelapatagonia.uncoma.edu.ar\/index.php\/fiofio_silbon\/\">FIOF\u00cdO SILB\u00d3N: EMBAJADOR PATAG\u00d3NICO<\/a><br>V\u00edctor R. Cueto, Susana P. Bravo, Cristian A. Gorosito y Alan Fecchio<\/p>\n\n\n\n<p><a href=\"https:\/\/desdelapatagonia.uncoma.edu.ar\/index.php\/larvas-como-senales-del-pasado\/\" data-type=\"URL\" data-id=\"https:\/\/desdelapatagonia.uncoma.edu.ar\/index.php\/larvas-como-senales-del-pasado\/\">LARVAS COMO SE\u00d1ALES DEL PASADO<\/a><br>Natalia N. Williams<\/p>\n\n\n\n<p>DESDE LA PATAGONIA: <a href=\"https:\/\/desdelapatagonia.uncoma.edu.ar\/index.php\/hidrogeno-verde-para-nuestra-transicion\/\" data-type=\"URL\" data-id=\"https:\/\/desdelapatagonia.uncoma.edu.ar\/index.php\/hidrogeno-verde-para-nuestra-transicion\/\">HIDR\u00d3GENO VERDE PARA NUESTRA TRANSICI\u00d3N<\/a><br>Leonardo Salgado<\/p>\n\n\n\n<p>DESDE LA PATAGONIA: <a href=\"https:\/\/desdelapatagonia.uncoma.edu.ar\/index.php\/nueva-maestria-en-gestion-de-la-biodiversidad\/\" data-type=\"URL\" data-id=\"https:\/\/desdelapatagonia.uncoma.edu.ar\/index.php\/nueva-maestria-en-gestion-de-la-biodiversidad\/\">NUEVA MAESTR\u00cdA EN GESTI\u00d3N DE LA BIODIVERSIDAD<\/a><br>Roberto D. Garc\u00eda y Melisa Blackhall<\/p>\n\n\n\n<p><a href=\"https:\/\/desdelapatagonia.uncoma.edu.ar\/index.php\/un-simbolo-que-nos-representa\/\" data-type=\"URL\" data-id=\"https:\/\/desdelapatagonia.uncoma.edu.ar\/index.php\/un-simbolo-que-nos-representa\/\">UN S\u00cdMBOLO QUE NOS REPRESENTA<\/a><\/p>\n\n\n\n<p><a href=\"https:\/\/desdelapatagonia.uncoma.edu.ar\/index.php\/musgos-sus-parientes-y-asociados\/\" data-type=\"URL\" data-id=\"https:\/\/desdelapatagonia.uncoma.edu.ar\/index.php\/musgos-sus-parientes-y-asociados\/\">MUSGOS, SUS PARIENTES Y ASOCIADOS<\/a><br>Agustina C. Cottet<\/p>\n\n\n\n<p><a href=\"https:\/\/desdelapatagonia.uncoma.edu.ar\/index.php\/el-secreto-de-los-arboles\/\" data-type=\"URL\" data-id=\"https:\/\/desdelapatagonia.uncoma.edu.ar\/index.php\/el-secreto-de-los-arboles\/\">EL SECRETO DE LOS \u00c1RBOLES<\/a><br>Sof\u00eda Crescio y Astrid L. Ebrecht<\/p>\n\n\n\n<p>CIENCIA AL PASO: <a href=\"https:\/\/desdelapatagonia.uncoma.edu.ar\/index.php\/ciencia-al-paso-avatares-de-una-fecha-singular\/\" data-type=\"URL\" data-id=\"https:\/\/desdelapatagonia.uncoma.edu.ar\/index.php\/ciencia-al-paso-avatares-de-una-fecha-singular\/\">AVATARES DE UNA FECHA SINGULAR<\/a><br>Jason Garner y Jos\u00e9 Benclowicz<\/p>\n\n\n\n<p>TESIS: <a href=\"https:\/\/desdelapatagonia.uncoma.edu.ar\/index.php\/tesis-polinizacion-y-rendimiento-el-potencial-oculto-de-la-agricultura-organica\/\" data-type=\"URL\" data-id=\"https:\/\/desdelapatagonia.uncoma.edu.ar\/index.php\/tesis-polinizacion-y-rendimiento-el-potencial-oculto-de-la-agricultura-organica\/\">POLINIZACI\u00d3N Y RENDIMIENTO: EL POTENCIAL OCULTO DE LA AGRICULTURA ORG\u00c1NICA<\/a><br>Nahuel Aizen<\/p>\n\n\n\n<p><a href=\"https:\/\/desdelapatagonia.uncoma.edu.ar\/wp-content\/uploads\/2023\/07\/Revista-35_Librerias.pdf\" data-type=\"URL\" data-id=\"https:\/\/desdelapatagonia.uncoma.edu.ar\/wp-content\/uploads\/2023\/07\/Revista-35_Librerias.pdf\">EN LAS LIBRER\u00cdAS<\/a><\/p>\n\n\n\n<p>ARTE: <a href=\"https:\/\/desdelapatagonia.uncoma.edu.ar\/wp-content\/uploads\/2023\/07\/Revista-35_ARTE.pdf\" data-type=\"URL\" data-id=\"https:\/\/desdelapatagonia.uncoma.edu.ar\/wp-content\/uploads\/2023\/07\/Revista-35_ARTE.pdf\">SURANDES<\/a><\/p>\n\n\n\n<p><\/p>\n\n\n\n<p><\/p>\n\n\n\n<p><\/p>\n\r\n","protected":false},"excerpt":{"rendered":"<p>Volumen 20, N\u00ba 35 |&nbsp;Enero \u2013 Junio de 2023 Contenido EDITORIAL EL METEORITO C\u00c1PERRIsabel Giraudo de Lucio RESE\u00d1A DE LIBRO: NOSOTRAS SOMOS ELLASRese\u00f1a realizada por Carolina Biscayart REPORTAJE A EDMUNDO LARRIEUGustavo Viozzi y M\u00f3nica de Torres Curth FIOF\u00cdO SILB\u00d3N: EMBAJADOR PATAG\u00d3NICOV\u00edctor R. Cueto, Susana P. Bravo, Cristian A. Gorosito y Alan Fecchio LARVAS COMO SE\u00d1ALES DEL PASADONatalia N. Williams DESDE LA PATAGONIA: HIDR\u00d3GENO VERDE PARA NUESTRA TRANSICI\u00d3NLeonardo Salgado DESDE LA PATAGONIA: NUEVA MAESTR\u00cdA EN GESTI\u00d3N DE LA BIODIVERSIDADRoberto D. Garc\u00eda&#8230;<\/p>\n<p class=\"read-more\"><a class=\"btn btn-default\" href=\"https:\/\/desdelapatagonia.uncoma.edu.ar\/index.php\/archivo\/revista-no-35\/\"> Read More<span class=\"screen-reader-text\">  Read More<\/span><\/a><\/p>\n","protected":false},"author":1,"featured_media":0,"parent":20,"menu_order":35,"comment_status":"closed","ping_status":"closed","template":"","meta":{"_monsterinsights_skip_tracking":false,"_monsterinsights_sitenote_active":false,"_monsterinsights_sitenote_note":"","_monsterinsights_sitenote_category":0,"footnotes":""},"aioseo_notices":[],"_links":{"self":[{"href":"https:\/\/desdelapatagonia.uncoma.edu.ar\/index.php\/wp-json\/wp\/v2\/pages\/5220"}],"collection":[{"href":"https:\/\/desdelapatagonia.uncoma.edu.ar\/index.php\/wp-json\/wp\/v2\/pages"}],"about":[{"href":"https:\/\/desdelapatagonia.uncoma.edu.ar\/index.php\/wp-json\/wp\/v2\/types\/page"}],"author":[{"embeddable":true,"href":"https:\/\/desdelapatagonia.uncoma.edu.ar\/index.php\/wp-json\/wp\/v2\/users\/1"}],"replies":[{"embeddable":true,"href":"https:\/\/desdelapatagonia.uncoma.edu.ar\/index.php\/wp-json\/wp\/v2\/comments?post=5220"}],"version-history":[{"count":24,"href":"https:\/\/desdelapatagonia.uncoma.edu.ar\/index.php\/wp-json\/wp\/v2\/pages\/5220\/revisions"}],"predecessor-version":[{"id":5442,"href":"https:\/\/desdelapatagonia.uncoma.edu.ar\/index.php\/wp-json\/wp\/v2\/pages\/5220\/revisions\/5442"}],"up":[{"embeddable":true,"href":"https:\/\/desdelapatagonia.uncoma.edu.ar\/index.php\/wp-json\/wp\/v2\/pages\/20"}],"wp:attachment":[{"href":"https:\/\/desdelapatagonia.uncoma.edu.ar\/index.php\/wp-json\/wp\/v2\/media?parent=5220"}],"curies":[{"name":"wp","href":"https:\/\/api.w.org\/{rel}","templated":true}]}}