{"id":5109,"date":"2022-12-16T12:29:34","date_gmt":"2022-12-16T15:29:34","guid":{"rendered":"https:\/\/desdelapatagonia.uncoma.edu.ar\/?page_id=5109"},"modified":"2024-07-06T16:49:40","modified_gmt":"2024-07-06T19:49:40","slug":"revista-no-34","status":"publish","type":"page","link":"https:\/\/desdelapatagonia.uncoma.edu.ar\/index.php\/archivo\/revista-no-34\/","title":{"rendered":"Revista N\u00b0 34"},"content":{"rendered":"\n<h3 class=\"has-text-align-center wp-block-heading\">Volumen 19, N\u00ba 34 |&nbsp;Julio \u2013 Diciembre de 2022<\/h3>\n\n\n\n<hr class=\"wp-block-separator has-css-opacity\"\/>\n\n\n\n<h1 class=\"has-text-align-center wp-block-heading\">Contenido<\/h1>\n\n\n\n<hr class=\"wp-block-separator has-css-opacity\"\/>\n\n\n<div class=\"wp-block-image cover-fixer\">\n<figure class=\"alignright size-large is-resized\"><a href=\"https:\/\/desdelapatagonia.uncoma.edu.ar\/wp-content\/uploads\/2022\/12\/18.-Revista-No-34-REVISTA-COMPLETA-1.pdf\"><img loading=\"lazy\" decoding=\"async\" src=\"https:\/\/desdelapatagonia.uncoma.edu.ar\/wp-content\/uploads\/2022\/12\/Revista-34_Tapa-01-723x1024.jpg\" alt=\"\" class=\"wp-image-5139\" width=\"214\" height=\"303\" srcset=\"https:\/\/desdelapatagonia.uncoma.edu.ar\/wp-content\/uploads\/2022\/12\/Revista-34_Tapa-01-723x1024.jpg 723w, https:\/\/desdelapatagonia.uncoma.edu.ar\/wp-content\/uploads\/2022\/12\/Revista-34_Tapa-01-212x300.jpg 212w, https:\/\/desdelapatagonia.uncoma.edu.ar\/wp-content\/uploads\/2022\/12\/Revista-34_Tapa-01-768x1087.jpg 768w, https:\/\/desdelapatagonia.uncoma.edu.ar\/wp-content\/uploads\/2022\/12\/Revista-34_Tapa-01-1085x1536.jpg 1085w, https:\/\/desdelapatagonia.uncoma.edu.ar\/wp-content\/uploads\/2022\/12\/Revista-34_Tapa-01-1447x2048.jpg 1447w, https:\/\/desdelapatagonia.uncoma.edu.ar\/wp-content\/uploads\/2022\/12\/Revista-34_Tapa-01-191x270.jpg 191w, https:\/\/desdelapatagonia.uncoma.edu.ar\/wp-content\/uploads\/2022\/12\/Revista-34_Tapa-01-scaled.jpg 1808w\" sizes=\"(max-width: 214px) 100vw, 214px\" \/><\/a><\/figure><\/div>\n\n\n<p><a href=\"https:\/\/desdelapatagonia.uncoma.edu.ar\/index.php\/editorial-n-34\/\">EDITORIAL<\/a><\/p>\n\n\n\n<p><a href=\"https:\/\/desdelapatagonia.uncoma.edu.ar\/index.php\/sobre-ranas-y-sapos\/\">SOBRE RANAS Y SAPOS<\/a><br>Marcelo Bonino, Mariana Pueta, M. Gabriela Perotti<sup> <\/sup>y Carmen A. \u00dabeda<\/p>\n\n\n\n<p>ENSAYO: <a href=\"https:\/\/desdelapatagonia.uncoma.edu.ar\/index.php\/lo-ambiental-en-disputa\/\">LO \u201cAMBIENTAL\u201d EN DISPUTA<\/a><br>Florencia Yanniello y Gabriela Ruth Klier<\/p>\n\n\n\n<p>RESE\u00d1A DE LIBRO: <a href=\"https:\/\/desdelapatagonia.uncoma.edu.ar\/index.php\/resena-de-libro-nadar-para-arriba\/\">NADAR PARA ARRIBA<\/a><br>Rese\u00f1a realizada por Ileana Hebe Di Vruno<\/p>\n\n\n\n<p>DOSSIER: <a href=\"https:\/\/desdelapatagonia.uncoma.edu.ar\/index.php\/territorio-de-disputas\/\">TERRITORIO DE DISPUTAS<\/a><br>Coordinado por Cecilia Four\u00e9s y M\u00f3nica de Torres Curth<\/p>\n\n\n\n<ul><li><a href=\"https:\/\/desdelapatagonia.uncoma.edu.ar\/index.php\/el-lenguaje-del-lenguaje-inclusivo\/\">EL LENGUAJE DEL LENGUAJE INCLUSIVO<\/a><br>Manuel Abeledo, Viviana M. Diez y Mariana Lorenzatti<\/li><li><a href=\"https:\/\/desdelapatagonia.uncoma.edu.ar\/index.php\/estamos-todes-nines-y-lenguaje\/\">\u00bfESTAMOS TODES? NI\u00d1ES Y LENGUAJE<br><\/a>Mar\u00eda Sol Iparraguirre<\/li><li><a href=\"https:\/\/desdelapatagonia.uncoma.edu.ar\/index.php\/prohibiciones-entre-lineas-y-no-tanto\/\">PROHIBICIONES ENTRE L\u00cdNEAS Y NO TANTO<\/a><br>Andrea Pichilef<\/li><li><a href=\"https:\/\/desdelapatagonia.uncoma.edu.ar\/index.php\/lenguaje-identidad-y-censura\/\">LENGUAJE, IDENTIDAD Y CENSURA<\/a><br>Anah\u00ed Daniela Mauricio y Aylen Aureliano Soriani<\/li><li><a href=\"https:\/\/desdelapatagonia.uncoma.edu.ar\/index.php\/que-hace-el-lenguaje-inclusivo\/\" data-type=\"URL\" data-id=\"https:\/\/desdelapatagonia.uncoma.edu.ar\/index.php\/que-hace-el-lenguaje-inclusivo\/\">\u00bfQU\u00c9 HACE EL LENGUAJE INCLUSIVO?<br><\/a>Mar\u00eda Marta Quintana<\/li><\/ul>\n\n\n\n<p>DESDE LA PATAGONIA: <a href=\"https:\/\/desdelapatagonia.uncoma.edu.ar\/index.php\/un-premio-en-casa\/\">UN PREMIO EN CASA<\/a><br>Marina Arbetman y Carolina Laura Morales<\/p>\n\n\n\n<p>DESDE LA PATAGONIA: <a href=\"https:\/\/desdelapatagonia.uncoma.edu.ar\/index.php\/bajo-superficie\/\">BAJO SUPERFICIE<\/a><br>Pedro F\u00e9lix Temporetti&nbsp; y Marcelo Fabi\u00e1n Alonso<\/p>\n\n\n\n<p>REPORTAJE A <a href=\"https:\/\/desdelapatagonia.uncoma.edu.ar\/index.php\/reportaje-a-florencia-labombarda\/\">FLORENCIA LABOMBARDA<\/a><br>por Cecilia Four\u00e9s, Ana Ladio y M\u00f3nica de Torres Curth<\/p>\n\n\n\n<p>RESE\u00d1A DE LIBRO: <a href=\"https:\/\/desdelapatagonia.uncoma.edu.ar\/index.php\/resena-de-libro-chacra-51-regreso-a-la-patagonia-en-los-tiempos-del-fracking\/\">CHACRA 51. REGRESO A LA PATAGONIA EN LOS TIEMPOS DEL FRACKING<br><\/a>Rese\u00f1a realizada por Mar\u00eda Bel\u00e9n Alvaro<\/p>\n\n\n\n<p><a href=\"https:\/\/desdelapatagonia.uncoma.edu.ar\/index.php\/variantes-de-un-clasico\/\">VARIANTES DE UN CL\u00c1SICO<\/a><br>Jos\u00e9 Gim\u00e9nez<\/p>\n\n\n\n<p><a href=\"https:\/\/desdelapatagonia.uncoma.edu.ar\/index.php\/el-rauli-un-arbol-con-historia\/\" data-type=\"URL\" data-id=\"https:\/\/desdelapatagonia.uncoma.edu.ar\/index.php\/el-rauli-un-arbol-con-historia\/\">EL RAUL\u00cd, UN \u00c1RBOL CON HISTORIA<\/a><br>Andrea A. Medina, Romina Gonz\u00e1lez Musso y Sergio I. Tiranti<\/p>\n\n\n\n<p><a href=\"https:\/\/desdelapatagonia.uncoma.edu.ar\/wp-content\/uploads\/2022\/12\/16.-Revista-No-34-LIBRERIAS.pdf\">EN LAS LIBRER\u00cdAS<\/a><\/p>\n\n\n\n<p>ARTE: <a href=\"https:\/\/desdelapatagonia.uncoma.edu.ar\/wp-content\/uploads\/2022\/12\/17.-Revista-34_ARTE.pdf\">SOF\u00cdA LA PLACA QUEREJETA<\/a><\/p>\n\n\n\n<hr class=\"wp-block-separator has-css-opacity\"\/>\n\n\n\n<p><a href=\"https:\/\/desdelapatagonia.uncoma.edu.ar\/wp-content\/uploads\/2022\/12\/18.-Revista-No-34-REVISTA-COMPLETA-1.pdf\">DESCARGAR REVISTA COMPLETA<\/a><\/p>\n\r\n","protected":false},"excerpt":{"rendered":"<p>Volumen 19, N\u00ba 34 |&nbsp;Julio \u2013 Diciembre de 2022 Contenido EDITORIAL SOBRE RANAS Y SAPOSMarcelo Bonino, Mariana Pueta, M. Gabriela Perotti y Carmen A. \u00dabeda ENSAYO: LO \u201cAMBIENTAL\u201d EN DISPUTAFlorencia Yanniello y Gabriela Ruth Klier RESE\u00d1A DE LIBRO: NADAR PARA ARRIBARese\u00f1a realizada por Ileana Hebe Di Vruno DOSSIER: TERRITORIO DE DISPUTASCoordinado por Cecilia Four\u00e9s y M\u00f3nica de Torres Curth EL LENGUAJE DEL LENGUAJE INCLUSIVOManuel Abeledo, Viviana M. Diez y Mariana Lorenzatti \u00bfESTAMOS TODES? NI\u00d1ES Y LENGUAJEMar\u00eda Sol Iparraguirre PROHIBICIONES ENTRE&#8230;<\/p>\n<p class=\"read-more\"><a class=\"btn btn-default\" href=\"https:\/\/desdelapatagonia.uncoma.edu.ar\/index.php\/archivo\/revista-no-34\/\"> Read More<span class=\"screen-reader-text\">  Read More<\/span><\/a><\/p>\n","protected":false},"author":1,"featured_media":0,"parent":20,"menu_order":34,"comment_status":"closed","ping_status":"closed","template":"","meta":{"_monsterinsights_skip_tracking":false,"_monsterinsights_sitenote_active":false,"_monsterinsights_sitenote_note":"","_monsterinsights_sitenote_category":0,"footnotes":""},"aioseo_notices":[],"_links":{"self":[{"href":"https:\/\/desdelapatagonia.uncoma.edu.ar\/index.php\/wp-json\/wp\/v2\/pages\/5109"}],"collection":[{"href":"https:\/\/desdelapatagonia.uncoma.edu.ar\/index.php\/wp-json\/wp\/v2\/pages"}],"about":[{"href":"https:\/\/desdelapatagonia.uncoma.edu.ar\/index.php\/wp-json\/wp\/v2\/types\/page"}],"author":[{"embeddable":true,"href":"https:\/\/desdelapatagonia.uncoma.edu.ar\/index.php\/wp-json\/wp\/v2\/users\/1"}],"replies":[{"embeddable":true,"href":"https:\/\/desdelapatagonia.uncoma.edu.ar\/index.php\/wp-json\/wp\/v2\/comments?post=5109"}],"version-history":[{"count":3,"href":"https:\/\/desdelapatagonia.uncoma.edu.ar\/index.php\/wp-json\/wp\/v2\/pages\/5109\/revisions"}],"predecessor-version":[{"id":5206,"href":"https:\/\/desdelapatagonia.uncoma.edu.ar\/index.php\/wp-json\/wp\/v2\/pages\/5109\/revisions\/5206"}],"up":[{"embeddable":true,"href":"https:\/\/desdelapatagonia.uncoma.edu.ar\/index.php\/wp-json\/wp\/v2\/pages\/20"}],"wp:attachment":[{"href":"https:\/\/desdelapatagonia.uncoma.edu.ar\/index.php\/wp-json\/wp\/v2\/media?parent=5109"}],"curies":[{"name":"wp","href":"https:\/\/api.w.org\/{rel}","templated":true}]}}