{"id":4996,"date":"2022-07-01T00:00:00","date_gmt":"2022-07-01T03:00:00","guid":{"rendered":"https:\/\/desdelapatagonia.uncoma.edu.ar\/?page_id=4996"},"modified":"2024-07-06T16:49:49","modified_gmt":"2024-07-06T19:49:49","slug":"revista-no-33","status":"publish","type":"page","link":"https:\/\/desdelapatagonia.uncoma.edu.ar\/index.php\/archivo\/revista-no-33\/","title":{"rendered":"Revista N\u00b0 33"},"content":{"rendered":"\n<h3 class=\"has-text-align-center wp-block-heading\">Volumen 19, N\u00ba 33 |&nbsp;Enero \u2013 Junio de 2022<\/h3>\n\n\n\n<hr class=\"wp-block-separator has-css-opacity\"\/>\n\n\n\n<h1 class=\"has-text-align-center wp-block-heading\">Contenido<\/h1>\n\n\n\n<hr class=\"wp-block-separator has-css-opacity\"\/>\n\n\n<div class=\"wp-block-image cover-fixer\">\n<figure class=\"alignright is-resized\"><a href=\"https:\/\/desdelapatagonia.uncoma.edu.ar\/wp-content\/uploads\/2022\/12\/Revista-33-COMPLETA-interior.pdf\"><img loading=\"lazy\" decoding=\"async\" src=\"https:\/\/desdelapatagonia.uncoma.edu.ar\/wp-content\/uploads\/2022\/06\/Revista-33_tapa-01-01-scaled.jpg\" alt=\"\" class=\"wp-image-4343\" width=\"214\" height=\"303\"\/><\/a><\/figure><\/div>\n\n\n<p><a href=\"https:\/\/desdelapatagonia.uncoma.edu.ar\/index.php\/editorial-n-33\/\">EDITORIAL<\/a><\/p>\n\n\n\n<p><a href=\"https:\/\/desdelapatagonia.uncoma.edu.ar\/index.php\/los-naturalistas-del-siglo-xxi\/\">LOS NATURALISTAS DEL SIGLO XXI<\/a><br>Jos\u00e9 Gim\u00e9nez&nbsp; y Susana Salvi<\/p>\n\n\n\n<p>DOSSIER: <a href=\"https:\/\/desdelapatagonia.uncoma.edu.ar\/index.php\/el-ambiente-nos-educa\/\">EL AMBIENTE NOS EDUCA<\/a><br>Coordinado por Miriam E. Gobbi y Marina Arbetman<\/p>\n\n\n\n<ul><li><a href=\"https:\/\/desdelapatagonia.uncoma.edu.ar\/index.php\/el-futuro-llego-hace-rato\/\">EL FUTURO LLEG\u00d3 HACE RATO<br><\/a>Eduardo A. L\u00f3pez<\/li><li><a href=\"https:\/\/desdelapatagonia.uncoma.edu.ar\/index.php\/mirar-al-pasado-para-proyectar-el-futuro\/\">MIRAR AL PASADO PARA PROYECTAR EL FUTURO<\/a><br>Federico L. Scartascini y Federico L. R. Biesing<\/li><li><a href=\"https:\/\/desdelapatagonia.uncoma.edu.ar\/index.php\/una-ensenanza-para-el-cuidado-de-la-vida\/\">UNA ENSE\u00d1ANZA PARA EL CUIDADO DE LA VIDA<\/a><br>Laura Margutti, Valeria Koss, Mariana Lozada, Paola D\u00b4Adamo, Beatriz D\u00e1vila y Adriana Sabrido<\/li><li><a href=\"https:\/\/desdelapatagonia.uncoma.edu.ar\/index.php\/educacion-para-un-nuevo-sentido-existencial\/\">EDUCACI\u00d3N PARA UN NUEVO SENTIDO EXISTENCIAL<\/a><br>Juan Cruz Zorzoli<\/li><\/ul>\n\n\n\n<p>DESDE LA PATAGONIA: <a href=\"https:\/\/desdelapatagonia.uncoma.edu.ar\/index.php\/educacion-universitaria-en-la-patagonia-la-universidad-nacional-del-comahue-50-anos-de-historia\/\">EDUCACI\u00d3N UNIVERSITARIA EN LA PATAGONIA. LA UNIVERSIDAD NACIONAL DEL COMAHUE, 50 A\u00d1OS DE HISTORIA<\/a><br>Roc\u00edo Bel\u00e9n Mart\u00ednez y Marcos Arancibia Ag\u00fcero<\/p>\n\n\n\n<p>RESE\u00d1A DE LIBRO: <a href=\"https:\/\/desdelapatagonia.uncoma.edu.ar\/index.php\/resena-de-libro-mirar-la-tierra-desde-el-espacio-30-anos-de-la-agencia-espacial-argentina\/\">MIRAR LA TIERRA DESDE EL ESPACIO. 30 A\u00d1OS DE LA AGENCIA ESPACIAL ARGENTINA<\/a><br>Rese\u00f1a realizada por Miguel \u00c1ngel Pesado<\/p>\n\n\n\n<p>DESDE LA PATAGONIA: <a href=\"https:\/\/desdelapatagonia.uncoma.edu.ar\/index.php\/asombroso-hallazgo-de-nidos-fosilizados-del-periodo-cretacico\/\">ASOMBROSO HALLAZGO DE NIDOS FOSILIZADOS DEL PER\u00cdODO CRET\u00c1CICO<\/a><br>Juan Porfiri y Domenica dos Santos<\/p>\n\n\n\n<p>DOSSIER: <a href=\"https:\/\/desdelapatagonia.uncoma.edu.ar\/index.php\/bioenergia-y-biorremediacion\/\">BIOENERG\u00cdA Y BIORREMEDIACI\u00d3N<\/a><br>Coordinado por Hugo Luis Corso<\/p>\n\n\n\n<ul><li><a href=\"https:\/\/desdelapatagonia.uncoma.edu.ar\/index.php\/biocombustibles-el-caso-de-las-algas\/\">BIOCOMBUSTIBLES: EL CASO DE LAS ALGAS<\/a><br>Carolina Bagnato<\/li><li><a href=\"https:\/\/desdelapatagonia.uncoma.edu.ar\/index.php\/sistemas-bioelectroquimicos\/\">SISTEMAS BIOELECTROQU\u00cdMICOS<\/a><br>Mar\u00eda Bel\u00e9n Prados<\/li><li><a href=\"https:\/\/desdelapatagonia.uncoma.edu.ar\/index.php\/microalgas-y-biorremediacion\/\">MICROALGAS Y BIORREMEDIACI\u00d3N<\/a><br>Gisela Ferraro<\/li><\/ul>\n\n\n\n<p>REPORTAJE A <a href=\"https:\/\/desdelapatagonia.uncoma.edu.ar\/index.php\/reportaje-a-diana-maffia\/\">DIANA MAFF\u00cdA<\/a><br>por Cecilia Four\u00e9s, Ana Ladio y M\u00f3nica de Torres Curth<\/p>\n\n\n\n<p><a href=\"https:\/\/desdelapatagonia.uncoma.edu.ar\/index.php\/morir-en-el-camino\/\">MORIR EN EL CAMINO<\/a><br>Marina Winter y Sergio Abate<\/p>\n\n\n\n<p><a href=\"https:\/\/desdelapatagonia.uncoma.edu.ar\/wp-content\/uploads\/2022\/06\/17.-Revista-33-LIBRERIAS.pdf\">EN LAS LIBRER\u00cdAS<\/a><\/p>\n\n\n\n<p>ARTE: <a href=\"https:\/\/desdelapatagonia.uncoma.edu.ar\/wp-content\/uploads\/2022\/06\/18.-Revista-33_ARTE.pdf\">NARRADORAS<\/a><\/p>\n\n\n\n<hr class=\"wp-block-separator has-css-opacity\"\/>\n\n\n\n<p><a href=\"https:\/\/desdelapatagonia.uncoma.edu.ar\/wp-content\/uploads\/2022\/12\/Revista-33-COMPLETA-interior.pdf\">DESCARGAR REVISTA COMPLETA<\/a><\/p>\n\r\n","protected":false},"excerpt":{"rendered":"<p>Volumen 19, N\u00ba 33 |&nbsp;Enero \u2013 Junio de 2022 Contenido EDITORIAL LOS NATURALISTAS DEL SIGLO XXIJos\u00e9 Gim\u00e9nez&nbsp; y Susana Salvi DOSSIER: EL AMBIENTE NOS EDUCACoordinado por Miriam E. Gobbi y Marina Arbetman EL FUTURO LLEG\u00d3 HACE RATOEduardo A. L\u00f3pez MIRAR AL PASADO PARA PROYECTAR EL FUTUROFederico L. Scartascini y Federico L. R. Biesing UNA ENSE\u00d1ANZA PARA EL CUIDADO DE LA VIDALaura Margutti, Valeria Koss, Mariana Lozada, Paola D\u00b4Adamo, Beatriz D\u00e1vila y Adriana Sabrido EDUCACI\u00d3N PARA UN NUEVO SENTIDO EXISTENCIALJuan Cruz&#8230;<\/p>\n<p class=\"read-more\"><a class=\"btn btn-default\" href=\"https:\/\/desdelapatagonia.uncoma.edu.ar\/index.php\/archivo\/revista-no-33\/\"> Read More<span class=\"screen-reader-text\">  Read More<\/span><\/a><\/p>\n","protected":false},"author":1,"featured_media":0,"parent":20,"menu_order":33,"comment_status":"closed","ping_status":"closed","template":"","meta":{"_monsterinsights_skip_tracking":false,"_monsterinsights_sitenote_active":false,"_monsterinsights_sitenote_note":"","_monsterinsights_sitenote_category":0,"footnotes":""},"aioseo_notices":[],"_links":{"self":[{"href":"https:\/\/desdelapatagonia.uncoma.edu.ar\/index.php\/wp-json\/wp\/v2\/pages\/4996"}],"collection":[{"href":"https:\/\/desdelapatagonia.uncoma.edu.ar\/index.php\/wp-json\/wp\/v2\/pages"}],"about":[{"href":"https:\/\/desdelapatagonia.uncoma.edu.ar\/index.php\/wp-json\/wp\/v2\/types\/page"}],"author":[{"embeddable":true,"href":"https:\/\/desdelapatagonia.uncoma.edu.ar\/index.php\/wp-json\/wp\/v2\/users\/1"}],"replies":[{"embeddable":true,"href":"https:\/\/desdelapatagonia.uncoma.edu.ar\/index.php\/wp-json\/wp\/v2\/comments?post=4996"}],"version-history":[{"count":9,"href":"https:\/\/desdelapatagonia.uncoma.edu.ar\/index.php\/wp-json\/wp\/v2\/pages\/4996\/revisions"}],"predecessor-version":[{"id":5104,"href":"https:\/\/desdelapatagonia.uncoma.edu.ar\/index.php\/wp-json\/wp\/v2\/pages\/4996\/revisions\/5104"}],"up":[{"embeddable":true,"href":"https:\/\/desdelapatagonia.uncoma.edu.ar\/index.php\/wp-json\/wp\/v2\/pages\/20"}],"wp:attachment":[{"href":"https:\/\/desdelapatagonia.uncoma.edu.ar\/index.php\/wp-json\/wp\/v2\/media?parent=4996"}],"curies":[{"name":"wp","href":"https:\/\/api.w.org\/{rel}","templated":true}]}}