{"id":4897,"date":"2021-12-13T05:52:00","date_gmt":"2021-12-13T08:52:00","guid":{"rendered":"http:\/\/desdelapatagonia.uncoma.edu.ar\/?page_id=4897"},"modified":"2024-07-06T16:50:00","modified_gmt":"2024-07-06T19:50:00","slug":"revista-no-32","status":"publish","type":"page","link":"https:\/\/desdelapatagonia.uncoma.edu.ar\/index.php\/archivo\/revista-no-32\/","title":{"rendered":"Revista N\u00b0 32"},"content":{"rendered":"\n<h3 class=\"wp-block-heading\">Volumen 18, N\u00ba 32 | Julio \u2013 Diciembre de 2021<\/h3>\n\n\n\n<hr class=\"wp-block-separator\"\/>\n\n\n\n<h1 class=\"wp-block-heading\">Contenido<\/h1>\n\n\n\n<hr class=\"wp-block-separator\"\/>\n\n\n\n<div class=\"wp-block-image\"><figure class=\"alignright size-large is-resized\"><a href=\"https:\/\/desdelapatagonia.uncoma.edu.ar\/wp-content\/uploads\/2021\/12\/Revista-N%C2%BA-32-COMPLETA.pdf\"><img loading=\"lazy\" decoding=\"async\" src=\"https:\/\/desdelapatagonia.uncoma.edu.ar\/wp-content\/uploads\/2021\/12\/0.-Revista-32_Tapa-01-723x1024.jpg\" alt=\"\" class=\"wp-image-4898\" width=\"214\" height=\"303\" srcset=\"https:\/\/desdelapatagonia.uncoma.edu.ar\/wp-content\/uploads\/2021\/12\/0.-Revista-32_Tapa-01-723x1024.jpg 723w, https:\/\/desdelapatagonia.uncoma.edu.ar\/wp-content\/uploads\/2021\/12\/0.-Revista-32_Tapa-01-212x300.jpg 212w, https:\/\/desdelapatagonia.uncoma.edu.ar\/wp-content\/uploads\/2021\/12\/0.-Revista-32_Tapa-01-768x1087.jpg 768w, https:\/\/desdelapatagonia.uncoma.edu.ar\/wp-content\/uploads\/2021\/12\/0.-Revista-32_Tapa-01-1085x1536.jpg 1085w, https:\/\/desdelapatagonia.uncoma.edu.ar\/wp-content\/uploads\/2021\/12\/0.-Revista-32_Tapa-01-1447x2048.jpg 1447w, https:\/\/desdelapatagonia.uncoma.edu.ar\/wp-content\/uploads\/2021\/12\/0.-Revista-32_Tapa-01-191x270.jpg 191w, https:\/\/desdelapatagonia.uncoma.edu.ar\/wp-content\/uploads\/2021\/12\/0.-Revista-32_Tapa-01-scaled.jpg 1808w\" sizes=\"(max-width: 214px) 100vw, 214px\" \/><\/a><figcaption>Imagen de tapa: Marisa Berzano<\/figcaption><\/figure><\/div>\n\n\n\n<p class=\"entradaIndice\"><a href=\"https:\/\/desdelapatagonia.uncoma.edu.ar\/?p=4901\">EDITORIAL<\/a><\/p>\n\n\n\n<p class=\"entradaIndice\"><a href=\"https:\/\/desdelapatagonia.uncoma.edu.ar\/?p=4899\">HACIA UNA FERTILIZACI\u00d3N SUSTENTABLE<\/a>  <br>Paulina Venegas Jaque y Mar\u00eda Cecilia Mestre  <\/p>\n\n\n\n<p class=\"entradaIndice\">REPORTAJE A <a href=\"https:\/\/desdelapatagonia.uncoma.edu.ar\/?p=4906\">GLORIA EDELSTEIN<\/a>  <br>por Cecilia Four\u00e9s y M\u00f3nica de Torres Curth<\/p>\n\n\n\n<p class=\"entradaIndice\"><a href=\"https:\/\/desdelapatagonia.uncoma.edu.ar\/?p=4910\">FLORA Y CALENTAMIENTO GLOBAL<\/a> <br>Dami\u00e1n A. Fern\u00e1ndez <\/p>\n\n\n\n<p class=\"entradaIndice\">DESDE LA PATAGONIA: <a href=\"https:\/\/desdelapatagonia.uncoma.edu.ar\/?p=4918\">ENSE\u00d1AR BIOLOG\u00cdA HOY<\/a> <br>Alfonso Aguilar y Miriam E. Gobbi  <\/p>\n\n\n\n<p class=\"entradaIndice\">DESDE LA PATAGONIA: <a href=\"https:\/\/desdelapatagonia.uncoma.edu.ar\/?p=4922\">CONSTRUCCI\u00d3N DE SOBERAN\u00cdA EDUCATIVA<\/a><br>Fabi\u00e1n Viegas Barriga  <\/p>\n\n\n\n<p class=\"entradaIndice\"><a href=\"https:\/\/desdelapatagonia.uncoma.edu.ar\/?p=4926\">CET\u00c1CEOS BIOINDICADORES DE METALES PESADOS<\/a>  <br>Mar\u00eda Victoria Panebianco e Iris C\u00e1ceres-Saez  <\/p>\n\n\n\n<p class=\"entradaIndice\">RESE\u00d1A DE LIBRO: <a href=\"https:\/\/desdelapatagonia.uncoma.edu.ar\/?p=4930\">TREKKING Y ESCALADA EN EL PROFESORADO DE LA UNIVERSIDAD NACIONAL DEL COMAHUE<\/a><br>Carlos G. Carballo  <\/p>\n\n\n\n<p class=\"entradaIndice\"><a href=\"https:\/\/desdelapatagonia.uncoma.edu.ar\/?p=4934\">DINOSAURIOS CON CUELLOS ESPINOSOS<\/a><br>Guillermo Jos\u00e9 Windholz <\/p>\n\n\n\n<p class=\"entradaIndice\">RESE\u00d1A DE LIBRO: <a href=\"https:\/\/desdelapatagonia.uncoma.edu.ar\/?p=4938\">TIERRAS SECUENCIADAS. CORDILLERA PERSISTENTE<\/a><br>Mar\u00eda Fernanda Rezzano<\/p>\n\n\n\n<p class=\"entradaIndice\"><a href=\"https:\/\/desdelapatagonia.uncoma.edu.ar\/wp-content\/uploads\/2021\/12\/10.-Revista-N\u00ba-32-Librer\u00edas.pdf\">EN LAS LIBRER\u00cdAS<\/a><\/p>\n\n\n\n<p class=\"entradaIndice\">ARTE: <a href=\"https:\/\/desdelapatagonia.uncoma.edu.ar\/wp-content\/uploads\/2021\/12\/11.-Revista-32_arte.pdf\">LOS CARACOCHE<\/a><\/p>\n\n\n\n<hr class=\"wp-block-separator\"\/>\n\n\n\n<p class=\"entradaIndice\"><a href=\"https:\/\/desdelapatagonia.uncoma.edu.ar\/wp-content\/uploads\/2021\/12\/Revista-N%C2%BA-32-COMPLETA.pdf\">DESCARGAR REVISTA COMPLETA<\/a><\/p>\n\r\n","protected":false},"excerpt":{"rendered":"<p>Volumen 18, N\u00ba 32 | Julio \u2013 Diciembre de 2021 Contenido EDITORIAL HACIA UNA FERTILIZACI\u00d3N SUSTENTABLE Paulina Venegas Jaque y Mar\u00eda Cecilia Mestre REPORTAJE A GLORIA EDELSTEIN por Cecilia Four\u00e9s y M\u00f3nica de Torres Curth FLORA Y CALENTAMIENTO GLOBAL Dami\u00e1n A. Fern\u00e1ndez DESDE LA PATAGONIA: ENSE\u00d1AR BIOLOG\u00cdA HOY Alfonso Aguilar y Miriam E. Gobbi DESDE LA PATAGONIA: CONSTRUCCI\u00d3N DE SOBERAN\u00cdA EDUCATIVAFabi\u00e1n Viegas Barriga CET\u00c1CEOS BIOINDICADORES DE METALES PESADOS Mar\u00eda Victoria Panebianco e Iris C\u00e1ceres-Saez RESE\u00d1A DE LIBRO: TREKKING Y ESCALADA&#8230;<\/p>\n<p class=\"read-more\"><a class=\"btn btn-default\" href=\"https:\/\/desdelapatagonia.uncoma.edu.ar\/index.php\/archivo\/revista-no-32\/\"> Read More<span class=\"screen-reader-text\">  Read More<\/span><\/a><\/p>\n","protected":false},"author":1,"featured_media":0,"parent":20,"menu_order":32,"comment_status":"closed","ping_status":"closed","template":"","meta":{"_monsterinsights_skip_tracking":false,"_monsterinsights_sitenote_active":false,"_monsterinsights_sitenote_note":"","_monsterinsights_sitenote_category":0,"footnotes":""},"aioseo_notices":[],"_links":{"self":[{"href":"https:\/\/desdelapatagonia.uncoma.edu.ar\/index.php\/wp-json\/wp\/v2\/pages\/4897"}],"collection":[{"href":"https:\/\/desdelapatagonia.uncoma.edu.ar\/index.php\/wp-json\/wp\/v2\/pages"}],"about":[{"href":"https:\/\/desdelapatagonia.uncoma.edu.ar\/index.php\/wp-json\/wp\/v2\/types\/page"}],"author":[{"embeddable":true,"href":"https:\/\/desdelapatagonia.uncoma.edu.ar\/index.php\/wp-json\/wp\/v2\/users\/1"}],"replies":[{"embeddable":true,"href":"https:\/\/desdelapatagonia.uncoma.edu.ar\/index.php\/wp-json\/wp\/v2\/comments?post=4897"}],"version-history":[{"count":3,"href":"https:\/\/desdelapatagonia.uncoma.edu.ar\/index.php\/wp-json\/wp\/v2\/pages\/4897\/revisions"}],"predecessor-version":[{"id":4974,"href":"https:\/\/desdelapatagonia.uncoma.edu.ar\/index.php\/wp-json\/wp\/v2\/pages\/4897\/revisions\/4974"}],"up":[{"embeddable":true,"href":"https:\/\/desdelapatagonia.uncoma.edu.ar\/index.php\/wp-json\/wp\/v2\/pages\/20"}],"wp:attachment":[{"href":"https:\/\/desdelapatagonia.uncoma.edu.ar\/index.php\/wp-json\/wp\/v2\/media?parent=4897"}],"curies":[{"name":"wp","href":"https:\/\/api.w.org\/{rel}","templated":true}]}}