{"id":4771,"date":"2021-07-07T19:41:39","date_gmt":"2021-07-07T22:41:39","guid":{"rendered":"http:\/\/desdelapatagonia.uncoma.edu.ar\/?page_id=4771"},"modified":"2024-07-06T16:50:10","modified_gmt":"2024-07-06T19:50:10","slug":"revista-no-31","status":"publish","type":"page","link":"https:\/\/desdelapatagonia.uncoma.edu.ar\/index.php\/archivo\/revista-no-31\/","title":{"rendered":"Revista N\u00b0 31"},"content":{"rendered":"\n<h3 class=\"wp-block-heading\">Volumen 18, N\u00ba 31 |  Enero \u2013 Junio de 2021<\/h3>\n\n\n\n<hr class=\"wp-block-separator\"\/>\n\n\n\n<h1 class=\"wp-block-heading\">Contenido<\/h1>\n\n\n\n<hr class=\"wp-block-separator\"\/>\n\n\n\n<div class=\"wp-block-image\"><figure class=\"alignright size-large is-resized\"><a href=\"https:\/\/desdelapatagonia.uncoma.edu.ar\/wp-content\/uploads\/2021\/07\/Revista-31-COMPLETA.pdf\"><img loading=\"lazy\" decoding=\"async\" src=\"https:\/\/desdelapatagonia.uncoma.edu.ar\/wp-content\/uploads\/2021\/07\/Revista-31_tapa-01-723x1024.jpg\" alt=\"\" class=\"wp-image-4772\" width=\"212\" height=\"300\" srcset=\"https:\/\/desdelapatagonia.uncoma.edu.ar\/wp-content\/uploads\/2021\/07\/Revista-31_tapa-01-723x1024.jpg 723w, https:\/\/desdelapatagonia.uncoma.edu.ar\/wp-content\/uploads\/2021\/07\/Revista-31_tapa-01-212x300.jpg 212w, https:\/\/desdelapatagonia.uncoma.edu.ar\/wp-content\/uploads\/2021\/07\/Revista-31_tapa-01-768x1087.jpg 768w, https:\/\/desdelapatagonia.uncoma.edu.ar\/wp-content\/uploads\/2021\/07\/Revista-31_tapa-01-1085x1536.jpg 1085w, https:\/\/desdelapatagonia.uncoma.edu.ar\/wp-content\/uploads\/2021\/07\/Revista-31_tapa-01-1447x2048.jpg 1447w, https:\/\/desdelapatagonia.uncoma.edu.ar\/wp-content\/uploads\/2021\/07\/Revista-31_tapa-01-191x270.jpg 191w, https:\/\/desdelapatagonia.uncoma.edu.ar\/wp-content\/uploads\/2021\/07\/Revista-31_tapa-01-scaled.jpg 1808w\" sizes=\"(max-width: 212px) 100vw, 212px\" \/><\/a><\/figure><\/div>\n\n\n\n<p class=\"entradaIndice\"><a href=\"https:\/\/desdelapatagonia.uncoma.edu.ar\/?p=4780\">EDITORIAL<\/a><\/p>\n\n\n\n<p class=\"entradaIndice\"><a href=\"https:\/\/desdelapatagonia.uncoma.edu.ar\/?p=4805\">MISTERIOSOS \u201cRESTOS\u201d DE ANIMALES<\/a> <br>Gladys In\u00e9s Galende <\/p>\n\n\n\n<p class=\"entradaIndice\"><a href=\"https:\/\/desdelapatagonia.uncoma.edu.ar\/?p=4810\">MAM\u00cdFEROS EN TIEMPOS DE DINOSAURIOS<\/a> <br>Agust\u00edn G. Martinelli, Anal\u00eda M. Forasiepi y Guillermo W. Rougier <\/p>\n\n\n\n<p class=\"entradaIndice\">RESE\u00d1A DE LIBRO: <a href=\"https:\/\/desdelapatagonia.uncoma.edu.ar\/?p=4814\">FLORES DE ALTA MONTA\u00d1A DE LOS ANDES PATAG\u00d3NICOS<\/a> <br> por Carolina I. Calvi\u00f1o<\/p>\n\n\n\n<p class=\"entradaIndice\">REPORTAJE A <a href=\"https:\/\/desdelapatagonia.uncoma.edu.ar\/?p=4830\">LARISA BELETZKY<\/a><br>por Cecilia Four\u00e9s, M\u00f3nica de Torres Curth y Gustavo Viozzi <\/p>\n\n\n\n<p class=\"entradaIndice\">RESE\u00d1A DE LIBRO: <a href=\"https:\/\/desdelapatagonia.uncoma.edu.ar\/?p=4835\">AVALANCHAS DE NIEVE, CREENCIAS, HECHOS Y CIENCIA (Snow Avalanches. Beliefs, Facts, and Science)<\/a><br>Francisco Lovey <\/p>\n\n\n\n<p class=\"entradaIndice\"><a href=\"https:\/\/desdelapatagonia.uncoma.edu.ar\/?p=4839\">EL \u201cREINO\u201d DE LOS \u00c1RBOLES<\/a> <br>Andrea A. Medina y Diana L. Orlov <\/p>\n\n\n\n<p class=\"entradaIndice\">DESDE LA PATAGONIA: <a href=\"https:\/\/desdelapatagonia.uncoma.edu.ar\/?p=4843\">M\u00c1S VALE P\u00c1JARO EN <em>eBIRD<\/em>\u2026<\/a> <br>Karin Heinemann, Ariane Seco, Andrea Vergne y Axel de Torres Curth <\/p>\n\n\n\n<p class=\"entradaIndice\">DESDE LA PATAGONIA: <a href=\"https:\/\/desdelapatagonia.uncoma.edu.ar\/?p=4847\">PLANTAS PATAG\u00d3NICAS EN RED, UNA EXPERIENCIA VIRTUAL EN TIEMPOS DE PANDEMIA<\/a> <br>Marcos Bladauskas, Facundo Fioroni, Natalia Joelson, Cristina I. Nunes y Marina Stecconi <\/p>\n\n\n\n<p class=\"entradaIndice\">ENSAYO: <a href=\"https:\/\/desdelapatagonia.uncoma.edu.ar\/?p=4851\">MODELOS DE DESARROLLO EN DISPUTA<\/a><br>Mariano Fressoli y Anabel Mar\u00edn <\/p>\n\n\n\n<p class=\"entradaIndice\">ENSAYO: <a href=\"https:\/\/desdelapatagonia.uncoma.edu.ar\/?p=4856\">EL EFECTO PTEROD\u00c1CTILO<\/a><br>Santiago Na\u00f3n<\/p>\n\n\n\n<p class=\"entradaIndice\"><a href=\"https:\/\/desdelapatagonia.uncoma.edu.ar\/?p=4860\">UN LABORATORIO A CIELO ABIERTO<\/a><br>Giulietta Piantoni<\/p>\n\n\n\n<p class=\"entradaIndice\"><a href=\"https:\/\/desdelapatagonia.uncoma.edu.ar\/wp-content\/uploads\/2021\/07\/12.-Revista-31_Librer\u00edas.pdf\">EN LAS LIBRER\u00cdAS<\/a><\/p>\n\n\n\n<p class=\"entradaIndice\">ARTE: <a href=\"https:\/\/desdelapatagonia.uncoma.edu.ar\/wp-content\/uploads\/2021\/07\/13.-Revista-31_arte.pdf\">ANA PAULA LUBERTI<\/a><\/p>\n\n\n\n<hr class=\"wp-block-separator\"\/>\n\n\n\n<p class=\"entradaIndice\"><a href=\"https:\/\/desdelapatagonia.uncoma.edu.ar\/wp-content\/uploads\/2021\/07\/Revista-31-COMPLETA.pdf\">DESCARGAR REVISTA COMPLETA<\/a><\/p>\n\r\n","protected":false},"excerpt":{"rendered":"<p>Volumen 18, N\u00ba 31 | Enero \u2013 Junio de 2021 Contenido EDITORIAL MISTERIOSOS \u201cRESTOS\u201d DE ANIMALES Gladys In\u00e9s Galende MAM\u00cdFEROS EN TIEMPOS DE DINOSAURIOS Agust\u00edn G. Martinelli, Anal\u00eda M. Forasiepi y Guillermo W. Rougier RESE\u00d1A DE LIBRO: FLORES DE ALTA MONTA\u00d1A DE LOS ANDES PATAG\u00d3NICOS por Carolina I. Calvi\u00f1o REPORTAJE A LARISA BELETZKYpor Cecilia Four\u00e9s, M\u00f3nica de Torres Curth y Gustavo Viozzi RESE\u00d1A DE LIBRO: AVALANCHAS DE NIEVE, CREENCIAS, HECHOS Y CIENCIA (Snow Avalanches. Beliefs, Facts, and Science)Francisco Lovey EL&#8230;<\/p>\n<p class=\"read-more\"><a class=\"btn btn-default\" href=\"https:\/\/desdelapatagonia.uncoma.edu.ar\/index.php\/archivo\/revista-no-31\/\"> Read More<span class=\"screen-reader-text\">  Read More<\/span><\/a><\/p>\n","protected":false},"author":1,"featured_media":0,"parent":20,"menu_order":31,"comment_status":"closed","ping_status":"closed","template":"","meta":{"_monsterinsights_skip_tracking":false,"_monsterinsights_sitenote_active":false,"_monsterinsights_sitenote_note":"","_monsterinsights_sitenote_category":0,"footnotes":""},"aioseo_notices":[],"_links":{"self":[{"href":"https:\/\/desdelapatagonia.uncoma.edu.ar\/index.php\/wp-json\/wp\/v2\/pages\/4771"}],"collection":[{"href":"https:\/\/desdelapatagonia.uncoma.edu.ar\/index.php\/wp-json\/wp\/v2\/pages"}],"about":[{"href":"https:\/\/desdelapatagonia.uncoma.edu.ar\/index.php\/wp-json\/wp\/v2\/types\/page"}],"author":[{"embeddable":true,"href":"https:\/\/desdelapatagonia.uncoma.edu.ar\/index.php\/wp-json\/wp\/v2\/users\/1"}],"replies":[{"embeddable":true,"href":"https:\/\/desdelapatagonia.uncoma.edu.ar\/index.php\/wp-json\/wp\/v2\/comments?post=4771"}],"version-history":[{"count":10,"href":"https:\/\/desdelapatagonia.uncoma.edu.ar\/index.php\/wp-json\/wp\/v2\/pages\/4771\/revisions"}],"predecessor-version":[{"id":4894,"href":"https:\/\/desdelapatagonia.uncoma.edu.ar\/index.php\/wp-json\/wp\/v2\/pages\/4771\/revisions\/4894"}],"up":[{"embeddable":true,"href":"https:\/\/desdelapatagonia.uncoma.edu.ar\/index.php\/wp-json\/wp\/v2\/pages\/20"}],"wp:attachment":[{"href":"https:\/\/desdelapatagonia.uncoma.edu.ar\/index.php\/wp-json\/wp\/v2\/media?parent=4771"}],"curies":[{"name":"wp","href":"https:\/\/api.w.org\/{rel}","templated":true}]}}