{"id":4647,"date":"2020-12-17T15:00:00","date_gmt":"2020-12-17T18:00:00","guid":{"rendered":"http:\/\/desdelapatagonia.uncoma.edu.ar\/?page_id=4647"},"modified":"2020-12-24T18:56:05","modified_gmt":"2020-12-24T21:56:05","slug":"revista-no-30","status":"publish","type":"page","link":"https:\/\/desdelapatagonia.uncoma.edu.ar\/index.php\/archivo\/revista-no-30\/","title":{"rendered":"Revista N\u00b0 30"},"content":{"rendered":"<h3 style=\"text-align: center;\">Volumen 17, N\u00ba 30 | Julio &#8211; Diciembre de 2020<\/h3>\n<hr \/>\n<h1 style=\"text-align: center;\">Contenido<\/h1>\n<hr \/>\n<p><a href=\"https:\/\/desdelapatagonia.uncoma.edu.ar\/wp-content\/uploads\/2020\/12\/Revista-30_completa.pdf\"><img loading=\"lazy\" decoding=\"async\" class=\"wp-image-4683 size-medium alignright\" src=\"https:\/\/desdelapatagonia.uncoma.edu.ar\/wp-content\/uploads\/2020\/12\/0.-Revista-30_Tapa-01-212x300.jpg\" alt=\"\" width=\"212\" height=\"300\" srcset=\"https:\/\/desdelapatagonia.uncoma.edu.ar\/wp-content\/uploads\/2020\/12\/0.-Revista-30_Tapa-01-212x300.jpg 212w, https:\/\/desdelapatagonia.uncoma.edu.ar\/wp-content\/uploads\/2020\/12\/0.-Revista-30_Tapa-01-723x1024.jpg 723w, https:\/\/desdelapatagonia.uncoma.edu.ar\/wp-content\/uploads\/2020\/12\/0.-Revista-30_Tapa-01-768x1087.jpg 768w, https:\/\/desdelapatagonia.uncoma.edu.ar\/wp-content\/uploads\/2020\/12\/0.-Revista-30_Tapa-01-1085x1536.jpg 1085w, https:\/\/desdelapatagonia.uncoma.edu.ar\/wp-content\/uploads\/2020\/12\/0.-Revista-30_Tapa-01-1447x2048.jpg 1447w, https:\/\/desdelapatagonia.uncoma.edu.ar\/wp-content\/uploads\/2020\/12\/0.-Revista-30_Tapa-01-191x270.jpg 191w, https:\/\/desdelapatagonia.uncoma.edu.ar\/wp-content\/uploads\/2020\/12\/0.-Revista-30_Tapa-01-scaled.jpg 1808w\" sizes=\"(max-width: 212px) 100vw, 212px\" \/><\/a><\/p>\n<p><a href=\"https:\/\/desdelapatagonia.uncoma.edu.ar\/index.php\/editorial-n-30\"><span style=\"color: #3366ff;\">EDITORIAL<\/span><\/a><\/p>\n<p style=\"text-align: left;\"><a href=\"https:\/\/desdelapatagonia.uncoma.edu.ar\/index.php\/un-vomito-revelador\/\"><span style=\"color: #3366ff;\">UN &#8220;V\u00d3MITO&#8221; REVELADOR<\/span><\/a><br \/>\n<span style=\"font-weight: 400;\">Paula Muzzopappa<\/span><span style=\"font-weight: 400;\">, <\/span><span style=\"font-weight: 400;\">Juan Pablo Garderes<\/span><span style=\"font-weight: 400;\">, Agust\u00edn G. Martinelli <\/span><span style=\"font-weight: 400;\">y Guillermo W. Rougier<\/span><\/p>\n<p>RESE\u00d1A DE LIBRO: <a href=\"https:\/\/desdelapatagonia.uncoma.edu.ar\/index.php\/genero-sexualidades-y-mercados-sexuales-en-sitios-extractivos-de-america-latina\/\"><span style=\"color: #3366ff;\"><span style=\"font-weight: 400;\">G\u00c9NERO, SEXUALIDADES Y MERCADOS SEXUALES EN SITIOS EXTRACTIVOS DE AM\u00c9RICA LATINA<\/span><\/span><\/a><br \/>\npor Mar\u00eda Marta Quintana<\/p>\n<p><a href=\"https:\/\/desdelapatagonia.uncoma.edu.ar\/index.php\/7-000-anos-de-historia-en-el-fin-del-mundo\/\"><span style=\"color: #3366ff;\">7.000 A\u00d1OS DE HISTORIA EN EL FIN DEL MUNDO<\/span><\/a><br \/>\nJosefina M.B. Motti, Pierre Luis, M\u00f3nica Salemme, Fernando Santiago y Rodrigo Nores<\/p>\n<p>RESE\u00d1A DE LIBRO: <a href=\"https:\/\/desdelapatagonia.uncoma.edu.ar\/index.php\/pensar-con-otros-una-guia-de-supervivencia-en-tiempos-de-posverdad\/\"><span style=\"color: #3366ff;\"><span style=\"font-weight: 400;\">PENSAR CON OTROS. UNA GU\u00cdA DE SUPERVIVENCIA EN TIEMPOS DE POSVERDAD<\/span><\/span><\/a><br \/>\nVer\u00f3nica Garea<\/p>\n<p>DESDE LA PATAGONIA: <a href=\"https:\/\/desdelapatagonia.uncoma.edu.ar\/index.php\/el-gran-eclipse-patagonico\/\"><span style=\"color: #3366ff;\">EL GRAN ECLIPSE PATAG\u00d3NICO<\/span><\/a><br \/>\nGuillermo Abramson<\/p>\n<p>DESDE LA PATAGONIA: <a href=\"https:\/\/desdelapatagonia.uncoma.edu.ar\/index.php\/cronicas-del-paso-por-la-virtualidad\/\"><span style=\"color: #3366ff;\"><span style=\"font-weight: 400;\">CR\u00d3NICAS DEL PASO POR LA VIRTUALIDAD<\/span><\/span><\/a><br \/>\nMarcelo Alonso, Carolina Biscayart, Alfonso Aguilar, M\u00f3nica Palacio,<br \/>\nM\u00f3nica Gonz\u00e1lez, Santiago Carballo y Fabi\u00e1n Viegas Barriga<\/p>\n<p style=\"text-align: left;\">ENSAYO: <a href=\"https:\/\/desdelapatagonia.uncoma.edu.ar\/index.php\/caminos-para-mejorar-el-mundo\/\"><span style=\"color: #3366ff;\"><span style=\"font-weight: 400;\">CAMINOS PARA MEJORAR EL MUNDO<\/span><\/span><\/a><br \/>\nTelma Barreiro<\/p>\n<p style=\"text-align: left;\"><a href=\"https:\/\/desdelapatagonia.uncoma.edu.ar\/index.php\/los-pinos-y-sus-efectos-invisibles\/\"><span style=\"color: #3366ff;\"><span style=\"font-weight: 400;\">LOS PINOS Y SUS EFECTOS INVISIBLES<\/span><\/span><\/a><br \/>\nFacundo Fioroni, Mat\u00edas Soto Mancilla, Natalia V. Fern\u00e1ndez y<br \/>\nAyelen I. Carron<\/p>\n<p>REPORTAJE A <a href=\"https:\/\/desdelapatagonia.uncoma.edu.ar\/index.php\/reportaje-a-guadalupe-nogues\/\"><span style=\"color: #3366ff;\"><span style=\"font-weight: 400;\">GUADALUPE NOGU\u00c9S<\/span><\/span><\/a><\/p>\n<p><a href=\"https:\/\/desdelapatagonia.uncoma.edu.ar\/index.php\/una-gema-que-cayo-del-cielo\/\"><span style=\"color: #3366ff;\">UNA GEMA QUE CAY\u00d3 DEL CIELO<\/span><\/a><br \/>\nIsabel Giraudo de Lucio<\/p>\n<p><a href=\"https:\/\/desdelapatagonia.uncoma.edu.ar\/index.php\/invasion-en-el-parque-nacional-los-glaciares\/\"><span style=\"color: #3366ff;\"><span style=\"font-weight: 400;\">INVASI\u00d3N EN EL PARQUE NACIONAL LOS GLACIARES<\/span><\/span><\/a><br \/>\nBel\u00e9n Montes, Silvina Sturzenbaum, Victoria Barroso y<br \/>\nDaniel Testoni<\/p>\n<p><a href=\"https:\/\/desdelapatagonia.uncoma.edu.ar\/index.php\/los-candidatos-ajo-y-cebolla\"><span style=\"color: #3366ff;\"><span style=\"font-weight: 400;\">LOS CANDIDATOS: AJO Y CEBOLLA<\/span><\/span><\/a><br \/>\nBetina Cardoso<\/p>\n<p><a href=\"https:\/\/desdelapatagonia.uncoma.edu.ar\/wp-content\/uploads\/2020\/12\/Revista_30_LIBRERIAS.pdf\"><span style=\"color: #3366ff;\">EN LAS LIBRER\u00cdAS<\/span><\/a><\/p>\n<p>ARTE: <a href=\"https:\/\/desdelapatagonia.uncoma.edu.ar\/wp-content\/uploads\/2020\/12\/Revista-30_Arte_Candia.pdf\"><span style=\"color: #3366ff;\">CHELO CANDIA<\/span><\/a><\/p>\n<hr \/>\n<p><a href=\"https:\/\/desdelapatagonia.uncoma.edu.ar\/wp-content\/uploads\/2020\/12\/Revista-30_completa.pdf\"><span style=\"color: #3366ff;\">DESCARGAR REVISTA <\/span><span style=\"color: #3366ff;\">COMPLETA<\/span><\/a><\/p>\n","protected":false},"excerpt":{"rendered":"<p>Volumen 17, N\u00ba 30 | Julio &#8211; Diciembre de 2020 Contenido EDITORIAL UN &#8220;V\u00d3MITO&#8221; REVELADOR Paula Muzzopappa, Juan Pablo Garderes, Agust\u00edn G. Martinelli y Guillermo W. Rougier RESE\u00d1A DE LIBRO: G\u00c9NERO, SEXUALIDADES Y MERCADOS SEXUALES EN SITIOS EXTRACTIVOS DE AM\u00c9RICA LATINA por Mar\u00eda Marta Quintana 7.000 A\u00d1OS DE HISTORIA EN EL FIN DEL MUNDO Josefina M.B. Motti, Pierre Luis, M\u00f3nica Salemme, Fernando Santiago y Rodrigo Nores RESE\u00d1A DE LIBRO: PENSAR CON OTROS. UNA GU\u00cdA DE SUPERVIVENCIA EN TIEMPOS DE POSVERDAD&#8230;<\/p>\n<p class=\"read-more\"><a class=\"btn btn-default\" href=\"https:\/\/desdelapatagonia.uncoma.edu.ar\/index.php\/archivo\/revista-no-30\/\"> Read More<span class=\"screen-reader-text\">  Read More<\/span><\/a><\/p>\n","protected":false},"author":1,"featured_media":0,"parent":20,"menu_order":30,"comment_status":"closed","ping_status":"closed","template":"","meta":{"_monsterinsights_skip_tracking":false,"_monsterinsights_sitenote_active":false,"_monsterinsights_sitenote_note":"","_monsterinsights_sitenote_category":0,"footnotes":""},"aioseo_notices":[],"_links":{"self":[{"href":"https:\/\/desdelapatagonia.uncoma.edu.ar\/index.php\/wp-json\/wp\/v2\/pages\/4647"}],"collection":[{"href":"https:\/\/desdelapatagonia.uncoma.edu.ar\/index.php\/wp-json\/wp\/v2\/pages"}],"about":[{"href":"https:\/\/desdelapatagonia.uncoma.edu.ar\/index.php\/wp-json\/wp\/v2\/types\/page"}],"author":[{"embeddable":true,"href":"https:\/\/desdelapatagonia.uncoma.edu.ar\/index.php\/wp-json\/wp\/v2\/users\/1"}],"replies":[{"embeddable":true,"href":"https:\/\/desdelapatagonia.uncoma.edu.ar\/index.php\/wp-json\/wp\/v2\/comments?post=4647"}],"version-history":[{"count":6,"href":"https:\/\/desdelapatagonia.uncoma.edu.ar\/index.php\/wp-json\/wp\/v2\/pages\/4647\/revisions"}],"predecessor-version":[{"id":4762,"href":"https:\/\/desdelapatagonia.uncoma.edu.ar\/index.php\/wp-json\/wp\/v2\/pages\/4647\/revisions\/4762"}],"up":[{"embeddable":true,"href":"https:\/\/desdelapatagonia.uncoma.edu.ar\/index.php\/wp-json\/wp\/v2\/pages\/20"}],"wp:attachment":[{"href":"https:\/\/desdelapatagonia.uncoma.edu.ar\/index.php\/wp-json\/wp\/v2\/media?parent=4647"}],"curies":[{"name":"wp","href":"https:\/\/api.w.org\/{rel}","templated":true}]}}