{"id":4510,"date":"2020-07-01T21:00:00","date_gmt":"2020-07-02T00:00:00","guid":{"rendered":"http:\/\/desdelapatagonia.uncoma.edu.ar\/?page_id=4510"},"modified":"2020-07-10T17:03:24","modified_gmt":"2020-07-10T20:03:24","slug":"revista-no-29","status":"publish","type":"page","link":"https:\/\/desdelapatagonia.uncoma.edu.ar\/index.php\/archivo\/revista-no-29\/","title":{"rendered":"Revista N\u00b0 29"},"content":{"rendered":"<h3 style=\"text-align: center;\">Volumen 17, N\u00ba 29 | Enero &#8211; Junio de 2020<\/h3>\n<hr \/>\n<h1 style=\"text-align: center;\">Contenido<\/h1>\n<hr \/>\n<p><a href=\"https:\/\/desdelapatagonia.uncoma.edu.ar\/wp-content\/uploads\/2020\/07\/Revista-29-COMPLETA-1.pdf\"><img loading=\"lazy\" decoding=\"async\" class=\"wp-image-4527 size-medium alignright\" src=\"https:\/\/desdelapatagonia.uncoma.edu.ar\/wp-content\/uploads\/2020\/07\/Tapa-N\u00ba-29_TAPA-01-212x300.jpg\" alt=\"\" width=\"212\" height=\"300\" srcset=\"https:\/\/desdelapatagonia.uncoma.edu.ar\/wp-content\/uploads\/2020\/07\/Tapa-N\u00ba-29_TAPA-01-212x300.jpg 212w, https:\/\/desdelapatagonia.uncoma.edu.ar\/wp-content\/uploads\/2020\/07\/Tapa-N\u00ba-29_TAPA-01-725x1024.jpg 725w, https:\/\/desdelapatagonia.uncoma.edu.ar\/wp-content\/uploads\/2020\/07\/Tapa-N\u00ba-29_TAPA-01-768x1085.jpg 768w, https:\/\/desdelapatagonia.uncoma.edu.ar\/wp-content\/uploads\/2020\/07\/Tapa-N\u00ba-29_TAPA-01-1088x1536.jpg 1088w, https:\/\/desdelapatagonia.uncoma.edu.ar\/wp-content\/uploads\/2020\/07\/Tapa-N\u00ba-29_TAPA-01-191x270.jpg 191w, https:\/\/desdelapatagonia.uncoma.edu.ar\/wp-content\/uploads\/2020\/07\/Tapa-N\u00ba-29_TAPA-01.jpg 1242w\" sizes=\"(max-width: 212px) 100vw, 212px\" \/><\/a><\/p>\n<p><a href=\"https:\/\/desdelapatagonia.uncoma.edu.ar\/index.php\/editorial-n-29\/\"><span style=\"color: #3366ff;\">EDITORIAL<\/span><\/a><\/p>\n<p style=\"text-align: left;\"><a href=\"https:\/\/desdelapatagonia.uncoma.edu.ar\/index.php\/yuyos-que-matan\/\"><span style=\"color: #3366ff;\">YUYOS QUE MATAN<\/span><\/a><br \/>Agust\u00edn Mart\u00ednez, Natalia Z. Joelson, Luciana Bain y Carlos A. Robles<\/p>\n<p><a href=\"https:\/\/desdelapatagonia.uncoma.edu.ar\/index.php\/disenados-para-matar\/\"><span style=\"color: #3366ff;\">DISE\u00d1ADOS PARA MATAR<\/span><\/a><br \/>Jorge Gustavo Meso<\/p>\n<p><a href=\"https:\/\/desdelapatagonia.uncoma.edu.ar\/index.php\/un-registro-femenino-en-tierra-de-hombres\/\"><span style=\"color: #3366ff;\">UN REGISTRO FEMENINO EN TIERRA DE HOMBRES<\/span><\/a><br \/>Marisa Malvestitti y Mar\u00eda Andrea Nicoletti<\/p>\n<p><a href=\"https:\/\/desdelapatagonia.uncoma.edu.ar\/index.php\/saberes-corporales-en-juego\/\"><span style=\"color: #3366ff;\">SABERES CORPORALES EN JUEGO<\/span><\/a><br \/>Fabi\u00e1n Martins<\/p>\n<p><a href=\"https:\/\/desdelapatagonia.uncoma.edu.ar\/index.php\/desafios-de-una-enfermedad-emergente\/\"><span style=\"color: #3366ff;\">DESAF\u00cdOS DE UNA ENFERMEDAD EMERGENTE<\/span><\/a><br \/>Mar\u00eda Ester L\u00e1zaro<\/p>\n<p>DESDE LA PATAGONIA: <a href=\"https:\/\/desdelapatagonia.uncoma.edu.ar\/index.php\/que-hacen-en-un-contexto-de-pandemia-aquellos-a-quienes-formamos\/\"><span style=\"color: #3366ff;\">\u00bfQU\u00c9 HACEN EN UN CONTEXTO DE PANDEMIA AQUELLOS A QUIENES FORMAMOS?<\/span><\/a><br \/>Miriam E. Gobbi y Carolina Suarez<\/p>\n<p><a href=\"https:\/\/desdelapatagonia.uncoma.edu.ar\/index.php\/un-gigante-bajo-la-lupa-botanica\/\"><span style=\"color: #3366ff;\">UN GIGANTE BAJO LA LUPA BOT\u00c1NICA<\/span><\/a><br \/>Andrea Alejandra Medina<\/p>\n<p style=\"text-align: left;\">RESE\u00d1A DE LIBRO: <a href=\"https:\/\/desdelapatagonia.uncoma.edu.ar\/index.php\/la-pasion-de-descartes\/\"><span style=\"color: #3366ff;\">LA PASI\u00d3N DE DESCARTES<\/span><\/a><br \/>Viviana Diez<\/p>\n<p style=\"text-align: left;\">REPORTAJE A <a href=\"https:\/\/desdelapatagonia.uncoma.edu.ar\/index.php\/reportaje-a-mariana-maggio\/\"><span style=\"color: #3366ff;\">MARIANA MAGGIO<\/span><\/a><br \/>por <span style=\"font-weight: 400;\">Cecilia Four\u00e9s, M\u00f3nica de Torres Curth y Gustavo Viozzi<\/span><\/p>\n<p>RESE\u00d1A DE LIBRO: <a href=\"https:\/\/desdelapatagonia.uncoma.edu.ar\/index.php\/el-diablo-de-maxwell\/\"><span style=\"color: #3366ff;\">EL DIABLO DE MAXWELL<\/span><\/a><br \/>Mario A. J. Mariscotti<\/p>\n<p>CIENCIA AL PASO: <a href=\"https:\/\/desdelapatagonia.uncoma.edu.ar\/index.php\/pone-el-agua-para-los-fideos\/\"><span style=\"color: #3366ff;\">PON\u00c9 EL AGUA PARA LOS FIDEOS<\/span><\/a><br \/>Hugo Corso<\/p>\n<p><a href=\"https:\/\/desdelapatagonia.uncoma.edu.ar\/wp-content\/uploads\/2020\/07\/12.-Revista-29_Librer\u00edas.pdf\"><span style=\"color: #3366ff;\">EN LAS LIBRER\u00cdAS<\/span><\/a><\/p>\n<p>ARTE: <a href=\"https:\/\/desdelapatagonia.uncoma.edu.ar\/wp-content\/uploads\/2020\/07\/13.-Revista-29_ARTE.pdf\"><span style=\"color: #3366ff;\">EDUARDO ANDALUZ<\/span><\/a><\/p>\n<hr \/>\n<p><a href=\"https:\/\/desdelapatagonia.uncoma.edu.ar\/wp-content\/uploads\/2020\/07\/Revista-29-COMPLETA-1.pdf\"><span style=\"color: #3366ff;\">DESCARGAR REVISTA <\/span><span style=\"color: #3366ff;\">COMPLETA<\/span><\/a><\/p>\n\n\n<p><\/p>\n\r\n","protected":false},"excerpt":{"rendered":"<p>Volumen 17, N\u00ba 29 | Enero &#8211; Junio de 2020 Contenido EDITORIAL YUYOS QUE MATANAgust\u00edn Mart\u00ednez, Natalia Z. Joelson, Luciana Bain y Carlos A. Robles DISE\u00d1ADOS PARA MATARJorge Gustavo Meso UN REGISTRO FEMENINO EN TIERRA DE HOMBRESMarisa Malvestitti y Mar\u00eda Andrea Nicoletti SABERES CORPORALES EN JUEGOFabi\u00e1n Martins DESAF\u00cdOS DE UNA ENFERMEDAD EMERGENTEMar\u00eda Ester L\u00e1zaro DESDE LA PATAGONIA: \u00bfQU\u00c9 HACEN EN UN CONTEXTO DE PANDEMIA AQUELLOS A QUIENES FORMAMOS?Miriam E. Gobbi y Carolina Suarez UN GIGANTE BAJO LA LUPA BOT\u00c1NICAAndrea Alejandra&#8230;<\/p>\n<p class=\"read-more\"><a class=\"btn btn-default\" href=\"https:\/\/desdelapatagonia.uncoma.edu.ar\/index.php\/archivo\/revista-no-29\/\"> Read More<span class=\"screen-reader-text\">  Read More<\/span><\/a><\/p>\n","protected":false},"author":1,"featured_media":0,"parent":20,"menu_order":29,"comment_status":"closed","ping_status":"closed","template":"","meta":{"_monsterinsights_skip_tracking":false,"_monsterinsights_sitenote_active":false,"_monsterinsights_sitenote_note":"","_monsterinsights_sitenote_category":0,"footnotes":""},"aioseo_notices":[],"_links":{"self":[{"href":"https:\/\/desdelapatagonia.uncoma.edu.ar\/index.php\/wp-json\/wp\/v2\/pages\/4510"}],"collection":[{"href":"https:\/\/desdelapatagonia.uncoma.edu.ar\/index.php\/wp-json\/wp\/v2\/pages"}],"about":[{"href":"https:\/\/desdelapatagonia.uncoma.edu.ar\/index.php\/wp-json\/wp\/v2\/types\/page"}],"author":[{"embeddable":true,"href":"https:\/\/desdelapatagonia.uncoma.edu.ar\/index.php\/wp-json\/wp\/v2\/users\/1"}],"replies":[{"embeddable":true,"href":"https:\/\/desdelapatagonia.uncoma.edu.ar\/index.php\/wp-json\/wp\/v2\/comments?post=4510"}],"version-history":[{"count":9,"href":"https:\/\/desdelapatagonia.uncoma.edu.ar\/index.php\/wp-json\/wp\/v2\/pages\/4510\/revisions"}],"predecessor-version":[{"id":4648,"href":"https:\/\/desdelapatagonia.uncoma.edu.ar\/index.php\/wp-json\/wp\/v2\/pages\/4510\/revisions\/4648"}],"up":[{"embeddable":true,"href":"https:\/\/desdelapatagonia.uncoma.edu.ar\/index.php\/wp-json\/wp\/v2\/pages\/20"}],"wp:attachment":[{"href":"https:\/\/desdelapatagonia.uncoma.edu.ar\/index.php\/wp-json\/wp\/v2\/media?parent=4510"}],"curies":[{"name":"wp","href":"https:\/\/api.w.org\/{rel}","templated":true}]}}