{"id":439,"date":"2016-06-30T14:48:16","date_gmt":"2016-06-30T14:48:16","guid":{"rendered":"http:\/\/170.210.81.130\/desde\/?page_id=439"},"modified":"2019-11-21T08:46:31","modified_gmt":"2019-11-21T11:46:31","slug":"revista-no-21","status":"publish","type":"page","link":"https:\/\/desdelapatagonia.uncoma.edu.ar\/index.php\/archivo\/revista-no-21\/","title":{"rendered":"Revista N\u00ba 21"},"content":{"rendered":"<h3 style=\"text-align: center;\">Volumen 12, N\u00ba 21 | Enero &#8211; Junio de&nbsp;2016<\/h3>\n<hr>\n<h1 style=\"text-align: center;\">Contenido<\/h1>\n<hr>\n<p style=\"text-align: left;\"><a href=\"https:\/\/desdelapatagonia.uncoma.edu.ar\/wp-content\/uploads\/2016\/06\/Revista-N21_COMPLETA.pdf\"><img loading=\"lazy\" decoding=\"async\" class=\"alignright wp-image-436 size-medium\" src=\"https:\/\/desdelapatagonia.uncoma.edu.ar\/wp-content\/uploads\/2016\/06\/tapa21-213x300.jpg\" alt=\"tapa21\" width=\"213\" height=\"300\" srcset=\"https:\/\/desdelapatagonia.uncoma.edu.ar\/wp-content\/uploads\/2016\/06\/tapa21-213x300.jpg 213w, https:\/\/desdelapatagonia.uncoma.edu.ar\/wp-content\/uploads\/2016\/06\/tapa21-192x270.jpg 192w, https:\/\/desdelapatagonia.uncoma.edu.ar\/wp-content\/uploads\/2016\/06\/tapa21.jpg 602w\" sizes=\"(max-width: 213px) 100vw, 213px\" \/><\/a><a href=\"https:\/\/desdelapatagonia.uncoma.edu.ar\/index.php\/editorial-n-21\/\"><span style=\"color: #3366ff;\">EDITORIAL<\/span><\/a><\/p>\n<p><a href=\"https:\/\/desdelapatagonia.uncoma.edu.ar\/index.php\/castores-un-riesgo-de-invasion-que-inquieta-a-la-patagonia-norte\/\"><span style=\"color: #3366ff;\">CASTORES: \u00bfUN RIESGO DE INVASI\u00d3N QUE INQUIETA A LA PATAGONIA NORTE?<\/span><\/a><br \/>\nMariana Fasanella y Marta Lizarralde<\/p>\n<p style=\"text-align: left;\">DESDE LA PATAGONIA:<a href=\"https:\/\/desdelapatagonia.uncoma.edu.ar\/index.php\/malvinas-pasado-presente-y-futuro\/\"> <span style=\"color: #3366ff;\">MALVINAS: PASADO, PRESENTE Y FUTURO<\/span><\/a><br \/>\npor Luciana Luengo y Roc\u00edo Bezenzette<\/p>\n<p style=\"text-align: left;\">RESE\u00d1A DE LIBRO: <a href=\"https:\/\/desdelapatagonia.uncoma.edu.ar\/index.php\/resena-de-libro-el-juego-en-la-ensenanza-de-la-matematica\/\"><span style=\"color: #3366ff;\">EL JUEGO EN LA ENSE\u00d1ANZA DE LA MATEM\u00c1TICA<\/span><\/a><br \/>\nRese\u00f1a realizada por Ana Bressan<\/p>\n<p style=\"text-align: left;\">DESDE LA PATAGONIA: <a href=\"https:\/\/desdelapatagonia.uncoma.edu.ar\/?p=990&amp;preview=true\"><span style=\"color: #3366ff;\">60\u00ba ANIVERSARIO DEL INSTITUTO BALSEIRO<\/span><\/a><br \/>\npor Guillermo Abramson,&nbsp;Jos\u00e9 Edelstein y Miguel Hoyuelos.<\/p>\n<p style=\"text-align: left;\">DESDE LA PATAGONIA:<span style=\"color: #3366ff;\"><a href=\"https:\/\/desdelapatagonia.uncoma.edu.ar\/index.php\/aniversario-del-inta-bariloche-50-anos-de-trabajo-junto-al-productor-rural\/\"> ANIVERSARIO DEL INTA BARILOCHE, 50 A\u00d1OS DE TRABAJO JUNTO AL PRODUCTOR RURAL<\/a>&nbsp;<\/span><br \/>\npor&nbsp;Comit\u00e9 Editorial de la revista Presencia del INTA<\/p>\n<p><span style=\"color: #3366ff;\"><a style=\"color: #3366ff;\" href=\"https:\/\/desdelapatagonia.uncoma.edu.ar\/index.php\/xilotecas\/\">XILOTECAS<\/a><\/span><br \/>\nAndrea A. Medina e Ismael R. And\u00eda<\/p>\n<p>RESE\u00d1A DE LIBRO: <span style=\"color: #3366ff;\"><a style=\"color: #3366ff;\" href=\"https:\/\/desdelapatagonia.uncoma.edu.ar\/index.php\/resena-de-libro-aventuras-y-desventuras-de-un-biologo-latinoamericano\/\">AVENTURAS Y DESVENTURAS DE UN BI\u00d3LOGO LATINOAMERICANO<\/a><\/span><br \/>\nRese\u00f1a realizada por Luisa Peluffo<\/p>\n<p>DOSSIER:&nbsp;<a href=\"https:\/\/desdelapatagonia.uncoma.edu.ar\/index.php\/pumas-zorros-chivos-corderos-y-humanos\/\"><span style=\"color: #3366ff;\">PUMAS, ZORROS, CHIVOS, CORDEROS Y HUMANOS<\/span><\/a><br \/>\nCoordinado por Carolina L. Morales, Ana H. Ladio y M\u00f3nica de Torres Curth<\/p>\n<ul>\n<li><a href=\"https:\/\/desdelapatagonia.uncoma.edu.ar\/index.php\/por-que-necesitamos-planes-de-manejo-integral-de-depredadores-en-la-patagonia\/\"><span style=\"color: #3366ff;\">\u00bfPOR QU\u00c9 NECESITAMOS PLANES DE MANEJO INTEGRAL DE DEPREDADORES EN LA PATAGONIA?<\/span><\/a><br \/>\nMart\u00edn Funes, Mar\u00eda Jos\u00e9 Balgeri y Andr\u00e9s J. Novaro<\/li>\n<\/ul>\n<ul>\n<li><a href=\"https:\/\/desdelapatagonia.uncoma.edu.ar\/index.php\/nuevos-guardianes-perros-protectores-y-luces-anti-depredacion\/\"><span style=\"color: #3366ff;\">NUEVOS GUARDIANES. PERROS PROTECTORES Y LUCES ANTI-DEPREDACI\u00d3N<\/span><\/a><br \/>\nF. Bidinost, P.G. G\u00e1spero, D. Castillo, L. Villar, J.M. Garramu\u00f1o, M. Bruno-Galarraga, K. Cancino, M. Cueto y V. Fern\u00e1ndez Arhex<\/li>\n<\/ul>\n<ul>\n<li><a href=\"https:\/\/desdelapatagonia.uncoma.edu.ar\/index.php\/la-compleja-relacion-entre-ganaderia-y-depredacion\/\"><span style=\"color: #3366ff;\">LA (COMPLEJA) RELACI\u00d3N ENTRE GANADER\u00cdA Y DEPREDACI\u00d3N<\/span><\/a><br \/>\nPablo G. G\u00e1spero y Marcos H. Easdale<\/li>\n<\/ul>\n<ul>\n<li><a href=\"https:\/\/desdelapatagonia.uncoma.edu.ar\/index.php\/la-voz-de-los-pobladores-rurales-de-la-region-sur\/\"><span style=\"color: #3366ff;\">LA VOZ DE LOS POBLADORES RURALES DE LA REGI\u00d3N SUR<\/span><\/a><br \/>\nBetina Cardoso Rojas<\/li>\n<\/ul>\n<ul>\n<li><a href=\"https:\/\/desdelapatagonia.uncoma.edu.ar\/index.php\/pumas-y-zorros-en-el-parque-nacional-nahuel-huapi\/\"><span style=\"color: #3366ff;\">PUMAS Y ZORROS EN EL PARQUE NACIONAL NAHUEL HUAPI<\/span><\/a><br \/>\nHoracio Paradela, Carla Pozzi y Susana Seijas<\/li>\n<\/ul>\n<p><a href=\"https:\/\/desdelapatagonia.uncoma.edu.ar\/index.php\/museos-siglo-xxi-espacios-de-encuentro\/\"><span style=\"color: #3366ff;\">MUSEOS SIGLO XXI: ESPACIOS DE ENCUENTRO<\/span><\/a><br \/>\nSandra E. Murriello<\/p>\n<p>REPORTAJE A<a href=\"https:\/\/desdelapatagonia.uncoma.edu.ar\/index.php\/reportaje-a-carolina-alac\/\"><span style=\"color: #3366ff;\">&nbsp;CAROLINA ALAC<\/span><\/a><br \/>\npor Giulietta Piantoni, Mar\u00eda Morales y Fabiana Ertola<\/p>\n<p>ARTE: <a href=\"https:\/\/desdelapatagonia.uncoma.edu.ar\/wp-content\/uploads\/2016\/06\/Contratapa-21.jpg\"><span style=\"color: #3366ff;\">BETT<\/span><\/a><\/p>\n<hr>\n<p><a href=\"https:\/\/desdelapatagonia.uncoma.edu.ar\/wp-content\/uploads\/2016\/06\/Revista-N21_COMPLETA.pdf\"><span style=\"color: #3366ff;\">DESCARGAR REVISTA COMPLETA<\/span><\/a><\/p>\n","protected":false},"excerpt":{"rendered":"<p>Volumen 12, N\u00ba 21 | Enero &#8211; Junio de&nbsp;2016 Contenido EDITORIAL CASTORES: \u00bfUN RIESGO DE INVASI\u00d3N QUE INQUIETA A LA PATAGONIA NORTE? Mariana Fasanella y Marta Lizarralde DESDE LA PATAGONIA: MALVINAS: PASADO, PRESENTE Y FUTURO por Luciana Luengo y Roc\u00edo Bezenzette RESE\u00d1A DE LIBRO: EL JUEGO EN LA ENSE\u00d1ANZA DE LA MATEM\u00c1TICA Rese\u00f1a realizada por Ana Bressan DESDE LA PATAGONIA: 60\u00ba ANIVERSARIO DEL INSTITUTO BALSEIRO por Guillermo Abramson,&nbsp;Jos\u00e9 Edelstein y Miguel Hoyuelos. DESDE LA PATAGONIA: ANIVERSARIO DEL INTA BARILOCHE, 50&#8230;<\/p>\n<p class=\"read-more\"><a class=\"btn btn-default\" href=\"https:\/\/desdelapatagonia.uncoma.edu.ar\/index.php\/archivo\/revista-no-21\/\"> Read More<span class=\"screen-reader-text\">  Read More<\/span><\/a><\/p>\n","protected":false},"author":1,"featured_media":0,"parent":20,"menu_order":21,"comment_status":"closed","ping_status":"closed","template":"","meta":{"_monsterinsights_skip_tracking":false,"_monsterinsights_sitenote_active":false,"_monsterinsights_sitenote_note":"","_monsterinsights_sitenote_category":0,"footnotes":""},"aioseo_notices":[],"_links":{"self":[{"href":"https:\/\/desdelapatagonia.uncoma.edu.ar\/index.php\/wp-json\/wp\/v2\/pages\/439"}],"collection":[{"href":"https:\/\/desdelapatagonia.uncoma.edu.ar\/index.php\/wp-json\/wp\/v2\/pages"}],"about":[{"href":"https:\/\/desdelapatagonia.uncoma.edu.ar\/index.php\/wp-json\/wp\/v2\/types\/page"}],"author":[{"embeddable":true,"href":"https:\/\/desdelapatagonia.uncoma.edu.ar\/index.php\/wp-json\/wp\/v2\/users\/1"}],"replies":[{"embeddable":true,"href":"https:\/\/desdelapatagonia.uncoma.edu.ar\/index.php\/wp-json\/wp\/v2\/comments?post=439"}],"version-history":[{"count":48,"href":"https:\/\/desdelapatagonia.uncoma.edu.ar\/index.php\/wp-json\/wp\/v2\/pages\/439\/revisions"}],"predecessor-version":[{"id":4172,"href":"https:\/\/desdelapatagonia.uncoma.edu.ar\/index.php\/wp-json\/wp\/v2\/pages\/439\/revisions\/4172"}],"up":[{"embeddable":true,"href":"https:\/\/desdelapatagonia.uncoma.edu.ar\/index.php\/wp-json\/wp\/v2\/pages\/20"}],"wp:attachment":[{"href":"https:\/\/desdelapatagonia.uncoma.edu.ar\/index.php\/wp-json\/wp\/v2\/media?parent=439"}],"curies":[{"name":"wp","href":"https:\/\/api.w.org\/{rel}","templated":true}]}}