{"id":4266,"date":"2019-11-29T15:00:00","date_gmt":"2019-11-29T18:00:00","guid":{"rendered":"http:\/\/desdelapatagonia.uncoma.edu.ar\/?page_id=4266"},"modified":"2019-11-29T20:25:23","modified_gmt":"2019-11-29T23:25:23","slug":"revista-no-28","status":"publish","type":"page","link":"https:\/\/desdelapatagonia.uncoma.edu.ar\/index.php\/archivo\/revista-no-28\/","title":{"rendered":"Revista N\u00b0 28"},"content":{"rendered":"<h3 style=\"text-align: center;\">Volumen 16, N\u00ba 28 |\u00a0Julio\u00a0&#8211;\u00a0Diciembre\u00a0de\u00a02019<\/h3>\n<hr \/>\n<h1 style=\"text-align: center;\">Contenido<\/h1>\n<hr \/>\n<p><a href=\"https:\/\/desdelapatagonia.uncoma.edu.ar\/wp-content\/uploads\/2019\/11\/Revista-28-COMPLETA.pdf\"><img loading=\"lazy\" decoding=\"async\" class=\"wp-image-4343 size-medium alignright\" src=\"https:\/\/desdelapatagonia.uncoma.edu.ar\/wp-content\/uploads\/2019\/11\/Tapa_Revista_28-212x300.jpg\" alt=\"\" width=\"212\" height=\"300\" srcset=\"https:\/\/desdelapatagonia.uncoma.edu.ar\/wp-content\/uploads\/2019\/11\/Tapa_Revista_28-212x300.jpg 212w, https:\/\/desdelapatagonia.uncoma.edu.ar\/wp-content\/uploads\/2019\/11\/Tapa_Revista_28-723x1024.jpg 723w, https:\/\/desdelapatagonia.uncoma.edu.ar\/wp-content\/uploads\/2019\/11\/Tapa_Revista_28-768x1087.jpg 768w, https:\/\/desdelapatagonia.uncoma.edu.ar\/wp-content\/uploads\/2019\/11\/Tapa_Revista_28-1085x1536.jpg 1085w, https:\/\/desdelapatagonia.uncoma.edu.ar\/wp-content\/uploads\/2019\/11\/Tapa_Revista_28-191x270.jpg 191w, https:\/\/desdelapatagonia.uncoma.edu.ar\/wp-content\/uploads\/2019\/11\/Tapa_Revista_28.jpg 1239w\" sizes=\"(max-width: 212px) 100vw, 212px\" \/><\/a><\/p>\n<p><a href=\"https:\/\/desdelapatagonia.uncoma.edu.ar\/index.php\/editorial-n-28\"><span style=\"color: #3366ff;\">EDITORIAL<\/span><\/a><\/p>\n<p style=\"text-align: left;\"><a href=\"https:\/\/desdelapatagonia.uncoma.edu.ar\/index.php\/senderos-de-conservacion-en-bariloche\"><span style=\"color: #3366ff;\">SENDEROS DE CONSERVACI\u00d3N EN BARILOCHE<\/span><\/a><br \/>\nAdriana E. Rovere, Marina Stecconi, Patricia Mart\u00ednez, Marcela Ferreyra y Giselle A Chichizola<\/p>\n<p>DOSSIER: <a href=\"https:\/\/desdelapatagonia.uncoma.edu.ar\/index.php\/cuidado-perros-en-la-calle\/\"><span style=\"color: #3366ff;\">\u00a1CUIDADO!&#8230; PERROS EN LA CALLE<\/span><\/a><br \/>\nCoordinado por Gustavo Viozzi y Ver\u00f3nica Flores<\/p>\n<ul>\n<li><a href=\"https:\/\/desdelapatagonia.uncoma.edu.ar\/index.php\/el-perro-de-la-calle-o-en-la-calle\/\"><span style=\"color: #3366ff;\">EL PERRO: \u00bfDE LA CALLE O EN LA CALLE?<\/span><\/a><br \/>\nMarcelo A. Alvarez<\/li>\n<\/ul>\n<ul>\n<li><a href=\"https:\/\/desdelapatagonia.uncoma.edu.ar\/index.php\/perros-en-la-ciudad-un-problema-peludo\/\"><span style=\"color: #3366ff;\">PERROS EN LA CIUDAD: UN PROBLEMA PELUDO<\/span><\/a><br \/>\nGilda Garibotti, Daniela Zachar\u00edas y Basilia Alvarado<\/li>\n<\/ul>\n<ul>\n<li><a href=\"https:\/\/desdelapatagonia.uncoma.edu.ar\/index.php\/parasitos-y-perros-en-bariloche\/\"><span style=\"color: #3366ff;\">PAR\u00c1SITOS Y PERROS EN BARILOCHE<\/span><\/a><br \/>\nGabriela V\u00e1zquez y Ver\u00f3nica Flores<\/li>\n<\/ul>\n<ul>\n<li><a href=\"https:\/\/desdelapatagonia.uncoma.edu.ar\/index.php\/la-rabia-en-la-patagonia\/\"><span style=\"color: #3366ff;\">LA RABIA EN LA PATAGONIA<\/span><\/a><br \/>\nMora Ib\u00e1\u00f1ez Molina y Elizabeth Chang Reissig<\/li>\n<\/ul>\n<ul>\n<li><a href=\"https:\/\/desdelapatagonia.uncoma.edu.ar\/index.php\/perros-asilvestrados-en-tierra-del-fuego\/\"><span style=\"color: #3366ff;\">PERROS ASILVESTRADOS EN TIERRA DEL FUEGO<\/span><\/a><br \/>\nFabi\u00e1n Zanini<\/li>\n<\/ul>\n<ul>\n<li><a href=\"https:\/\/desdelapatagonia.uncoma.edu.ar\/index.php\/dame-una-patita\/\"><span style=\"color: #3366ff;\">DAME UNA PATITA<\/span><\/a><br \/>\nSebasti\u00e1n A. Ballari<\/li>\n<\/ul>\n<ul>\n<li><a href=\"https:\/\/desdelapatagonia.uncoma.edu.ar\/index.php\/ciencia-escolar-en-villa-los-coihues\/\"><span style=\"color: #3366ff;\">CIENCIA ESCOLAR EN VILLA LOS COIHUES<\/span><\/a><br \/>\nPriscila Edwards y Gabriela Miori<\/li>\n<\/ul>\n<p style=\"text-align: left;\">DESDE LA PATAGONIA: <a href=\"https:\/\/desdelapatagonia.uncoma.edu.ar\/index.php\/la-memoria-de-los-huesos-treinta-y-cinco-anos-en-busca-de-verdad-justicia-y-reparacion\/\"><span style=\"color: #3366ff;\">LA MEMORIA DE LOS HUESOS. TREINTA Y CINCO A\u00d1OS EN BUSCA DE VERDAD, JUSTICIA Y REPARACI\u00d3N<\/span><\/a><br \/>\nMar\u00eda Marta Quintana y Carolina Laura Morales<\/p>\n<p style=\"text-align: left;\">DESDE LA PATAGONIA: <a href=\"https:\/\/desdelapatagonia.uncoma.edu.ar\/index.php\/jugar-divertirse-y-aprender-con-las-ciencias-exactas\/\"><span style=\"color: #3366ff;\">JUGAR, DIVERTIRSE Y APRENDER CON LAS CIENCIAS EXACTAS<\/span><\/a><br \/>\nDaniela Montangie y Alejandra Perini<\/p>\n<p style=\"text-align: left;\"><a href=\"https:\/\/desdelapatagonia.uncoma.edu.ar\/index.php\/plantas-carnivoras-en-puerto-blest\/\"><span style=\"color: #3366ff;\">PLANTAS CARN\u00cdVORAS EN PUERTO BLEST<\/span><\/a><br \/>\nCecilia N\u00fa\u00f1ez, Gloria Fern\u00e1ndez C\u00e1nepa, Romina Vidal-Russell y Cecilia Ezcurra<\/p>\n<p style=\"text-align: left;\"><a href=\"https:\/\/desdelapatagonia.uncoma.edu.ar\/index.php\/que-es-la-contaminacion-por-plastico-y-por-que-nos-afecta-a-todos\/\"><span style=\"color: #3366ff;\">\u00bfQU\u00c9 ES LA CONTAMINACI\u00d3N POR PL\u00c1STICO Y POR QU\u00c9 NOS AFECTA A TODOS?<\/span><\/a><br \/>\nMicaela Buteler<\/p>\n<p style=\"text-align: left;\">RESE\u00d1A DE LIBRO: <a href=\"https:\/\/desdelapatagonia.uncoma.edu.ar\/index.php\/peces-y-pesca-deportiva-argentina-mar-y-patagonia\/\"><span style=\"color: #3366ff;\">PECES Y PESCA DEPORTIVA ARGENTINA. MAR Y PATAGONIA<\/span><\/a><br \/>\nHugo L. L\u00f3pez y Diego O. Nadalin.<\/p>\n<p style=\"text-align: left;\">REPORTAJE A <a href=\"https:\/\/desdelapatagonia.uncoma.edu.ar\/index.php\/reportaje-a-david-varano\/\"><span style=\"color: #3366ff;\">DAVID VARANO<\/span><\/a><br \/>\npor Gustavo Viozzi<\/p>\n<p><a href=\"https:\/\/desdelapatagonia.uncoma.edu.ar\/wp-content\/uploads\/2019\/11\/Librerias_Revista-28.pdf\"><span style=\"color: #3366ff;\">EN LAS LIBRER\u00cdAS<\/span><\/a><\/p>\n<p>ARTE: <a href=\"https:\/\/desdelapatagonia.uncoma.edu.ar\/wp-content\/uploads\/2019\/11\/Arte_Revista_28.pdf\"><span style=\"color: #3366ff;\">LAS OCTETAS<\/span><\/a><\/p>\n<hr \/>\n<p><a href=\"https:\/\/desdelapatagonia.uncoma.edu.ar\/wp-content\/uploads\/2019\/11\/Revista-28-COMPLETA.pdf\"><span style=\"color: #3366ff;\">DESCARGAR REVISTA COMPLETA<\/span><\/a><\/p>\n","protected":false},"excerpt":{"rendered":"<p>Volumen 16, N\u00ba 28 |\u00a0Julio\u00a0&#8211;\u00a0Diciembre\u00a0de\u00a02019 Contenido EDITORIAL SENDEROS DE CONSERVACI\u00d3N EN BARILOCHE Adriana E. Rovere, Marina Stecconi, Patricia Mart\u00ednez, Marcela Ferreyra y Giselle A Chichizola DOSSIER: \u00a1CUIDADO!&#8230; PERROS EN LA CALLE Coordinado por Gustavo Viozzi y Ver\u00f3nica Flores EL PERRO: \u00bfDE LA CALLE O EN LA CALLE? Marcelo A. Alvarez PERROS EN LA CIUDAD: UN PROBLEMA PELUDO Gilda Garibotti, Daniela Zachar\u00edas y Basilia Alvarado PAR\u00c1SITOS Y PERROS EN BARILOCHE Gabriela V\u00e1zquez y Ver\u00f3nica Flores LA RABIA EN LA PATAGONIA Mora&#8230;<\/p>\n<p class=\"read-more\"><a class=\"btn btn-default\" href=\"https:\/\/desdelapatagonia.uncoma.edu.ar\/index.php\/archivo\/revista-no-28\/\"> Read More<span class=\"screen-reader-text\">  Read More<\/span><\/a><\/p>\n","protected":false},"author":1,"featured_media":0,"parent":20,"menu_order":28,"comment_status":"closed","ping_status":"closed","template":"","meta":{"_monsterinsights_skip_tracking":false,"_monsterinsights_sitenote_active":false,"_monsterinsights_sitenote_note":"","_monsterinsights_sitenote_category":0,"footnotes":""},"aioseo_notices":[],"_links":{"self":[{"href":"https:\/\/desdelapatagonia.uncoma.edu.ar\/index.php\/wp-json\/wp\/v2\/pages\/4266"}],"collection":[{"href":"https:\/\/desdelapatagonia.uncoma.edu.ar\/index.php\/wp-json\/wp\/v2\/pages"}],"about":[{"href":"https:\/\/desdelapatagonia.uncoma.edu.ar\/index.php\/wp-json\/wp\/v2\/types\/page"}],"author":[{"embeddable":true,"href":"https:\/\/desdelapatagonia.uncoma.edu.ar\/index.php\/wp-json\/wp\/v2\/users\/1"}],"replies":[{"embeddable":true,"href":"https:\/\/desdelapatagonia.uncoma.edu.ar\/index.php\/wp-json\/wp\/v2\/comments?post=4266"}],"version-history":[{"count":12,"href":"https:\/\/desdelapatagonia.uncoma.edu.ar\/index.php\/wp-json\/wp\/v2\/pages\/4266\/revisions"}],"predecessor-version":[{"id":4997,"href":"https:\/\/desdelapatagonia.uncoma.edu.ar\/index.php\/wp-json\/wp\/v2\/pages\/4266\/revisions\/4997"}],"up":[{"embeddable":true,"href":"https:\/\/desdelapatagonia.uncoma.edu.ar\/index.php\/wp-json\/wp\/v2\/pages\/20"}],"wp:attachment":[{"href":"https:\/\/desdelapatagonia.uncoma.edu.ar\/index.php\/wp-json\/wp\/v2\/media?parent=4266"}],"curies":[{"name":"wp","href":"https:\/\/api.w.org\/{rel}","templated":true}]}}