{"id":356,"date":"2016-06-27T13:42:04","date_gmt":"2016-06-27T13:42:04","guid":{"rendered":"http:\/\/170.210.81.130\/desde\/?page_id=356"},"modified":"2019-11-21T08:55:30","modified_gmt":"2019-11-21T11:55:30","slug":"revista-no-18","status":"publish","type":"page","link":"https:\/\/desdelapatagonia.uncoma.edu.ar\/index.php\/archivo\/revista-no-18\/","title":{"rendered":"Revista N\u00ba 18"},"content":{"rendered":"<h3 style=\"text-align: center;\">Volumen 11, N\u00ba 18&nbsp;| Julio &#8211; Diciembre de&nbsp;2014<\/h3>\n<hr>\n<h1 style=\"text-align: center;\">Contenido<\/h1>\n<hr>\n<p><a href=\"https:\/\/desdelapatagonia.uncoma.edu.ar\/wp-content\/uploads\/2016\/06\/Revista-N18_COMPLETA.pdf\"><img loading=\"lazy\" decoding=\"async\" class=\"wp-image-3061 size-medium alignright\" src=\"https:\/\/desdelapatagonia.uncoma.edu.ar\/wp-content\/uploads\/2016\/06\/Tapa-18-212x300.jpg\" alt=\"\" width=\"212\" height=\"300\" srcset=\"https:\/\/desdelapatagonia.uncoma.edu.ar\/wp-content\/uploads\/2016\/06\/Tapa-18-212x300.jpg 212w, https:\/\/desdelapatagonia.uncoma.edu.ar\/wp-content\/uploads\/2016\/06\/Tapa-18-768x1085.jpg 768w, https:\/\/desdelapatagonia.uncoma.edu.ar\/wp-content\/uploads\/2016\/06\/Tapa-18-725x1024.jpg 725w, https:\/\/desdelapatagonia.uncoma.edu.ar\/wp-content\/uploads\/2016\/06\/Tapa-18-191x270.jpg 191w\" sizes=\"(max-width: 212px) 100vw, 212px\" \/><\/a><\/p>\n<p><a href=\"https:\/\/desdelapatagonia.uncoma.edu.ar\/index.php\/editorial-n-18\/\"><span style=\"color: #3366ff;\">EDITORIAL<\/span><\/a><\/p>\n<p><a href=\"https:\/\/desdelapatagonia.uncoma.edu.ar\/index.php\/dinosaurios-carnivoros-de-la-patagonia-el-enigma-de-los-megaraptores\/\"><span style=\"color: #3366ff;\">EL ENIGMA DE LOS MEGARAPTORES<\/span><\/a><br \/>\nJuan Domingo Porfiri y Dom\u00e9nica Diniz dos Santos<\/p>\n<p>ENSAYO: <a href=\"https:\/\/desdelapatagonia.uncoma.edu.ar\/index.php\/ensayo-aportes-para-debatir-la-explotacion-de-recursos-naturales\/\"><span style=\"color: #3366ff;\">APORTES PARA DEBATIR LA EXPLOTACI\u00d3N DE RECURSOS&nbsp;NATURALES<\/span><\/a><br \/>\nManuel de Paz<\/p>\n<p style=\"text-align: left;\">RESE\u00d1A DE LIBRO: <a href=\"https:\/\/desdelapatagonia.uncoma.edu.ar\/index.php\/resena-de-libro-compostaje-en-la-argentina-experiencias-de-produccion-calidad-y-uso\/\"><span style=\"color: #3366ff;\">COMPOSTAJE EN LA ARGENTINA: EXPERIENCIAS DE PRODUCCI\u00d3N, CALIDAD Y USO<\/span><\/a><br \/>\nRese\u00f1a realizada por Ver\u00f3nica R. Flores<\/p>\n<p><a href=\"https:\/\/desdelapatagonia.uncoma.edu.ar\/index.php\/microbios-bajo-el-sol\/\"><span style=\"color: #3366ff;\">MICROBIOS BAJO EL SOL<\/span><\/a><br \/>\nDiego Libkind<\/p>\n<p style=\"text-align: left;\">DESDE LA PATAGONIA: <a href=\"https:\/\/desdelapatagonia.uncoma.edu.ar\/index.php\/desde-la-patagonia-cannabis-un-debate-abierto-en-torno-a-usos-medicinales-y-perspectivas-legales\/\"><span style=\"color: #3366ff;\">CANNABIS, UN DEBATE ABIERTO EN TORNO A&nbsp;USOS MEDICINALES Y PERSPECTIVAS LEGALES<\/span><\/a><br \/>\npor Fabiana Ertola y Miriam Gobbi<\/p>\n<p><a href=\"https:\/\/desdelapatagonia.uncoma.edu.ar\/index.php\/por-que-nos-cuesta-tanto-cambiar-nuestra-forma-de-ensenar-y-aprender\/\"><span style=\"color: #3366ff;\">\u00bfPOR QU\u00c9 NOS CUESTA TANTO CAMBIAR NUESTRA FORMA DE ENSE\u00d1AR Y APRENDER?<\/span><\/a><br \/>\nMar\u00eda del Puy P\u00e9rez-Echeverr\u00eda<\/p>\n<p><a href=\"https:\/\/desdelapatagonia.uncoma.edu.ar\/index.php\/la-importancia-de-la-construccion-eficiente-en-la-patagonia\/\"><span style=\"color: #3366ff;\">LA IMPORTANCIA DE LA CONSTRUCCI\u00d3N EFICIENTE EN LA PATAGONIA<\/span><\/a><br \/>\nAlejandro D. Gonz\u00e1lez<\/p>\n<p>REPORTAJE&nbsp;<a href=\"https:\/\/desdelapatagonia.uncoma.edu.ar\/index.php\/reportaje-zulema-morales-referente-de-la-asociacion-de-recicladores-bariloche\/\"><span style=\"color: #3366ff;\">A ZULEMA MORALES<\/span><\/a><br \/>\npor Marcelo Alonso y Gustavo Viozzi<\/p>\n<p>ARTE: <a href=\"https:\/\/desdelapatagonia.uncoma.edu.ar\/wp-content\/uploads\/2016\/06\/Arte_Tondato_DLP_Vol11N16_2014.pdf\"><span style=\"color: #3366ff;\">MARIO TONDATO<\/span><\/a><\/p>\n<hr>\n<p style=\"text-align: left;\"><a href=\"https:\/\/desdelapatagonia.uncoma.edu.ar\/wp-content\/uploads\/2016\/06\/Revista-N18_COMPLETA.pdf\"><span style=\"color: #3366ff;\">DESCARGAR REVISTA COMPLETA<\/span><\/a><\/p>\n","protected":false},"excerpt":{"rendered":"<p>Volumen 11, N\u00ba 18&nbsp;| Julio &#8211; Diciembre de&nbsp;2014 Contenido EDITORIAL EL ENIGMA DE LOS MEGARAPTORES Juan Domingo Porfiri y Dom\u00e9nica Diniz dos Santos ENSAYO: APORTES PARA DEBATIR LA EXPLOTACI\u00d3N DE RECURSOS&nbsp;NATURALES Manuel de Paz RESE\u00d1A DE LIBRO: COMPOSTAJE EN LA ARGENTINA: EXPERIENCIAS DE PRODUCCI\u00d3N, CALIDAD Y USO Rese\u00f1a realizada por Ver\u00f3nica R. Flores MICROBIOS BAJO EL SOL Diego Libkind DESDE LA PATAGONIA: CANNABIS, UN DEBATE ABIERTO EN TORNO A&nbsp;USOS MEDICINALES Y PERSPECTIVAS LEGALES por Fabiana Ertola y Miriam Gobbi \u00bfPOR&#8230;<\/p>\n<p class=\"read-more\"><a class=\"btn btn-default\" href=\"https:\/\/desdelapatagonia.uncoma.edu.ar\/index.php\/archivo\/revista-no-18\/\"> Read More<span class=\"screen-reader-text\">  Read More<\/span><\/a><\/p>\n","protected":false},"author":1,"featured_media":0,"parent":20,"menu_order":18,"comment_status":"closed","ping_status":"closed","template":"","meta":{"_monsterinsights_skip_tracking":false,"_monsterinsights_sitenote_active":false,"_monsterinsights_sitenote_note":"","_monsterinsights_sitenote_category":0,"footnotes":""},"aioseo_notices":[],"_links":{"self":[{"href":"https:\/\/desdelapatagonia.uncoma.edu.ar\/index.php\/wp-json\/wp\/v2\/pages\/356"}],"collection":[{"href":"https:\/\/desdelapatagonia.uncoma.edu.ar\/index.php\/wp-json\/wp\/v2\/pages"}],"about":[{"href":"https:\/\/desdelapatagonia.uncoma.edu.ar\/index.php\/wp-json\/wp\/v2\/types\/page"}],"author":[{"embeddable":true,"href":"https:\/\/desdelapatagonia.uncoma.edu.ar\/index.php\/wp-json\/wp\/v2\/users\/1"}],"replies":[{"embeddable":true,"href":"https:\/\/desdelapatagonia.uncoma.edu.ar\/index.php\/wp-json\/wp\/v2\/comments?post=356"}],"version-history":[{"count":20,"href":"https:\/\/desdelapatagonia.uncoma.edu.ar\/index.php\/wp-json\/wp\/v2\/pages\/356\/revisions"}],"predecessor-version":[{"id":4177,"href":"https:\/\/desdelapatagonia.uncoma.edu.ar\/index.php\/wp-json\/wp\/v2\/pages\/356\/revisions\/4177"}],"up":[{"embeddable":true,"href":"https:\/\/desdelapatagonia.uncoma.edu.ar\/index.php\/wp-json\/wp\/v2\/pages\/20"}],"wp:attachment":[{"href":"https:\/\/desdelapatagonia.uncoma.edu.ar\/index.php\/wp-json\/wp\/v2\/media?parent=356"}],"curies":[{"name":"wp","href":"https:\/\/api.w.org\/{rel}","templated":true}]}}