{"id":2568,"date":"2019-01-02T21:59:42","date_gmt":"2019-01-03T00:59:42","guid":{"rendered":"http:\/\/desdelapatagonia.uncoma.edu.ar\/?page_id=2568"},"modified":"2019-11-21T10:15:33","modified_gmt":"2019-11-21T13:15:33","slug":"revista-no-10","status":"publish","type":"page","link":"https:\/\/desdelapatagonia.uncoma.edu.ar\/index.php\/archivo\/revista-no-10\/","title":{"rendered":"Revista N\u00ba 10"},"content":{"rendered":"<h3 style=\"text-align: center;\">Volumen 7, N\u00ba 10| Enero &#8211; Julio de&nbsp;2010<\/h3>\n<hr>\n<h1 style=\"text-align: center;\">Contenido<\/h1>\n<hr>\n<p><a href=\"https:\/\/desdelapatagonia.uncoma.edu.ar\/wp-content\/uploads\/2019\/01\/Revista-N10_COMPLETA.pdf\"><img loading=\"lazy\" decoding=\"async\" class=\"wp-image-2569 size-medium alignright\" src=\"https:\/\/desdelapatagonia.uncoma.edu.ar\/wp-content\/uploads\/2019\/01\/TAPA-10-212x300.jpg\" alt=\"\" width=\"212\" height=\"300\" srcset=\"https:\/\/desdelapatagonia.uncoma.edu.ar\/wp-content\/uploads\/2019\/01\/TAPA-10-212x300.jpg 212w, https:\/\/desdelapatagonia.uncoma.edu.ar\/wp-content\/uploads\/2019\/01\/TAPA-10-768x1089.jpg 768w, https:\/\/desdelapatagonia.uncoma.edu.ar\/wp-content\/uploads\/2019\/01\/TAPA-10-722x1024.jpg 722w, https:\/\/desdelapatagonia.uncoma.edu.ar\/wp-content\/uploads\/2019\/01\/TAPA-10-190x270.jpg 190w, https:\/\/desdelapatagonia.uncoma.edu.ar\/wp-content\/uploads\/2019\/01\/TAPA-10.jpg 826w\" sizes=\"(max-width: 212px) 100vw, 212px\" \/><\/a><\/p>\n<p><a href=\"https:\/\/desdelapatagonia.uncoma.edu.ar\/index.php\/editorial-n-10\/\"><span style=\"color: #3366ff;\">EDITORIAL<\/span><\/a><\/p>\n<p><a href=\"https:\/\/desdelapatagonia.uncoma.edu.ar\/index.php\/las-escuelas-de-frontera-construyeron-argentinos\/\"><span style=\"color: #3366ff;\">LAS ESCUELAS DE FRONTERA: \u00bfCONSTRUYERON ARGENTINOS?<\/span><\/a><br \/>\nLiliana E. Lusetti y Mar\u00eda C. Mecozzi<\/p>\n<p><a href=\"https:\/\/desdelapatagonia.uncoma.edu.ar\/index.php\/que-pasaria-si-modelos-matematicos-en-ecologia\/\"><span style=\"color: #3366ff;\">\u00bfQU\u00c9 PASAR\u00cdA SI\u2026? MODELOS MATEM\u00c1TICOS EN ECOLOG\u00cdA<\/span><\/a><br \/>\nM\u00f3nica I. de Torres Curth, Luciana Ghermandi y Carolina Biscayart<\/p>\n<p><a href=\"https:\/\/desdelapatagonia.uncoma.edu.ar\/index.php\/el-lago-caviahue-un-ambiente-unico\/\"><span style=\"color: #3366ff;\">EL LAGO CAVIAHUE: UN AMBIENTE \u00daNICO<\/span><\/a><br \/>\nGustavo D. Baffico, M\u00f3nica M. D\u00edaz, Pedro F. Temporetti, S. Guadalupe Beamud y Fernando L. Pedrozo<\/p>\n<p><a href=\"https:\/\/desdelapatagonia.uncoma.edu.ar\/index.php\/la-cocina-solar\/\"><span style=\"color: #3366ff;\">LA COCINA SOLAR<\/span><\/a><br \/>\nEsteban Roulet<\/p>\n<p><a href=\"https:\/\/desdelapatagonia.uncoma.edu.ar\/index.php\/huertas-intramuros\/\"><span style=\"color: #3366ff;\">HUERTAS INTRAMUROS<\/span><\/a><br \/>\nBrunilda Sidoti Hartmann y Teresa Do\u00f1ate<\/p>\n<p>DESDE LA PATAGONIA: <a href=\"https:\/\/desdelapatagonia.uncoma.edu.ar\/index.php\/10-numeros-difundiendo-saberes-desde-la-patagonia\/\"><span style=\"color: #3366ff;\">10 N\u00daMEROS DIFUNDIENDO SABERES DESDE LA PATAGONIA<\/span><\/a><br \/>\npor Ana Pedrazzini<\/p>\n<p><a href=\"https:\/\/desdelapatagonia.uncoma.edu.ar\/index.php\/algunas-reflexiones-acerca-de-la-divulgacion-cientifica\/\"><span style=\"color: #3366ff;\">ALGUNAS REFLEXIONES ACERCA DE LA DIVULGACI\u00d3N CIENT\u00cdFICA<\/span><\/a><br \/>\npor Astrid Bengtsson<\/p>\n<p><a href=\"https:\/\/desdelapatagonia.uncoma.edu.ar\/index.php\/wingka-malon-campana-del-desierto\/\"><span style=\"color: #3366ff;\">WINGKA MALON. CAMPA\u00d1A DEL DESIERTO<\/span><\/a><br \/>\npor Laura M\u00e9ndez y Liliana Semenas<\/p>\n<p><a href=\"https:\/\/desdelapatagonia.uncoma.edu.ar\/index.php\/salud-y-condiciones-de-vida-de-escolares-en-bariloche\/\"><span style=\"color: #3366ff;\">SALUD Y CONDICIONES DE VIDA DE ESCOLARES EN BARILOCHE<\/span><\/a><br \/>\nCecilia Vasconi, Gilda Garibotti, Diego Schnaiderman, Hayde\u00e9 Comar, Gabriela Giannini, Ana Nu\u00f1ez<\/p>\n<p><a href=\"https:\/\/desdelapatagonia.uncoma.edu.ar\/index.php\/1-congreso-patagonico-educacion-fisica-y-formacion-docente-2-jornadas-patagonicas-de-investigacion-en-educacion-fisica\/\"><span style=\"color: #3366ff;\">1\u00b0 CONGRESO PATAG\u00d3NICO EDUCACI\u00d3N F\u00cdSICA Y FORMACI\u00d3N DOCENTE. 2\u00b0 JORNADAS PATAG\u00d3NICAS DE INVESTIGACI\u00d3N EN EDUCACI\u00d3N F\u00cdSICA<\/span><\/a><br \/>\npor Marisa Fern\u00e1ndez y Laura M\u00e9ndez<\/p>\n<p>REPORTAJE&nbsp;<span style=\"color: #3366ff;\"><a href=\"https:\/\/desdelapatagonia.uncoma.edu.ar\/index.php\/reportaje-a-la-investigadora-barbara-brizuela\/\">A B\u00c1RBARA BRIZUELA, INVESTIGADORA EN EDUCACI\u00d3N MATEM\u00c1TICA<\/a><\/span><br \/>\npor Marcelo Alonso<\/p>\n<p><a href=\"https:\/\/desdelapatagonia.uncoma.edu.ar\/index.php\/la-bioetica-y-sus-asuntos-apuntes-sobre-salud-y-ambiente\/\"><span style=\"color: #3366ff;\">LA BIO\u00c9TICA Y SUS ASUNTOS: APUNTES SOBRE SALUD Y AMBIENTE<\/span><\/a><br \/>\nPaula S\u00e1nchez Thevenet, Pascual Gregori Roig y M\u00f3nica G. Souto<\/p>\n<p><a href=\"https:\/\/desdelapatagonia.uncoma.edu.ar\/index.php\/un-nuevo-espacio-verde-en-la-ciudad\/\"><span style=\"color: #3366ff;\">UN NUEVO ESPACIO VERDE EN LA CIUDAD<\/span><\/a><br \/>\npor Beatriz D\u00e1vila<\/p>\n<p>ARTE:&nbsp;<a href=\"https:\/\/desdelapatagonia.uncoma.edu.ar\/wp-content\/uploads\/2019\/01\/Revista-N10_ARTE.pdf\"><span style=\"color: #3366ff;\">DANIEL NICO <\/span><\/a><\/p>\n<hr>\n<p><a href=\"https:\/\/desdelapatagonia.uncoma.edu.ar\/wp-content\/uploads\/2019\/01\/Revista-N10_COMPLETA.pdf\"><span style=\"color: #3366ff;\">DESCARGAR REVISTA COMPLETA<\/span><\/a><\/p>\n","protected":false},"excerpt":{"rendered":"<p>Volumen 7, N\u00ba 10| Enero &#8211; Julio de&nbsp;2010 Contenido EDITORIAL LAS ESCUELAS DE FRONTERA: \u00bfCONSTRUYERON ARGENTINOS? Liliana E. Lusetti y Mar\u00eda C. Mecozzi \u00bfQU\u00c9 PASAR\u00cdA SI\u2026? MODELOS MATEM\u00c1TICOS EN ECOLOG\u00cdA M\u00f3nica I. de Torres Curth, Luciana Ghermandi y Carolina Biscayart EL LAGO CAVIAHUE: UN AMBIENTE \u00daNICO Gustavo D. Baffico, M\u00f3nica M. D\u00edaz, Pedro F. Temporetti, S. Guadalupe Beamud y Fernando L. Pedrozo LA COCINA SOLAR Esteban Roulet HUERTAS INTRAMUROS Brunilda Sidoti Hartmann y Teresa Do\u00f1ate DESDE LA PATAGONIA: 10 N\u00daMEROS&#8230;<\/p>\n<p class=\"read-more\"><a class=\"btn btn-default\" href=\"https:\/\/desdelapatagonia.uncoma.edu.ar\/index.php\/archivo\/revista-no-10\/\"> Read More<span class=\"screen-reader-text\">  Read More<\/span><\/a><\/p>\n","protected":false},"author":1,"featured_media":0,"parent":20,"menu_order":10,"comment_status":"closed","ping_status":"closed","template":"","meta":{"_monsterinsights_skip_tracking":false,"_monsterinsights_sitenote_active":false,"_monsterinsights_sitenote_note":"","_monsterinsights_sitenote_category":0,"footnotes":""},"aioseo_notices":[],"_links":{"self":[{"href":"https:\/\/desdelapatagonia.uncoma.edu.ar\/index.php\/wp-json\/wp\/v2\/pages\/2568"}],"collection":[{"href":"https:\/\/desdelapatagonia.uncoma.edu.ar\/index.php\/wp-json\/wp\/v2\/pages"}],"about":[{"href":"https:\/\/desdelapatagonia.uncoma.edu.ar\/index.php\/wp-json\/wp\/v2\/types\/page"}],"author":[{"embeddable":true,"href":"https:\/\/desdelapatagonia.uncoma.edu.ar\/index.php\/wp-json\/wp\/v2\/users\/1"}],"replies":[{"embeddable":true,"href":"https:\/\/desdelapatagonia.uncoma.edu.ar\/index.php\/wp-json\/wp\/v2\/comments?post=2568"}],"version-history":[{"count":7,"href":"https:\/\/desdelapatagonia.uncoma.edu.ar\/index.php\/wp-json\/wp\/v2\/pages\/2568\/revisions"}],"predecessor-version":[{"id":4186,"href":"https:\/\/desdelapatagonia.uncoma.edu.ar\/index.php\/wp-json\/wp\/v2\/pages\/2568\/revisions\/4186"}],"up":[{"embeddable":true,"href":"https:\/\/desdelapatagonia.uncoma.edu.ar\/index.php\/wp-json\/wp\/v2\/pages\/20"}],"wp:attachment":[{"href":"https:\/\/desdelapatagonia.uncoma.edu.ar\/index.php\/wp-json\/wp\/v2\/media?parent=2568"}],"curies":[{"name":"wp","href":"https:\/\/api.w.org\/{rel}","templated":true}]}}