{"id":2302,"date":"2019-01-01T23:35:34","date_gmt":"2019-01-02T02:35:34","guid":{"rendered":"http:\/\/desdelapatagonia.uncoma.edu.ar\/?page_id=2302"},"modified":"2019-11-21T10:16:55","modified_gmt":"2019-11-21T13:16:55","slug":"revista-no-7","status":"publish","type":"page","link":"https:\/\/desdelapatagonia.uncoma.edu.ar\/index.php\/archivo\/revista-no-7\/","title":{"rendered":"Revista N\u00ba 7"},"content":{"rendered":"<h3 style=\"text-align: center;\">Volumen 5, N\u00ba 7 | Abril &#8211; Octubre de 2008<\/h3>\n<hr>\n<h1 style=\"text-align: center;\">Contenido<\/h1>\n<hr>\n<p><a href=\"https:\/\/desdelapatagonia.uncoma.edu.ar\/wp-content\/uploads\/2019\/01\/Revista-N7_COMPLETA.pdf\"><img loading=\"lazy\" decoding=\"async\" class=\"wp-image-2303 size-medium alignright\" src=\"https:\/\/desdelapatagonia.uncoma.edu.ar\/wp-content\/uploads\/2019\/01\/TAPA-7-202x300.jpg\" alt=\"\" width=\"202\" height=\"300\" srcset=\"https:\/\/desdelapatagonia.uncoma.edu.ar\/wp-content\/uploads\/2019\/01\/TAPA-7-202x300.jpg 202w, https:\/\/desdelapatagonia.uncoma.edu.ar\/wp-content\/uploads\/2019\/01\/TAPA-7-768x1139.jpg 768w, https:\/\/desdelapatagonia.uncoma.edu.ar\/wp-content\/uploads\/2019\/01\/TAPA-7-690x1024.jpg 690w, https:\/\/desdelapatagonia.uncoma.edu.ar\/wp-content\/uploads\/2019\/01\/TAPA-7-182x270.jpg 182w\" sizes=\"(max-width: 202px) 100vw, 202px\" \/><\/a><\/p>\n<p><a href=\"https:\/\/desdelapatagonia.uncoma.edu.ar\/index.php\/editorial-n-7\/\"><span style=\"color: #3366ff;\">EDITORIAL<\/span><\/a><\/p>\n<p><a href=\"https:\/\/desdelapatagonia.uncoma.edu.ar\/index.php\/que-son-las-listas-rojas-y-por-que-es-necesario-conocerlas\/\"><span style=\"color: #3366ff;\">QU\u00c9 SON LAS LISTAS ROJAS Y POR QU\u00c9 ES NECESARIO CONOCERLAS<\/span><\/a><br \/>\nDora Grigera<\/p>\n<p>RESE\u00d1A DE LIBRO: <a href=\"https:\/\/desdelapatagonia.uncoma.edu.ar\/index.php\/paisajes-del-progreso-la-resignificacion-de-la-patagonia-norte-1880-1916\/\"><span style=\"color: #3366ff;\">PAISAJES DEL PROGRESO&nbsp;<\/span><\/a><br \/>\nRese\u00f1a realizada por Laura M\u00e9ndez<\/p>\n<p>ENSAYO: <a href=\"https:\/\/desdelapatagonia.uncoma.edu.ar\/index.php\/leer-y-releer-por-que-reencontrarnos-con-los-textos-ya-leidos\/\"><span style=\"color: #3366ff;\">LEER Y RELEER. POR QU\u00c9 REENCONTRARNOS CON LOS TEXTOS YA LE\u00cdDOS<\/span><\/a><br \/>\nGisela V\u00e9lez<\/p>\n<p>RESE\u00d1A DE LIBRO: <a href=\"https:\/\/desdelapatagonia.uncoma.edu.ar\/index.php\/patagonian-mesozoic-reptiles\/\"><span style=\"color: #3366ff;\">PATAGONIAN MESOZOIC REPTILES<\/span><\/a><br \/>\nRese\u00f1a realizada por Ismar de Souza Carvalho<\/p>\n<p><a href=\"https:\/\/desdelapatagonia.uncoma.edu.ar\/index.php\/el-dr-grenville-morris-1936-2005\/\"><span style=\"color: #3366ff;\">EL DR. GRENVILLE MORRIS (1936-2005)<\/span><\/a><br \/>\nAdolfo Sarmiento<\/p>\n<p><a href=\"https:\/\/desdelapatagonia.uncoma.edu.ar\/index.php\/un-merecido-homenaje\/\"><span style=\"color: #3366ff;\">UN MERECIDO HOMENAJE<\/span><\/a><br \/>\nGraciela Landriscini<\/p>\n<p><a href=\"https:\/\/desdelapatagonia.uncoma.edu.ar\/index.php\/doctorado-en-biologia-de-la-universidad-nacional-del-comahue-promoviendo-el-intercambio\/\"><span style=\"color: #3366ff;\">DOCTORADO EN BIOLOG\u00cdA DE LA UNIVERSIDAD NACIONAL DEL COMAHUE: PROMOVIENDO EL INTERCAMBIO<\/span><\/a><br \/>\nLiliana Semenas<\/p>\n<p><a href=\"https:\/\/desdelapatagonia.uncoma.edu.ar\/index.php\/hacia-la-astronomia-de-rayos-cosmicos\/\"><span style=\"color: #3366ff;\">HACIA LA ASTRONOM\u00cdA DE RAYOS C\u00d3SMICOS<\/span><\/a><br \/>\nIngomar Allekotte, Diego Harari, Silvia Mollerach y Esteban Roulet<\/p>\n<p><a href=\"https:\/\/desdelapatagonia.uncoma.edu.ar\/index.php\/lo-veo-y-no-lo-creo-la-historia-del-infinito-matematico\/\"><span style=\"color: #3366ff;\">\u00a1LO VEO Y NO LO CREO! LA HISTORIA DEL INFINITO MATEM\u00c1TICO<\/span><\/a><br \/>\nVirginia Montoro<\/p>\n<p>ACTUALIDAD:<a href=\"https:\/\/desdelapatagonia.uncoma.edu.ar\/index.php\/actualidad-caida-de-ceniza-volcanica-en-bariloche-y-alrededores-que-debemos-saber\/\"><span style=\"color: #3366ff;\">&nbsp;CA\u00cdDA DE CENIZA VOLC\u00c1NICA EN BARILOCHE Y ALREDEDORES, \u00bfQU\u00c9 DEBEMOS SABER?<\/span><\/a><br \/>\nGrupo de Estudios Ambientales GEA<\/p>\n<p><a href=\"https:\/\/desdelapatagonia.uncoma.edu.ar\/index.php\/biodeterioro-donde-estas\/\"><span style=\"color: #3366ff;\">BIODETERIORO, \u00bfD\u00d3NDE EST\u00c1S?<\/span><\/a><br \/>\nPatricia Guiamet, Patricia Battistoni y Sandra G\u00f3mez de Saravia<\/p>\n<p><a href=\"https:\/\/desdelapatagonia.uncoma.edu.ar\/index.php\/dime-como-anotas\/\"><span style=\"color: #3366ff;\">DIME C\u00d3MO ANOTAS\u2026<\/span><\/a><br \/>\nM\u00f3nica de Torres Curth y Montserrat de la Cruz<\/p>\n<p><a href=\"https:\/\/desdelapatagonia.uncoma.edu.ar\/index.php\/tanaceto-planta-medicinal-de-la-region\/\"><span style=\"color: #3366ff;\">TANACETO: PLANTA MEDICINAL DE LA REGI\u00d3N<\/span><\/a><br \/>\nEnzo Belloli, Iv\u00e1n Mazurek, Diego Pellegrino, Mar\u00eda Szudruk Pascual e Isabel Vel\u00e1zquez<\/p>\n<p>REPORTAJE&nbsp;<a href=\"https:\/\/desdelapatagonia.uncoma.edu.ar\/index.php\/reportaje-al-dr-alfredo-cesar-dachary-y-a-la-dra-stella-m-arnaiz-burne-modelos-de-desarrollo-turistico\/\"><span style=\"color: #3366ff;\">AL DR. ALFREDO C\u00c9SAR DACHARY Y A LA DRA. STELLA M. ARNAIZ BURNE<\/span><\/a><br \/>\npor Marcelo Alonso<\/p>\n<p>ARTE:&nbsp;<a href=\"https:\/\/desdelapatagonia.uncoma.edu.ar\/wp-content\/uploads\/2019\/01\/Revista-N7_ARTE.pdf\"><span style=\"color: #3366ff;\">PERLA LEON<\/span><\/a><\/p>\n<hr>\n<p style=\"text-align: left;\"><a href=\"https:\/\/desdelapatagonia.uncoma.edu.ar\/wp-content\/uploads\/2019\/01\/Revista-N7_COMPLETA.pdf\"><span style=\"color: #3366ff;\">DESCARGAR REVISTA COMPLETA<\/span><\/a><\/p>\n","protected":false},"excerpt":{"rendered":"<p>Volumen 5, N\u00ba 7 | Abril &#8211; Octubre de 2008 Contenido EDITORIAL QU\u00c9 SON LAS LISTAS ROJAS Y POR QU\u00c9 ES NECESARIO CONOCERLAS Dora Grigera RESE\u00d1A DE LIBRO: PAISAJES DEL PROGRESO&nbsp; Rese\u00f1a realizada por Laura M\u00e9ndez ENSAYO: LEER Y RELEER. POR QU\u00c9 REENCONTRARNOS CON LOS TEXTOS YA LE\u00cdDOS Gisela V\u00e9lez RESE\u00d1A DE LIBRO: PATAGONIAN MESOZOIC REPTILES Rese\u00f1a realizada por Ismar de Souza Carvalho EL DR. GRENVILLE MORRIS (1936-2005) Adolfo Sarmiento UN MERECIDO HOMENAJE Graciela Landriscini DOCTORADO EN BIOLOG\u00cdA DE LA&#8230;<\/p>\n<p class=\"read-more\"><a class=\"btn btn-default\" href=\"https:\/\/desdelapatagonia.uncoma.edu.ar\/index.php\/archivo\/revista-no-7\/\"> Read More<span class=\"screen-reader-text\">  Read More<\/span><\/a><\/p>\n","protected":false},"author":1,"featured_media":0,"parent":20,"menu_order":7,"comment_status":"closed","ping_status":"closed","template":"","meta":{"_monsterinsights_skip_tracking":false,"_monsterinsights_sitenote_active":false,"_monsterinsights_sitenote_note":"","_monsterinsights_sitenote_category":0,"footnotes":""},"aioseo_notices":[],"_links":{"self":[{"href":"https:\/\/desdelapatagonia.uncoma.edu.ar\/index.php\/wp-json\/wp\/v2\/pages\/2302"}],"collection":[{"href":"https:\/\/desdelapatagonia.uncoma.edu.ar\/index.php\/wp-json\/wp\/v2\/pages"}],"about":[{"href":"https:\/\/desdelapatagonia.uncoma.edu.ar\/index.php\/wp-json\/wp\/v2\/types\/page"}],"author":[{"embeddable":true,"href":"https:\/\/desdelapatagonia.uncoma.edu.ar\/index.php\/wp-json\/wp\/v2\/users\/1"}],"replies":[{"embeddable":true,"href":"https:\/\/desdelapatagonia.uncoma.edu.ar\/index.php\/wp-json\/wp\/v2\/comments?post=2302"}],"version-history":[{"count":13,"href":"https:\/\/desdelapatagonia.uncoma.edu.ar\/index.php\/wp-json\/wp\/v2\/pages\/2302\/revisions"}],"predecessor-version":[{"id":4189,"href":"https:\/\/desdelapatagonia.uncoma.edu.ar\/index.php\/wp-json\/wp\/v2\/pages\/2302\/revisions\/4189"}],"up":[{"embeddable":true,"href":"https:\/\/desdelapatagonia.uncoma.edu.ar\/index.php\/wp-json\/wp\/v2\/pages\/20"}],"wp:attachment":[{"href":"https:\/\/desdelapatagonia.uncoma.edu.ar\/index.php\/wp-json\/wp\/v2\/media?parent=2302"}],"curies":[{"name":"wp","href":"https:\/\/api.w.org\/{rel}","templated":true}]}}