{"id":23,"date":"2016-06-08T17:11:04","date_gmt":"2016-06-08T17:11:04","guid":{"rendered":"http:\/\/170.210.81.130\/desde\/?page_id=23"},"modified":"2019-11-20T08:23:52","modified_gmt":"2019-11-20T11:23:52","slug":"contacto","status":"publish","type":"page","link":"https:\/\/desdelapatagonia.uncoma.edu.ar\/index.php\/contacto\/","title":{"rendered":"Contacto"},"content":{"rendered":"<p style=\"text-align: left;\">Correo electr\u00f3nico: <a style=\"color: #3366ff;\" href=\"mailto:desdelapatagoniads@gmail.com\">desdelapatagoniads@gmail.com<\/a><\/p>\n<p style=\"text-align: left;\"><img loading=\"lazy\" decoding=\"async\" class=\"wp-image-4126 alignleft\" style=\"margin: 4.4px 0px 0px 0px;\" src=\"https:\/\/desdelapatagonia.uncoma.edu.ar\/wp-content\/uploads\/2019\/11\/eed001f58cedcf1a647c2dbfc1a2bb11-300x300.png\" alt=\"\" width=\"20\" height=\"20\" srcset=\"https:\/\/desdelapatagonia.uncoma.edu.ar\/wp-content\/uploads\/2019\/11\/eed001f58cedcf1a647c2dbfc1a2bb11-300x300.png 300w, https:\/\/desdelapatagonia.uncoma.edu.ar\/wp-content\/uploads\/2019\/11\/eed001f58cedcf1a647c2dbfc1a2bb11-150x150.png 150w, https:\/\/desdelapatagonia.uncoma.edu.ar\/wp-content\/uploads\/2019\/11\/eed001f58cedcf1a647c2dbfc1a2bb11-270x270.png 270w, https:\/\/desdelapatagonia.uncoma.edu.ar\/wp-content\/uploads\/2019\/11\/eed001f58cedcf1a647c2dbfc1a2bb11.png 512w\" sizes=\"(max-width: 20px) 100vw, 20px\" \/>Pagina de facebook:\u00a0<a style=\"color: #3366ff;\" href=\"http:\/\/fb.com\/desdelapatagoniads\">fb.com\/desdelapatagoniads<\/a><\/p>\n<p style=\"text-align: left;\"><span style=\"font-weight: 400;\">Portal de Revistas REVELE de la Universidad Nacional del Comahue: <\/span><a style=\"color: #3366ff;\" href=\"http:\/\/revele.uncoma.edu.ar\">revele.uncoma.edu.ar<\/a><\/p>\n<p style=\"text-align: left;\">Tel\u00e9fonos: (+54) (0294) 4428505 \/ 4423374 \/ 4422111 &#8212; Internos 303 \u00f3 304<\/p>\n<p style=\"text-align: left;\">Direcci\u00f3n: Quintral 1250, San Carlos de Bariloche\u00a0(8400), R\u00edo Negro, Argentina<\/p>\n<div class=\"contactInfo\" style=\"text-align: center;\"><img decoding=\"async\" class=\"size-full wp-image-692 aligncenter\" src=\"https:\/\/desdelapatagonia.uncoma.edu.ar\/wp-content\/uploads\/2016\/07\/UNCO_80.png\" alt=\"UNCO_80\" width=\"80px\" height=\"80px\" \/> <span style=\"font-size: 14.7px;\"><em><strong>Desde la Patagonia, Difundiendo Saberes<\/strong><\/em><\/span><br \/>\nCorreo electr\u00f3nico: <a href=\"mailto:desdelapatagoniads@gmail.com\">desdelapatagoniads@gmail.com<\/a><br \/>\n<img loading=\"lazy\" decoding=\"async\" class=\"size-full wp-image-3653 aligncenter\" src=\"https:\/\/desdelapatagonia.uncoma.edu.ar\/wp-content\/uploads\/2016\/06\/OpenAccess-sin-fondo.png\" alt=\"\" width=\"50\" height=\"78\" srcset=\"https:\/\/desdelapatagonia.uncoma.edu.ar\/wp-content\/uploads\/2016\/06\/OpenAccess-sin-fondo.png 180w, https:\/\/desdelapatagonia.uncoma.edu.ar\/wp-content\/uploads\/2016\/06\/OpenAccess-sin-fondo-173x270.png 173w\" sizes=\"(max-width: 50px) 100vw, 50px\" \/>URL de la licencia:\u00a0<a href=\"https:\/\/creativecommons.org\/licenses\/by-nc-nd\/2.5\/ar\/\">https:\/\/creativecommons.org\/licenses\/by-nc-nd\/2.5\/ar\/<\/a><br \/>\nURL: <a href=\"https:\/\/desdelapatagonia.uncoma.edu.ar\/\">https:\/\/desdelapatagonia.uncoma.edu.ar\/<\/a><br \/>\nSecretar\u00eda de Ciencia, T\u00e9cnica y Vinculaci\u00f3n<br \/>\nCentro Regional Universitario Bariloche, Universidad Nacional del Comahue<br \/>\nQuintral 1250 \u2013 8400 San Carlos de Bariloche<br \/>\nTel\u00e9fonos: (+54) (0294) 4428505 \/ 4423374 \/ 4422111 \u2014 Internos 303\/304<\/div>\n","protected":false},"excerpt":{"rendered":"<p>Correo electr\u00f3nico: desdelapatagoniads@gmail.com Pagina de facebook:\u00a0fb.com\/desdelapatagoniads Portal de Revistas REVELE de la Universidad Nacional del Comahue: revele.uncoma.edu.ar Tel\u00e9fonos: (+54) (0294) 4428505 \/ 4423374 \/ 4422111 &#8212; Internos 303 \u00f3 304 Direcci\u00f3n: Quintral 1250, San Carlos de Bariloche\u00a0(8400), R\u00edo Negro, Argentina Desde la Patagonia, Difundiendo Saberes Correo electr\u00f3nico: desdelapatagoniads@gmail.com URL de la licencia:\u00a0https:\/\/creativecommons.org\/licenses\/by-nc-nd\/2.5\/ar\/ URL: https:\/\/desdelapatagonia.uncoma.edu.ar\/ Secretar\u00eda de Ciencia, T\u00e9cnica y Vinculaci\u00f3n Centro Regional Universitario Bariloche, Universidad Nacional del Comahue Quintral 1250 \u2013 8400 San Carlos de Bariloche Tel\u00e9fonos: (+54) (0294) 4428505&#8230;<\/p>\n<p class=\"read-more\"><a class=\"btn btn-default\" href=\"https:\/\/desdelapatagonia.uncoma.edu.ar\/index.php\/contacto\/\"> Read More<span class=\"screen-reader-text\">  Read More<\/span><\/a><\/p>\n","protected":false},"author":1,"featured_media":0,"parent":0,"menu_order":0,"comment_status":"closed","ping_status":"closed","template":"","meta":{"_monsterinsights_skip_tracking":false,"_monsterinsights_sitenote_active":false,"_monsterinsights_sitenote_note":"","_monsterinsights_sitenote_category":0,"footnotes":""},"aioseo_notices":[],"_links":{"self":[{"href":"https:\/\/desdelapatagonia.uncoma.edu.ar\/index.php\/wp-json\/wp\/v2\/pages\/23"}],"collection":[{"href":"https:\/\/desdelapatagonia.uncoma.edu.ar\/index.php\/wp-json\/wp\/v2\/pages"}],"about":[{"href":"https:\/\/desdelapatagonia.uncoma.edu.ar\/index.php\/wp-json\/wp\/v2\/types\/page"}],"author":[{"embeddable":true,"href":"https:\/\/desdelapatagonia.uncoma.edu.ar\/index.php\/wp-json\/wp\/v2\/users\/1"}],"replies":[{"embeddable":true,"href":"https:\/\/desdelapatagonia.uncoma.edu.ar\/index.php\/wp-json\/wp\/v2\/comments?post=23"}],"version-history":[{"count":14,"href":"https:\/\/desdelapatagonia.uncoma.edu.ar\/index.php\/wp-json\/wp\/v2\/pages\/23\/revisions"}],"predecessor-version":[{"id":4132,"href":"https:\/\/desdelapatagonia.uncoma.edu.ar\/index.php\/wp-json\/wp\/v2\/pages\/23\/revisions\/4132"}],"wp:attachment":[{"href":"https:\/\/desdelapatagonia.uncoma.edu.ar\/index.php\/wp-json\/wp\/v2\/media?parent=23"}],"curies":[{"name":"wp","href":"https:\/\/api.w.org\/{rel}","templated":true}]}}