{"id":2082,"date":"2018-12-31T19:22:15","date_gmt":"2018-12-31T22:22:15","guid":{"rendered":"http:\/\/desdelapatagonia.uncoma.edu.ar\/?page_id=2082"},"modified":"2019-11-21T10:17:50","modified_gmt":"2019-11-21T13:17:50","slug":"revista-no-4","status":"publish","type":"page","link":"https:\/\/desdelapatagonia.uncoma.edu.ar\/index.php\/archivo\/revista-no-4\/","title":{"rendered":"Revista N\u00ba 4"},"content":{"rendered":"<h3 style=\"text-align: center;\">Volumen 3, N\u00ba 4 | Enero &#8211; Diciembre de 2006<\/h3>\n<hr>\n<h1 style=\"text-align: center;\">Contenido<\/h1>\n<hr>\n<p><a href=\"https:\/\/desdelapatagonia.uncoma.edu.ar\/wp-content\/uploads\/2018\/12\/Revista-N4_COMPLETA.pdf\"><img loading=\"lazy\" decoding=\"async\" class=\"wp-image-2084 size-medium alignright\" src=\"https:\/\/desdelapatagonia.uncoma.edu.ar\/wp-content\/uploads\/2018\/12\/TAPA-N\u00b0-4-211x300.jpg\" alt=\"\" width=\"211\" height=\"300\" srcset=\"https:\/\/desdelapatagonia.uncoma.edu.ar\/wp-content\/uploads\/2018\/12\/TAPA-N\u00b0-4-211x300.jpg 211w, https:\/\/desdelapatagonia.uncoma.edu.ar\/wp-content\/uploads\/2018\/12\/TAPA-N\u00b0-4-722x1024.jpg 722w, https:\/\/desdelapatagonia.uncoma.edu.ar\/wp-content\/uploads\/2018\/12\/TAPA-N\u00b0-4-190x270.jpg 190w, https:\/\/desdelapatagonia.uncoma.edu.ar\/wp-content\/uploads\/2018\/12\/TAPA-N\u00b0-4.jpg 743w\" sizes=\"(max-width: 211px) 100vw, 211px\" \/><\/a><\/p>\n<p><a href=\"https:\/\/desdelapatagonia.uncoma.edu.ar\/index.php\/editorial-n-4\/\"><span style=\"color: #3366ff;\">EDITORIAL<\/span><\/a><\/p>\n<p><a href=\"https:\/\/desdelapatagonia.uncoma.edu.ar\/index.php\/hercules-y-su-invasion-de-la-patagonia\/\"><span style=\"color: #3366ff;\">H\u00c9RCULES Y SU INVASI\u00d3N DE LA PATAGONIA<\/span><\/a><br \/>\nJavier Puntieri, Alfredo Passo y Petr Pysek<\/p>\n<p><a href=\"https:\/\/desdelapatagonia.uncoma.edu.ar\/index.php\/espejismos-cosmicos-el-efecto-lente-gravitatorio\/\"><span style=\"color: #3366ff;\">ESPEJISMOS C\u00d3SMICOS: EL EFECTO LENTE GRAVITATORIO <\/span><\/a><br \/>\nSilvia Mollerach<\/p>\n<p><a href=\"https:\/\/desdelapatagonia.uncoma.edu.ar\/index.php\/la-rana-del-challhuaco-biologia-y-conservacion\/\"><span style=\"color: #3366ff;\">LA RANA DEL CHALLHUACO: BIOLOG\u00cdA Y CONSERVACI\u00d3N <\/span><\/a><br \/>\nCarmen \u00dabeda<\/p>\n<p>RESE\u00d1A DE LIBRO: <a href=\"https:\/\/desdelapatagonia.uncoma.edu.ar\/index.php\/flores-de-alta-montana-de-los-andes\/\"><span style=\"color: #3366ff;\">FLORES DE ALTA MONTA\u00d1A DE LOS ANDES PATAG\u00d3NICOS<\/span><\/a><br \/>\nRese\u00f1a realizada por Eduardo Rapoport<\/p>\n<p><a href=\"https:\/\/desdelapatagonia.uncoma.edu.ar\/index.php\/reconstruccion-de-la-identidad-cultural-de-los-jovenes-mapuche\/\"><span style=\"color: #3366ff;\">RECONSTRUCCI\u00d3N DE LA IDENTIDAD CULTURAL DE LOS J\u00d3VENES MAPUCHE <\/span><\/a><br \/>\nLorena Roncarolo<\/p>\n<p>RESE\u00d1A DE LIBRO: <a href=\"https:\/\/desdelapatagonia.uncoma.edu.ar\/index.php\/la-historia-de-la-vida-en-pocas-palabras\/\"><span style=\"color: #3366ff;\">LA HISTORIA DE LA VIDA EN POCAS PALABRAS <\/span><\/a><br \/>\nRese\u00f1a realizada por Sara Ballent<\/p>\n<p><a href=\"https:\/\/desdelapatagonia.uncoma.edu.ar\/index.php\/laguna-blanca-restauracion-ecologica-uso-racional-y-pesca-artesanal\/\"><span style=\"color: #3366ff;\">LAGUNA BLANCA: RESTAURACI\u00d3N ECOL\u00d3GICA, USO RACIONAL Y PESCA ARTESANAL <\/span><\/a><br \/>\nSilvia Ortubay, V\u00edctor Cussac, Miguel Battini, Juan P. Barriga, Juana Aigo, Pablo Candarle, Beatriz Modenutti, Esteban Balseiro, Claudia Queimali\u00f1os, Mariana Reissig, Pablo Vigliano, Magal\u00ed Rechenq y Mar\u00eda E. Cuello<\/p>\n<p><a href=\"https:\/\/desdelapatagonia.uncoma.edu.ar\/index.php\/el-museo-paleontologico-de-bariloche\/\"><span style=\"color: #3366ff;\">EL MUSEO PALEONTOL\u00d3GICO DE BARILOCHE<\/span><\/a><br \/>\nMarcelo Alonso<\/p>\n<p><a href=\"https:\/\/desdelapatagonia.uncoma.edu.ar\/index.php\/fisica-de-los-instrumentos-de-cuerda\/\"><span style=\"color: #3366ff;\">F\u00cdSICA DE LOS INSTRUMENTOS DE CUERDA<\/span><\/a><br \/>\nJavier Luzuriaga<\/p>\n<p>REPORTAJE&nbsp;<a href=\"https:\/\/desdelapatagonia.uncoma.edu.ar\/index.php\/reportaje-al-luthier-raul-perez\/\"><span style=\"color: #3366ff;\">AL LUTHIER RA\u00daL P\u00c9REZ<\/span><\/a><br \/>\npor Marcelo Alonso y Margarita Ruda<\/p>\n<p><a href=\"https:\/\/desdelapatagonia.uncoma.edu.ar\/index.php\/feria-provincial-de-ciencias-y-tecnologia-una-bolsa-de-aprendizajes\/\"><span style=\"color: #3366ff;\">FERIA PROVINCIAL DE CIENCIAS Y TECNOLOG\u00cdA: UNA BOLSA DE APRENDIZAJES <\/span><\/a><br \/>\nLiliana Semenas<\/p>\n<p><a href=\"https:\/\/desdelapatagonia.uncoma.edu.ar\/index.php\/dieciseis-anos-de-extension-en-el-crub\/\"><span style=\"color: #3366ff;\">DIECISEIS A\u00d1OS DE EXTENSI\u00d3N EN EL CRUB<\/span><\/a><br \/>\nMar\u00eda Damascos<\/p>\n<p>ARTE:&nbsp;<a href=\"https:\/\/desdelapatagonia.uncoma.edu.ar\/wp-content\/uploads\/2018\/12\/Revista-N4_ARTE.pdf\"><span style=\"color: #3366ff;\">RUTH VIEGENER<\/span><\/a><\/p>\n<hr>\n<p style=\"text-align: left;\"><a href=\"https:\/\/desdelapatagonia.uncoma.edu.ar\/wp-content\/uploads\/2018\/12\/Revista-N4_COMPLETA.pdf\"><span style=\"color: #3366ff;\">DESCARGAR REVISTA COMPLETA<\/span><\/a><\/p>\n","protected":false},"excerpt":{"rendered":"<p>Volumen 3, N\u00ba 4 | Enero &#8211; Diciembre de 2006 Contenido EDITORIAL H\u00c9RCULES Y SU INVASI\u00d3N DE LA PATAGONIA Javier Puntieri, Alfredo Passo y Petr Pysek ESPEJISMOS C\u00d3SMICOS: EL EFECTO LENTE GRAVITATORIO Silvia Mollerach LA RANA DEL CHALLHUACO: BIOLOG\u00cdA Y CONSERVACI\u00d3N Carmen \u00dabeda RESE\u00d1A DE LIBRO: FLORES DE ALTA MONTA\u00d1A DE LOS ANDES PATAG\u00d3NICOS Rese\u00f1a realizada por Eduardo Rapoport RECONSTRUCCI\u00d3N DE LA IDENTIDAD CULTURAL DE LOS J\u00d3VENES MAPUCHE Lorena Roncarolo RESE\u00d1A DE LIBRO: LA HISTORIA DE LA VIDA EN POCAS&#8230;<\/p>\n<p class=\"read-more\"><a class=\"btn btn-default\" href=\"https:\/\/desdelapatagonia.uncoma.edu.ar\/index.php\/archivo\/revista-no-4\/\"> Read More<span class=\"screen-reader-text\">  Read More<\/span><\/a><\/p>\n","protected":false},"author":1,"featured_media":0,"parent":20,"menu_order":4,"comment_status":"closed","ping_status":"closed","template":"","meta":{"_monsterinsights_skip_tracking":false,"_monsterinsights_sitenote_active":false,"_monsterinsights_sitenote_note":"","_monsterinsights_sitenote_category":0,"footnotes":""},"aioseo_notices":[],"_links":{"self":[{"href":"https:\/\/desdelapatagonia.uncoma.edu.ar\/index.php\/wp-json\/wp\/v2\/pages\/2082"}],"collection":[{"href":"https:\/\/desdelapatagonia.uncoma.edu.ar\/index.php\/wp-json\/wp\/v2\/pages"}],"about":[{"href":"https:\/\/desdelapatagonia.uncoma.edu.ar\/index.php\/wp-json\/wp\/v2\/types\/page"}],"author":[{"embeddable":true,"href":"https:\/\/desdelapatagonia.uncoma.edu.ar\/index.php\/wp-json\/wp\/v2\/users\/1"}],"replies":[{"embeddable":true,"href":"https:\/\/desdelapatagonia.uncoma.edu.ar\/index.php\/wp-json\/wp\/v2\/comments?post=2082"}],"version-history":[{"count":6,"href":"https:\/\/desdelapatagonia.uncoma.edu.ar\/index.php\/wp-json\/wp\/v2\/pages\/2082\/revisions"}],"predecessor-version":[{"id":4192,"href":"https:\/\/desdelapatagonia.uncoma.edu.ar\/index.php\/wp-json\/wp\/v2\/pages\/2082\/revisions\/4192"}],"up":[{"embeddable":true,"href":"https:\/\/desdelapatagonia.uncoma.edu.ar\/index.php\/wp-json\/wp\/v2\/pages\/20"}],"wp:attachment":[{"href":"https:\/\/desdelapatagonia.uncoma.edu.ar\/index.php\/wp-json\/wp\/v2\/media?parent=2082"}],"curies":[{"name":"wp","href":"https:\/\/api.w.org\/{rel}","templated":true}]}}