{"id":201,"date":"2016-06-21T19:16:05","date_gmt":"2016-06-21T19:16:05","guid":{"rendered":"http:\/\/170.210.81.130\/desde\/?page_id=201"},"modified":"2019-11-21T08:51:32","modified_gmt":"2019-11-21T11:51:32","slug":"revista-no-20","status":"publish","type":"page","link":"https:\/\/desdelapatagonia.uncoma.edu.ar\/index.php\/archivo\/revista-no-20\/","title":{"rendered":"Revista N\u00ba 20"},"content":{"rendered":"<h3 style=\"text-align: center;\">Volumen 12, N\u00ba 20 | Julio &#8211; Diciembre de&nbsp;2015<\/h3>\n<hr>\n<h1 style=\"text-align: center;\">Contenido<\/h1>\n<hr>\n<p><a href=\"https:\/\/desdelapatagonia.uncoma.edu.ar\/wp-content\/uploads\/2016\/06\/Revista-N20_COMPLETA.pdf\"><img loading=\"lazy\" decoding=\"async\" class=\"alignright wp-image-1773 size-medium\" src=\"https:\/\/desdelapatagonia.uncoma.edu.ar\/wp-content\/uploads\/2016\/06\/Tapa-20-214x300.jpg\" alt=\"\" width=\"214\" height=\"300\" srcset=\"https:\/\/desdelapatagonia.uncoma.edu.ar\/wp-content\/uploads\/2016\/06\/Tapa-20-214x300.jpg 214w, https:\/\/desdelapatagonia.uncoma.edu.ar\/wp-content\/uploads\/2016\/06\/Tapa-20-768x1079.jpg 768w, https:\/\/desdelapatagonia.uncoma.edu.ar\/wp-content\/uploads\/2016\/06\/Tapa-20-729x1024.jpg 729w, https:\/\/desdelapatagonia.uncoma.edu.ar\/wp-content\/uploads\/2016\/06\/Tapa-20-192x270.jpg 192w\" sizes=\"(max-width: 214px) 100vw, 214px\" \/><\/a><\/p>\n<p><a href=\"https:\/\/desdelapatagonia.uncoma.edu.ar\/index.php\/editorial-n-20\/\"><span style=\"color: #3366ff;\">EDITORIAL<\/span><\/a><\/p>\n<p><a href=\"https:\/\/desdelapatagonia.uncoma.edu.ar\/index.php\/eta-carinae-una-maravilla-en-medio-de-las-maravillas-del-cielo-austral\/\"><span style=\"color: #3366ff;\">UNA MARAVILLA EN MEDIO DE LAS MARAVILLAS DEL CIELO AUSTRAL<\/span><\/a><br \/>\nGuillermo Abramson<\/p>\n<p>DESDE LA PATAGONIA: <a href=\"https:\/\/desdelapatagonia.uncoma.edu.ar\/index.php\/semana-del-arbol-en-bariloche\/\"><span style=\"color: #3366ff;\">SEMANA DEL \u00c1RBOL EN BARILOCHE<\/span><\/a><br \/>\npor Marcela Ferreyra, Silvana Alsogaray, Valeria Ojeda, Javier Puntieri, Martha Rait, Santiago Na\u00f3n, Daniel G\u00f3mez y Marina Stecconi<\/p>\n<p><a href=\"https:\/\/desdelapatagonia.uncoma.edu.ar\/index.php\/murcielagos-y-compania-la-fauna-que-no-vemos\/\"><span style=\"color: #3366ff;\">LA FAUNA QUE NO VEMOS<\/span><\/a><br \/>\nAntonella Falconaro, Roc\u00edo Vega, Norma Brugni y Richard Sage<\/p>\n<p>ENSAYO: <a href=\"https:\/\/desdelapatagonia.uncoma.edu.ar\/index.php\/publicar-o-procrear-el-dilema-de-las-mujeres-que-investigan\/\"><span style=\"color: #3366ff;\">EL DILEMA DE LAS MUJERES QUE INVESTIGAN, \u00bfPUBLICAR O PROCREAR?<\/span><\/a><br \/>\nMariana Tadey<\/p>\n<p>RESE\u00d1A DE LIBRO: <a href=\"https:\/\/desdelapatagonia.uncoma.edu.ar\/index.php\/resena-de-libro-ecologia-e-historia-natural-de-la-patagonia-andina-un-cuarto-de-siglo-de-investigacion-en-biogeografia-ecologia-y-conservacion\/\"><span style=\"color: #3366ff;\">ECOLOG\u00cdA E HISTORIA NATURAL DE LA PATAGONIA ANDINA<\/span><\/a><br \/>\nRese\u00f1a realizada por Marcela Ferreyra<\/p>\n<p>RESE\u00d1A DE LIBRO: <a href=\"https:\/\/desdelapatagonia.uncoma.edu.ar\/index.php\/resena-de-libro-la-investigacion-y-las-ciencias-naturales-propuestas-para-su-articulacion-en-el-aula\/\"><span style=\"color: #3366ff;\">LA INVESTIGACI\u00d3N Y LAS CIENCIAS NATURALES<\/span><\/a><br \/>\nRese\u00f1a realizada por Eduardo A. L\u00f3pez<\/p>\n<p><a href=\"https:\/\/desdelapatagonia.uncoma.edu.ar\/index.php\/el-estudio-cientifico-de-los-suenos-lucidos\/\"><span style=\"color: #3366ff;\">EL ESTUDIO CIENT\u00cdFICO DE LOS SUE\u00d1OS L\u00daCIDOS<\/span><\/a><br \/>\nPablo M. Gleiser<\/p>\n<p><a href=\"https:\/\/desdelapatagonia.uncoma.edu.ar\/index.php\/arqueologia-galactica-la-relevancia-del-caos-en-la-via-lactea\/\"><span style=\"color: #3366ff;\">LA RELEVANCIA DEL CAOS EN LA V\u00cdA L\u00c1CTEA<\/span><\/a><br \/>\nNicol\u00e1s Maffione<\/p>\n<p>REPORTAJE A&nbsp;<a href=\"https:\/\/desdelapatagonia.uncoma.edu.ar\/index.php\/historia-militante-o-militar-la-historia-conversando-con-sandra-fernandez\/\"><span style=\"color: #3366ff;\">SANDRA FERN\u00c1NDEZ<\/span><\/a><br \/>\npor Giulietta Piantoni y Sibila Mujanovic<\/p>\n<p>RESE\u00d1A DE LIBRO: <a href=\"https:\/\/desdelapatagonia.uncoma.edu.ar\/index.php\/resena-de-libro-ciencia-soluble-en-cafe-cafes-cientificos-2014\/\"><span style=\"color: #3366ff;\">CIENCIA SOLUBLE EN CAF\u00c9<\/span><\/a><br \/>\nRese\u00f1a realizada por Mar\u00eda Elena Mecozzi<\/p>\n<p><a href=\"https:\/\/desdelapatagonia.uncoma.edu.ar\/index.php\/ciclo-de-charlas-cafe-cientifico-cab-ib-ciencia-y-psicoanalisis-un-cruce-inquietante\/\"><span style=\"color: #3366ff;\">CIENCIA Y PSICOAN\u00c1LISIS: UN CRUCE INQUIETANTE<\/span><\/a><br \/>\nNorberto Ferreyra<\/p>\n<p>ARTE: <a href=\"https:\/\/desdelapatagonia.uncoma.edu.ar\/wp-content\/uploads\/2016\/06\/Revista-N20_ARTE.jpg\"><span style=\"color: #3366ff;\">CARLOS JU\u00c1REZ<\/span><\/a><\/p>\n<hr>\n<p><a href=\"https:\/\/desdelapatagonia.uncoma.edu.ar\/wp-content\/uploads\/2016\/06\/Revista-N20_COMPLETA.pdf\"><span style=\"color: #3366ff;\">DESCARGAR REVISTA COMPLETA<\/span><\/a><\/p>\n","protected":false},"excerpt":{"rendered":"<p>Volumen 12, N\u00ba 20 | Julio &#8211; Diciembre de&nbsp;2015 Contenido EDITORIAL UNA MARAVILLA EN MEDIO DE LAS MARAVILLAS DEL CIELO AUSTRAL Guillermo Abramson DESDE LA PATAGONIA: SEMANA DEL \u00c1RBOL EN BARILOCHE por Marcela Ferreyra, Silvana Alsogaray, Valeria Ojeda, Javier Puntieri, Martha Rait, Santiago Na\u00f3n, Daniel G\u00f3mez y Marina Stecconi LA FAUNA QUE NO VEMOS Antonella Falconaro, Roc\u00edo Vega, Norma Brugni y Richard Sage ENSAYO: EL DILEMA DE LAS MUJERES QUE INVESTIGAN, \u00bfPUBLICAR O PROCREAR? Mariana Tadey RESE\u00d1A DE LIBRO: ECOLOG\u00cdA&#8230;<\/p>\n<p class=\"read-more\"><a class=\"btn btn-default\" href=\"https:\/\/desdelapatagonia.uncoma.edu.ar\/index.php\/archivo\/revista-no-20\/\"> Read More<span class=\"screen-reader-text\">  Read More<\/span><\/a><\/p>\n","protected":false},"author":1,"featured_media":0,"parent":20,"menu_order":20,"comment_status":"closed","ping_status":"closed","template":"","meta":{"_monsterinsights_skip_tracking":false,"_monsterinsights_sitenote_active":false,"_monsterinsights_sitenote_note":"","_monsterinsights_sitenote_category":0,"footnotes":""},"aioseo_notices":[],"_links":{"self":[{"href":"https:\/\/desdelapatagonia.uncoma.edu.ar\/index.php\/wp-json\/wp\/v2\/pages\/201"}],"collection":[{"href":"https:\/\/desdelapatagonia.uncoma.edu.ar\/index.php\/wp-json\/wp\/v2\/pages"}],"about":[{"href":"https:\/\/desdelapatagonia.uncoma.edu.ar\/index.php\/wp-json\/wp\/v2\/types\/page"}],"author":[{"embeddable":true,"href":"https:\/\/desdelapatagonia.uncoma.edu.ar\/index.php\/wp-json\/wp\/v2\/users\/1"}],"replies":[{"embeddable":true,"href":"https:\/\/desdelapatagonia.uncoma.edu.ar\/index.php\/wp-json\/wp\/v2\/comments?post=201"}],"version-history":[{"count":46,"href":"https:\/\/desdelapatagonia.uncoma.edu.ar\/index.php\/wp-json\/wp\/v2\/pages\/201\/revisions"}],"predecessor-version":[{"id":4174,"href":"https:\/\/desdelapatagonia.uncoma.edu.ar\/index.php\/wp-json\/wp\/v2\/pages\/201\/revisions\/4174"}],"up":[{"embeddable":true,"href":"https:\/\/desdelapatagonia.uncoma.edu.ar\/index.php\/wp-json\/wp\/v2\/pages\/20"}],"wp:attachment":[{"href":"https:\/\/desdelapatagonia.uncoma.edu.ar\/index.php\/wp-json\/wp\/v2\/media?parent=201"}],"curies":[{"name":"wp","href":"https:\/\/api.w.org\/{rel}","templated":true}]}}