{"id":2,"date":"2016-06-07T17:56:07","date_gmt":"2016-06-07T17:56:07","guid":{"rendered":"http:\/\/170.210.81.130\/desde\/?page_id=2"},"modified":"2022-06-30T09:58:31","modified_gmt":"2022-06-30T12:58:31","slug":"pagina-ejemplo","status":"publish","type":"page","link":"https:\/\/desdelapatagonia.uncoma.edu.ar\/","title":{"rendered":"Inicio"},"content":{"rendered":"<h3 style=\"text-align: center; margin-bottom: 5px;\"><span style=\"font-family: 'Futura XBlk BT', sans-serif; font-size: 20pt; font-weight: lighter; margin-bottom: 0px;\">DESDE LA PATAGONIA, DIFUNDIENDO SABERES<\/span><\/h3>\n<h4 style=\"margin: 0px;\" align=\"CENTER\"><span style=\"font-family: 'Futura Lt BT', sans-serif; color: #808080; font-size: 16pt; margin-top: 0px;\"><span style=\"font-weight: normal; margin-top: 0px;\">Revista de divulgaci\u00f3n cient\u00edfica del Centro Regional Universitario Bariloche<\/span><\/span><\/h4>\n<p style=\"font-size: 10pt; margin-bottom: 5px; margin-top: 15px;\" align=\"CENTER\"><img decoding=\"async\" class=\"size-full wp-image-692 aligncenter\" src=\"https:\/\/desdelapatagonia.uncoma.edu.ar\/wp-content\/uploads\/2016\/07\/UNCO_80.png\" alt=\"UNCO_80\" width=\"80px\" height=\"80px\" \/><\/p>\n<p style=\"font-size: 10pt;\" align=\"CENTER\">ISSN 1668-8848\u00a0(versi\u00f3n impresa)<br \/>\nISSN 2618-5385 (versi\u00f3n en l\u00ednea)<\/p>\n<p><em>Desde la Patagonia Difundiendo Saberes<\/em> es una revista de divulgaci\u00f3n cient\u00edfica semestral, editada desde 2004 por el Centro Regional Universitario Bariloche de la Universidad Nacional del Comahue, Argentina. La revista se dirige al p\u00fablico en general y en particular, a estudiantes y docentes de los niveles secundario, terciario y universitario.<\/p>\n<p>Abarca diferentes tem\u00e1ticas de las ciencias humanas, sociales, naturales y exactas, as\u00ed como de las tecnolog\u00edas. Incluye art\u00edculos de divulgaci\u00f3n sobre los resultados de proyectos de investigaci\u00f3n y extensi\u00f3n que se desarrollan en universidades nacionales e institutos de investigaci\u00f3n de la Patagonia y tambi\u00e9n publica trabajos sobre la Patagonia realizados en otras zonas del pa\u00eds. En todos los casos, las contribuciones son evaluadas por especialistas en el tema externos a la revista. Desde la Patagonia, declarada de inter\u00e9s provincial por R\u00edo Negro, se distribuye gratuitamente en escuelas y bibliotecas populares de la regi\u00f3n.<\/p>\n<div style=\"text-align: center;\">\n<p><iframe loading=\"lazy\" title=\"Desde La Patagonia, Difundiendo Saberes\" width=\"640\" height=\"360\" src=\"https:\/\/www.youtube.com\/embed\/gVtePNuiuJ0?feature=oembed\" frameborder=\"0\" allow=\"accelerometer; autoplay; clipboard-write; encrypted-media; gyroscope; picture-in-picture; web-share\" referrerpolicy=\"strict-origin-when-cross-origin\" allowfullscreen><\/iframe><\/p>\n<\/div>\n<p>En este sitio se encuentran disponibles en forma completa todos los n\u00fameros publicados. Los invitamos a acceder a los mismos y a disfrutar de las lecturas.<\/p>\n<p>La publicaci\u00f3n de nuestra revista es posible gracias al aporte del Centro Regional Universitario Bariloche de la Universidad Nacional del Comahue.<\/p>\n<p>Esta revista ha sido declarada de inter\u00e9s educativo, cultural y social por la Legislatura de R\u00edo Negro (Declaraci\u00f3n N\u00ba 192\/2007).<\/p>\n<div class=\"contactInfo\" style=\"text-align: center;\"><img decoding=\"async\" class=\"size-full wp-image-692 aligncenter\" src=\"https:\/\/desdelapatagonia.uncoma.edu.ar\/wp-content\/uploads\/2016\/07\/UNCO_80.png\" alt=\"UNCO_80\" width=\"80px\" height=\"80px\" \/> <span style=\"font-size: 14.7px;\"><em><strong>Desde la Patagonia, Difundiendo Saberes<\/strong><\/em><\/span><br \/>\nCorreo electr\u00f3nico: <a href=\"mailto:desdelapatagoniads@gmail.com\">desdelapatagoniads@gmail.com<\/a><br \/>\n<img loading=\"lazy\" decoding=\"async\" class=\"size-full wp-image-3653 aligncenter\" src=\"https:\/\/desdelapatagonia.uncoma.edu.ar\/wp-content\/uploads\/2016\/06\/OpenAccess-sin-fondo.png\" alt=\"\" width=\"50\" height=\"78\" srcset=\"https:\/\/desdelapatagonia.uncoma.edu.ar\/wp-content\/uploads\/2016\/06\/OpenAccess-sin-fondo.png 180w, https:\/\/desdelapatagonia.uncoma.edu.ar\/wp-content\/uploads\/2016\/06\/OpenAccess-sin-fondo-173x270.png 173w\" sizes=\"(max-width: 50px) 100vw, 50px\" \/>URL de la licencia: <a href=\"https:\/\/creativecommons.org\/licenses\/by-nc\/4.0\/\">https:\/\/creativecommons.org\/licenses\/by-nc\/4.0\/<\/a><br \/>\nURL: <a href=\"https:\/\/desdelapatagonia.uncoma.edu.ar\/\">https:\/\/desdelapatagonia.uncoma.edu.ar\/<\/a><br \/>\nSecretar\u00eda de Ciencia, T\u00e9cnica y Vinculaci\u00f3n<br \/>\nCentro Regional Universitario Bariloche, Universidad Nacional del Comahue<br \/>\nQuintral 1250 \u2013 8400 San Carlos de Bariloche<br \/>\nTel\u00e9fonos: (+54) (0294) 4428505 \/ 4423374 \/ 4422111 \u2014 Internos 303\/304<\/div>\n","protected":false},"excerpt":{"rendered":"<p>DESDE LA PATAGONIA, DIFUNDIENDO SABERES Revista de divulgaci\u00f3n cient\u00edfica del Centro Regional Universitario Bariloche ISSN 1668-8848\u00a0(versi\u00f3n impresa) ISSN 2618-5385 (versi\u00f3n en l\u00ednea) Desde la Patagonia Difundiendo Saberes es una revista de divulgaci\u00f3n cient\u00edfica semestral, editada desde 2004 por el Centro Regional Universitario Bariloche de la Universidad Nacional del Comahue, Argentina. La revista se dirige al p\u00fablico en general y en particular, a estudiantes y docentes de los niveles secundario, terciario y universitario. Abarca diferentes tem\u00e1ticas de las ciencias humanas, sociales,&#8230;<\/p>\n<p class=\"read-more\"><a class=\"btn btn-default\" href=\"https:\/\/desdelapatagonia.uncoma.edu.ar\/\"> Read More<span class=\"screen-reader-text\">  Read More<\/span><\/a><\/p>\n","protected":false},"author":1,"featured_media":0,"parent":0,"menu_order":0,"comment_status":"closed","ping_status":"open","template":"","meta":{"_monsterinsights_skip_tracking":false,"_monsterinsights_sitenote_active":false,"_monsterinsights_sitenote_note":"","_monsterinsights_sitenote_category":0,"footnotes":""},"aioseo_notices":[],"_links":{"self":[{"href":"https:\/\/desdelapatagonia.uncoma.edu.ar\/index.php\/wp-json\/wp\/v2\/pages\/2"}],"collection":[{"href":"https:\/\/desdelapatagonia.uncoma.edu.ar\/index.php\/wp-json\/wp\/v2\/pages"}],"about":[{"href":"https:\/\/desdelapatagonia.uncoma.edu.ar\/index.php\/wp-json\/wp\/v2\/types\/page"}],"author":[{"embeddable":true,"href":"https:\/\/desdelapatagonia.uncoma.edu.ar\/index.php\/wp-json\/wp\/v2\/users\/1"}],"replies":[{"embeddable":true,"href":"https:\/\/desdelapatagonia.uncoma.edu.ar\/index.php\/wp-json\/wp\/v2\/comments?post=2"}],"version-history":[{"count":83,"href":"https:\/\/desdelapatagonia.uncoma.edu.ar\/index.php\/wp-json\/wp\/v2\/pages\/2\/revisions"}],"predecessor-version":[{"id":4994,"href":"https:\/\/desdelapatagonia.uncoma.edu.ar\/index.php\/wp-json\/wp\/v2\/pages\/2\/revisions\/4994"}],"wp:attachment":[{"href":"https:\/\/desdelapatagonia.uncoma.edu.ar\/index.php\/wp-json\/wp\/v2\/media?parent=2"}],"curies":[{"name":"wp","href":"https:\/\/api.w.org\/{rel}","templated":true}]}}