{"id":1975,"date":"2018-12-31T20:23:47","date_gmt":"2018-12-31T20:23:47","guid":{"rendered":"http:\/\/desdelapatagonia.uncoma.edu.ar\/?page_id=1975"},"modified":"2019-11-21T10:18:31","modified_gmt":"2019-11-21T13:18:31","slug":"revista-no-2","status":"publish","type":"page","link":"https:\/\/desdelapatagonia.uncoma.edu.ar\/index.php\/archivo\/revista-no-2\/","title":{"rendered":"Revista N\u00b0 2"},"content":{"rendered":"<h3 style=\"text-align: center;\">Volumen 2, N\u00ba 2 | Septiembre de 2004 &#8211; Junio de 2005<\/h3>\n<hr>\n<h1 style=\"text-align: center;\">Contenido<\/h1>\n<hr>\n<p><a href=\"https:\/\/desdelapatagonia.uncoma.edu.ar\/wp-content\/uploads\/2019\/11\/Revista-N2-Completa.pdf\"><img loading=\"lazy\" decoding=\"async\" class=\"wp-image-1976 size-medium alignright\" src=\"https:\/\/desdelapatagonia.uncoma.edu.ar\/wp-content\/uploads\/2018\/12\/TAPA-N\u00ba2-212x300.jpg\" alt=\"\" width=\"212\" height=\"300\" srcset=\"https:\/\/desdelapatagonia.uncoma.edu.ar\/wp-content\/uploads\/2018\/12\/TAPA-N\u00ba2-212x300.jpg 212w, https:\/\/desdelapatagonia.uncoma.edu.ar\/wp-content\/uploads\/2018\/12\/TAPA-N\u00ba2-768x1089.jpg 768w, https:\/\/desdelapatagonia.uncoma.edu.ar\/wp-content\/uploads\/2018\/12\/TAPA-N\u00ba2-722x1024.jpg 722w, https:\/\/desdelapatagonia.uncoma.edu.ar\/wp-content\/uploads\/2018\/12\/TAPA-N\u00ba2-190x270.jpg 190w, https:\/\/desdelapatagonia.uncoma.edu.ar\/wp-content\/uploads\/2018\/12\/TAPA-N\u00ba2.jpg 1239w\" sizes=\"(max-width: 212px) 100vw, 212px\" \/><\/a><\/p>\n<p><a href=\"https:\/\/desdelapatagonia.uncoma.edu.ar\/index.php\/editorial-n-2\/\"><span style=\"color: #3366ff;\">EDITORIAL<\/span><\/a><\/p>\n<p><a href=\"https:\/\/desdelapatagonia.uncoma.edu.ar\/index.php\/la-flor-andina-de-rio-negro\/\"><span style=\"color: #3366ff;\">LA FLOR ANDINA DE R\u00cdO NEGRO<\/span><\/a><br>Paula Mathiasen, Adriana E. Rovere, Cintia P. Souto y Andrea C. Pr\u00e9moli<\/p>\n<p><a href=\"https:\/\/desdelapatagonia.uncoma.edu.ar\/index.php\/2019\/02\/25\/turismo-y-calidad-de-servicios\/\"><span style=\"color: #3366ff;\">TURISMO Y CALIDAD DE SERVICIOS<\/span><\/a><br>Mar\u00eda A. Gazzera<\/p>\n<p><a href=\"https:\/\/desdelapatagonia.uncoma.edu.ar\/index.php\/argumentaciones-bajo-la-lupa\/\"><span style=\"color: #3366ff;\">ARGUMENTACIONES BAJO LA LUPA<\/span><\/a><br>Liliana Caramuti<\/p>\n<p><a href=\"https:\/\/desdelapatagonia.uncoma.edu.ar\/index.php\/centro-civico-de-bariloche-venturas-y-desventuras-de-una-obra-excepcional\/\"><span style=\"color: #3366ff;\">CENTRO C\u00cdVICO DE BARILOCHE. VENTURAS Y DESVENTURAS DE UNA OBRA EXCEPCIONAL<\/span><\/a><br>Liliana Lolich<\/p>\n<p><a href=\"https:\/\/desdelapatagonia.uncoma.edu.ar\/index.php\/senuelos-exitosos-en-la-pesca-con-mosca\/\"><span style=\"color: #3366ff;\">SE\u00d1UELOS EXITOSOS EN LA PESCA CON MOSCA<\/span><\/a><br>Diego A. A\u00f1\u00f3n Su\u00e1rez<\/p>\n<p><a href=\"https:\/\/desdelapatagonia.uncoma.edu.ar\/index.php\/bariloche-una-suiza-argentina\/\"><span style=\"color: #3366ff;\">BARILOCHE: \u00bfUNA SUIZA ARGENTINA?<\/span><\/a><br>Laura Kropff Causa<\/p>\n<p><a href=\"https:\/\/desdelapatagonia.uncoma.edu.ar\/index.php\/observando-los-rayos-cosmicos\/\"><span style=\"color: #3366ff;\">OBSERVANDO LOS RAYOS C\u00d3SMICOS<\/span><\/a><br>Ingomar Allekotte y Mariano G\u00f3mez Berisso<\/p>\n<p><a href=\"https:\/\/desdelapatagonia.uncoma.edu.ar\/index.php\/aprender-a-escribir-que-representa-para-los-chicos\/\"><span style=\"color: #3366ff;\">APRENDER A ESCRIBIR: \u00bfQU\u00c9 REPRESENTA PARA LOS CHICOS? <\/span><\/a><br>Montserrat de la Cruz, Mar\u00eda F. Huarte y Nora Scheuer<\/p>\n<p>REPORTAJE&nbsp;<a href=\"https:\/\/desdelapatagonia.uncoma.edu.ar\/index.php\/reportaje-a-veronica-aldazabal\/\"><span style=\"color: #3366ff;\">A VER\u00d3NICA ALDAZABAL<\/span><\/a><br>por Marcelo Alonso<\/p>\n<p><a href=\"https:\/\/desdelapatagonia.uncoma.edu.ar\/index.php\/muestra-de-geometria\/\"><span style=\"color: #3366ff;\">MUESTRA DE GEOMETR\u00cdA<\/span><\/a><br>por Cristina Ferraris<\/p>\n<p>ARTE:&nbsp;<a href=\"https:\/\/desdelapatagonia.uncoma.edu.ar\/wp-content\/uploads\/2018\/12\/Revista-N2_ARTE.pdf\"><span style=\"color: #3366ff;\">KIKE MAYER<\/span><\/a><\/p>\n<hr>\n<p style=\"text-align: left;\"><a href=\"https:\/\/desdelapatagonia.uncoma.edu.ar\/wp-content\/uploads\/2019\/11\/Revista-N2-Completa.pdf\"><span style=\"color: #3366ff;\">DESCARGAR REVISTA COMPLETA<\/span><\/a><\/p>\n\n\n<p><\/p>\n\r\n","protected":false},"excerpt":{"rendered":"<p>Volumen 2, N\u00ba 2 | Septiembre de 2004 &#8211; Junio de 2005 Contenido EDITORIAL LA FLOR ANDINA DE R\u00cdO NEGROPaula Mathiasen, Adriana E. Rovere, Cintia P. Souto y Andrea C. Pr\u00e9moli TURISMO Y CALIDAD DE SERVICIOSMar\u00eda A. Gazzera ARGUMENTACIONES BAJO LA LUPALiliana Caramuti CENTRO C\u00cdVICO DE BARILOCHE. VENTURAS Y DESVENTURAS DE UNA OBRA EXCEPCIONALLiliana Lolich SE\u00d1UELOS EXITOSOS EN LA PESCA CON MOSCADiego A. A\u00f1\u00f3n Su\u00e1rez BARILOCHE: \u00bfUNA SUIZA ARGENTINA?Laura Kropff Causa OBSERVANDO LOS RAYOS C\u00d3SMICOSIngomar Allekotte y Mariano G\u00f3mez Berisso&#8230;<\/p>\n<p class=\"read-more\"><a class=\"btn btn-default\" href=\"https:\/\/desdelapatagonia.uncoma.edu.ar\/index.php\/archivo\/revista-no-2\/\"> Read More<span class=\"screen-reader-text\">  Read More<\/span><\/a><\/p>\n","protected":false},"author":1,"featured_media":0,"parent":20,"menu_order":2,"comment_status":"closed","ping_status":"closed","template":"","meta":{"_monsterinsights_skip_tracking":false,"_monsterinsights_sitenote_active":false,"_monsterinsights_sitenote_note":"","_monsterinsights_sitenote_category":0,"footnotes":""},"aioseo_notices":[],"_links":{"self":[{"href":"https:\/\/desdelapatagonia.uncoma.edu.ar\/index.php\/wp-json\/wp\/v2\/pages\/1975"}],"collection":[{"href":"https:\/\/desdelapatagonia.uncoma.edu.ar\/index.php\/wp-json\/wp\/v2\/pages"}],"about":[{"href":"https:\/\/desdelapatagonia.uncoma.edu.ar\/index.php\/wp-json\/wp\/v2\/types\/page"}],"author":[{"embeddable":true,"href":"https:\/\/desdelapatagonia.uncoma.edu.ar\/index.php\/wp-json\/wp\/v2\/users\/1"}],"replies":[{"embeddable":true,"href":"https:\/\/desdelapatagonia.uncoma.edu.ar\/index.php\/wp-json\/wp\/v2\/comments?post=1975"}],"version-history":[{"count":10,"href":"https:\/\/desdelapatagonia.uncoma.edu.ar\/index.php\/wp-json\/wp\/v2\/pages\/1975\/revisions"}],"predecessor-version":[{"id":4194,"href":"https:\/\/desdelapatagonia.uncoma.edu.ar\/index.php\/wp-json\/wp\/v2\/pages\/1975\/revisions\/4194"}],"up":[{"embeddable":true,"href":"https:\/\/desdelapatagonia.uncoma.edu.ar\/index.php\/wp-json\/wp\/v2\/pages\/20"}],"wp:attachment":[{"href":"https:\/\/desdelapatagonia.uncoma.edu.ar\/index.php\/wp-json\/wp\/v2\/media?parent=1975"}],"curies":[{"name":"wp","href":"https:\/\/api.w.org\/{rel}","templated":true}]}}