{"id":138,"date":"2016-06-20T17:03:38","date_gmt":"2016-06-20T17:03:38","guid":{"rendered":"http:\/\/170.210.81.130\/desde\/?page_id=138"},"modified":"2019-11-21T10:19:23","modified_gmt":"2019-11-21T13:19:23","slug":"revista-no-1","status":"publish","type":"page","link":"https:\/\/desdelapatagonia.uncoma.edu.ar\/index.php\/archivo\/revista-no-1\/","title":{"rendered":"Revista N\u00ba 1"},"content":{"rendered":"<h3 style=\"text-align: center;\">Volumen 1, N\u00ba 1 |&nbsp;Mayo &#8211; Agosto de&nbsp;2004<\/h3>\n<hr>\n<h1 style=\"text-align: center;\">Contenido<\/h1>\n<hr>\n<p><a href=\"https:\/\/desdelapatagonia.uncoma.edu.ar\/wp-content\/uploads\/2019\/11\/Revista-N1-completa.pdf\"><img loading=\"lazy\" decoding=\"async\" class=\"wp-image-1928 size-medium alignright\" src=\"https:\/\/desdelapatagonia.uncoma.edu.ar\/wp-content\/uploads\/2016\/06\/Tapa-N\u00ba1-212x300.jpg\" alt=\"\" width=\"212\" height=\"300\" srcset=\"https:\/\/desdelapatagonia.uncoma.edu.ar\/wp-content\/uploads\/2016\/06\/Tapa-N\u00ba1-212x300.jpg 212w, https:\/\/desdelapatagonia.uncoma.edu.ar\/wp-content\/uploads\/2016\/06\/Tapa-N\u00ba1-768x1086.jpg 768w, https:\/\/desdelapatagonia.uncoma.edu.ar\/wp-content\/uploads\/2016\/06\/Tapa-N\u00ba1-724x1024.jpg 724w, https:\/\/desdelapatagonia.uncoma.edu.ar\/wp-content\/uploads\/2016\/06\/Tapa-N\u00ba1-191x270.jpg 191w, https:\/\/desdelapatagonia.uncoma.edu.ar\/wp-content\/uploads\/2016\/06\/Tapa-N\u00ba1.jpg 1322w\" sizes=\"(max-width: 212px) 100vw, 212px\" \/><\/a><\/p>\n<p><a href=\"https:\/\/desdelapatagonia.uncoma.edu.ar\/index.php\/editorial-n-1\/\"><span style=\"color: #3366ff;\">EDITORIAL<\/span><\/a><\/p>\n<p><a href=\"https:\/\/desdelapatagonia.uncoma.edu.ar\/index.php\/que-comen-los-herbivoros\/\"><span style=\"color: #3366ff;\">\u00bfQU\u00c9 COMEN LOS HERB\u00cdVOROS?<\/span><\/a><br \/>\nAlicia Pelliza, Laura Borrelli y Lorena Sep\u00falveda P.<\/p>\n<p><a href=\"https:\/\/desdelapatagonia.uncoma.edu.ar\/index.php\/arquitectura-de-las-plantas\/\"><span style=\"color: #3366ff;\">ARQUITECTURA DE LAS PLANTAS<\/span><\/a><br \/>\nJavier Puntieri<\/p>\n<p><a href=\"https:\/\/desdelapatagonia.uncoma.edu.ar\/index.php\/modelos-de-simulacion-para-la-planificacion-urbana-una-herramienta-posible\/\"><span style=\"color: #3366ff;\">MODELOS DE SIMULACI\u00d3N PARA LA PLANIFICACI\u00d3N URBANA, UNA HERRAMIENTA POSIBLE<\/span><\/a><br \/>\nGabriel Saravia y Jorge Ares<\/p>\n<p><a href=\"https:\/\/desdelapatagonia.uncoma.edu.ar\/index.php\/el-chinchillon-patagonico\/\"><span style=\"color: #3366ff;\">EL CHINCHILL\u00d3N PATAG\u00d3NICO<\/span><\/a><br \/>\nGladys I. Galende<\/p>\n<p><a href=\"https:\/\/desdelapatagonia.uncoma.edu.ar\/index.php\/la-conifera-del-fin-del-mundo-el-cipres-de-las-guaitecas\/\"><span style=\"color: #3366ff;\">LA CON\u00cdFERA DEL FIN DEL MUNDO: EL CIPR\u00c9S DE LAS GUAITECAS<\/span><\/a><br \/>\nAdriana E. Rovere y Andrea C. Premoli<\/p>\n<p><a href=\"https:\/\/desdelapatagonia.uncoma.edu.ar\/index.php\/region-andina-norpatagonica-aportes-para-una-historia-renovada\/\"><span style=\"color: #3366ff;\">REGI\u00d3N ANDINA NORPATAG\u00d3NICA. APORTES PARA UNA HISTORIA RENOVADA<\/span><\/a><br \/>\nLaura M. M\u00e9ndez<\/p>\n<p><a href=\"https:\/\/desdelapatagonia.uncoma.edu.ar\/index.php\/algunos-aspectos-de-la-prehistoria-de-la-matematica\/\"><span style=\"color: #3366ff;\">ALGUNOS ASPECTOS DE LA PREHISTORIA DE LA MATEM\u00c1TICA <\/span><\/a><br \/>\nClaudio Padra<\/p>\n<p><a href=\"https:\/\/desdelapatagonia.uncoma.edu.ar\/index.php\/preguntandonos-acerca-de-la-didactica-de-la-educacion-fisica\/\"><span style=\"color: #3366ff;\">PREGUNTANDONOS ACERCA DE LA DID\u00c1CTICA DE LA EDUCACI\u00d3N F\u00cdSICA<\/span><\/a><br \/>\nMarcela Ceballo, Marisa Fern\u00e1ndez, Adela Ledesma, Gabriela Matozza, Fabi\u00e1n Martins y Adriana Podlubne<\/p>\n<p><a href=\"https:\/\/desdelapatagonia.uncoma.edu.ar\/index.php\/para-que-sirve-la-formacion-en-logica-a-un-docente-de-ciencias-naturales\/\"><span style=\"color: #3366ff;\">\u00bfPARA QU\u00c9 SIRVE LA FORMACI\u00d3N EN L\u00d3GICA A UN DOCENTE DE CIENCIAS NATURALES?<\/span><\/a><br \/>\nLiliana Caramuti y Ver\u00f3nica Vi\u00f1ao<\/p>\n<p>REPORTAJE<a href=\"https:\/\/desdelapatagonia.uncoma.edu.ar\/index.php\/reportaje-a-maria-julia-mazzarino\/\">&nbsp;<span style=\"color: #3366ff;\">A MAR\u00cdA JULIA MAZZARINO<\/span><\/a><br \/>\npor Marcelo Alonso<\/p>\n<p>ARTE: <a href=\"https:\/\/desdelapatagonia.uncoma.edu.ar\/wp-content\/uploads\/2016\/06\/Revista-N1_ARTE.pdf\"><span style=\"color: #3366ff;\">EGON ROST<\/span><\/a><\/p>\n<hr>\n<p style=\"text-align: left;\"><a href=\"https:\/\/desdelapatagonia.uncoma.edu.ar\/wp-content\/uploads\/2019\/11\/Revista-N1-completa.pdf\"><span style=\"color: #3366ff;\">DESCARGAR REVISTA COMPLETA<\/span><\/a><\/p>\n","protected":false},"excerpt":{"rendered":"<p>Volumen 1, N\u00ba 1 |&nbsp;Mayo &#8211; Agosto de&nbsp;2004 Contenido EDITORIAL \u00bfQU\u00c9 COMEN LOS HERB\u00cdVOROS? Alicia Pelliza, Laura Borrelli y Lorena Sep\u00falveda P. ARQUITECTURA DE LAS PLANTAS Javier Puntieri MODELOS DE SIMULACI\u00d3N PARA LA PLANIFICACI\u00d3N URBANA, UNA HERRAMIENTA POSIBLE Gabriel Saravia y Jorge Ares EL CHINCHILL\u00d3N PATAG\u00d3NICO Gladys I. Galende LA CON\u00cdFERA DEL FIN DEL MUNDO: EL CIPR\u00c9S DE LAS GUAITECAS Adriana E. Rovere y Andrea C. Premoli REGI\u00d3N ANDINA NORPATAG\u00d3NICA. APORTES PARA UNA HISTORIA RENOVADA Laura M. M\u00e9ndez ALGUNOS ASPECTOS&#8230;<\/p>\n<p class=\"read-more\"><a class=\"btn btn-default\" href=\"https:\/\/desdelapatagonia.uncoma.edu.ar\/index.php\/archivo\/revista-no-1\/\"> Read More<span class=\"screen-reader-text\">  Read More<\/span><\/a><\/p>\n","protected":false},"author":1,"featured_media":0,"parent":20,"menu_order":1,"comment_status":"closed","ping_status":"closed","template":"","meta":{"_monsterinsights_skip_tracking":false,"_monsterinsights_sitenote_active":false,"_monsterinsights_sitenote_note":"","_monsterinsights_sitenote_category":0,"footnotes":""},"aioseo_notices":[],"_links":{"self":[{"href":"https:\/\/desdelapatagonia.uncoma.edu.ar\/index.php\/wp-json\/wp\/v2\/pages\/138"}],"collection":[{"href":"https:\/\/desdelapatagonia.uncoma.edu.ar\/index.php\/wp-json\/wp\/v2\/pages"}],"about":[{"href":"https:\/\/desdelapatagonia.uncoma.edu.ar\/index.php\/wp-json\/wp\/v2\/types\/page"}],"author":[{"embeddable":true,"href":"https:\/\/desdelapatagonia.uncoma.edu.ar\/index.php\/wp-json\/wp\/v2\/users\/1"}],"replies":[{"embeddable":true,"href":"https:\/\/desdelapatagonia.uncoma.edu.ar\/index.php\/wp-json\/wp\/v2\/comments?post=138"}],"version-history":[{"count":36,"href":"https:\/\/desdelapatagonia.uncoma.edu.ar\/index.php\/wp-json\/wp\/v2\/pages\/138\/revisions"}],"predecessor-version":[{"id":4195,"href":"https:\/\/desdelapatagonia.uncoma.edu.ar\/index.php\/wp-json\/wp\/v2\/pages\/138\/revisions\/4195"}],"up":[{"embeddable":true,"href":"https:\/\/desdelapatagonia.uncoma.edu.ar\/index.php\/wp-json\/wp\/v2\/pages\/20"}],"wp:attachment":[{"href":"https:\/\/desdelapatagonia.uncoma.edu.ar\/index.php\/wp-json\/wp\/v2\/media?parent=138"}],"curies":[{"name":"wp","href":"https:\/\/api.w.org\/{rel}","templated":true}]}}