{"id":1266,"date":"2018-12-19T22:58:08","date_gmt":"2018-12-19T22:58:08","guid":{"rendered":"http:\/\/desdelapatagonia.uncoma.edu.ar\/?page_id=1266"},"modified":"2019-12-30T00:00:12","modified_gmt":"2019-12-30T03:00:12","slug":"revista-no-25","status":"publish","type":"page","link":"https:\/\/desdelapatagonia.uncoma.edu.ar\/index.php\/archivo\/revista-no-25\/","title":{"rendered":"Revista N\u00ba 25"},"content":{"rendered":"<h3 style=\"text-align: center;\">Volumen 15, N\u00ba 25\u00a0| Enero &#8211; Junio de\u00a02018<\/h3>\n<hr \/>\n<h1 style=\"text-align: center;\">Contenido<\/h1>\n<hr \/>\n<p><a href=\"https:\/\/desdelapatagonia.uncoma.edu.ar\/wp-content\/uploads\/2019\/12\/Revista-25-COMPLETA.pdf\"><img loading=\"lazy\" decoding=\"async\" class=\"wp-image-3605 size-medium alignright\" src=\"https:\/\/desdelapatagonia.uncoma.edu.ar\/wp-content\/uploads\/2018\/12\/Tapa-N\u00ba-25-01-01-213x300.jpg\" alt=\"\" width=\"213\" height=\"300\" srcset=\"https:\/\/desdelapatagonia.uncoma.edu.ar\/wp-content\/uploads\/2018\/12\/Tapa-N\u00ba-25-01-01-213x300.jpg 213w, https:\/\/desdelapatagonia.uncoma.edu.ar\/wp-content\/uploads\/2018\/12\/Tapa-N\u00ba-25-01-01-768x1080.jpg 768w, https:\/\/desdelapatagonia.uncoma.edu.ar\/wp-content\/uploads\/2018\/12\/Tapa-N\u00ba-25-01-01-728x1024.jpg 728w, https:\/\/desdelapatagonia.uncoma.edu.ar\/wp-content\/uploads\/2018\/12\/Tapa-N\u00ba-25-01-01-192x270.jpg 192w\" sizes=\"(max-width: 213px) 100vw, 213px\" \/><\/a><\/p>\n<p><a href=\"https:\/\/desdelapatagonia.uncoma.edu.ar\/index.php\/editorial-n-25\/\"><span style=\"color: #3366ff;\">EDITORIAL<\/span><\/a><\/p>\n<p><a href=\"https:\/\/desdelapatagonia.uncoma.edu.ar\/index.php\/ayudar-ayuda\/\"><span style=\"color: #3366ff;\">AYUDAR AYUDA<\/span><\/a><br \/>\nMariana Lozada, Paola D\u2019Adamo y Natalia Carro<\/p>\n<p>RESE\u00d1A DE LIBRO: <a href=\"https:\/\/desdelapatagonia.uncoma.edu.ar\/index.php\/historias-del-mallin-el-barrio-belgrano-sudeste-y-su-gente\/\"><span style=\"color: #3366ff;\">HISTORIAS DEL MALL\u00cdN<\/span><\/a><br \/>\nRese\u00f1a realizada por Valentina Stella<\/p>\n<p>ENSAYO: <a href=\"https:\/\/desdelapatagonia.uncoma.edu.ar\/index.php\/estelas-en-el-cielo\/\"><span style=\"color: #3366ff;\">ESTELAS EN EL CIELO<\/span><\/a><br \/>\nRodolfo D. S\u00e1nchez y Astrid Bengtsson<\/p>\n<p><a href=\"https:\/\/desdelapatagonia.uncoma.edu.ar\/index.php\/avispas-sociales-invasoras-en-la-patagonia-argentina\/\"><span style=\"color: #3366ff;\">AVISPAS SOCIALES INVASORAS EN LA PATAGONIA ARGENTINA<\/span><\/a><br \/>\nMait\u00e9 Masciocchi<\/p>\n<p>DESDE LA PATAGONIA:\u00a0<a href=\"https:\/\/desdelapatagonia.uncoma.edu.ar\/index.php\/galaxias-lejanas-desde-el-lejano-sur\/\"><span style=\"color: #3366ff;\">GALAXIAS LEJANAS, DESDE EL LEJANO SUR<\/span><\/a><br \/>\npor Guillermo Abramson<\/p>\n<p>DESDE LA PATAGONIA:\u00a0<a href=\"https:\/\/desdelapatagonia.uncoma.edu.ar\/index.php\/la-ciencia-la-literatura-y-sus-puntos-de-encuentro\/\"><span style=\"color: #3366ff;\">LA CIENCIA, LA LITERATURA Y SUS PUNTOS DE ENCUENTRO<\/span><\/a><br \/>\npor Carolina Biscayart y M\u00f3nica de Torres Curth<\/p>\n<p><a href=\"https:\/\/desdelapatagonia.uncoma.edu.ar\/index.php\/el-club-de-futbol-como-espacio-de-integracion-social\/\"><span style=\"color: #3366ff;\">EL CLUB DE F\u00daTBOL COMO ESPACIO DE INTEGRACI\u00d3N SOCIAL<\/span><\/a><br \/>\nLuciano Arancibia Ag\u00fcero<\/p>\n<p>REPORTAJE A\u00a0<a href=\"https:\/\/desdelapatagonia.uncoma.edu.ar\/index.php\/mariano-trevisan-medicos-del-corazon\/\"><span style=\"color: #3366ff;\">MARIANO TREVISAN<\/span><\/a><br \/>\npor Gustavo Viozzi<\/p>\n<p><a href=\"https:\/\/desdelapatagonia.uncoma.edu.ar\/index.php\/una-sociedad-con-mucho-para-brindar\/\"><span style=\"color: #3366ff;\">UNA SOCIEDAD CON MUCHO PARA BRINDAR<\/span><\/a><br \/>\nNatalia V. Fern\u00e1ndez, Paula Marchelli y Sonia B. Fontenla<\/p>\n<p><a href=\"https:\/\/desdelapatagonia.uncoma.edu.ar\/index.php\/cortinas-de-alamo\/\"><span style=\"color: #3366ff;\">CORTINAS DE \u00c1LAMO<\/span><\/a><br \/>\nAndrea A. Medina, Pablo Manzione e Ismael R. And\u00eda<\/p>\n<p>ARTE: <a href=\"https:\/\/desdelapatagonia.uncoma.edu.ar\/wp-content\/uploads\/2018\/12\/12.-Revista-25-Fresco-Arte-contratapa.pdf\"><span style=\"color: #3366ff;\">CECILIA FRESCO<\/span><\/a><\/p>\n<hr \/>\n<p><a href=\"https:\/\/desdelapatagonia.uncoma.edu.ar\/wp-content\/uploads\/2019\/12\/Revista-25-COMPLETA.pdf\"><span style=\"color: #3366ff;\">DESCARGAR REVISTA COMPLETA<\/span><\/a><\/p>\n","protected":false},"excerpt":{"rendered":"<p>Volumen 15, N\u00ba 25\u00a0| Enero &#8211; Junio de\u00a02018 Contenido EDITORIAL AYUDAR AYUDA Mariana Lozada, Paola D\u2019Adamo y Natalia Carro RESE\u00d1A DE LIBRO: HISTORIAS DEL MALL\u00cdN Rese\u00f1a realizada por Valentina Stella ENSAYO: ESTELAS EN EL CIELO Rodolfo D. S\u00e1nchez y Astrid Bengtsson AVISPAS SOCIALES INVASORAS EN LA PATAGONIA ARGENTINA Mait\u00e9 Masciocchi DESDE LA PATAGONIA:\u00a0GALAXIAS LEJANAS, DESDE EL LEJANO SUR por Guillermo Abramson DESDE LA PATAGONIA:\u00a0LA CIENCIA, LA LITERATURA Y SUS PUNTOS DE ENCUENTRO por Carolina Biscayart y M\u00f3nica de Torres Curth&#8230;<\/p>\n<p class=\"read-more\"><a class=\"btn btn-default\" href=\"https:\/\/desdelapatagonia.uncoma.edu.ar\/index.php\/archivo\/revista-no-25\/\"> Read More<span class=\"screen-reader-text\">  Read More<\/span><\/a><\/p>\n","protected":false},"author":1,"featured_media":0,"parent":20,"menu_order":25,"comment_status":"closed","ping_status":"closed","template":"","meta":{"_monsterinsights_skip_tracking":false,"_monsterinsights_sitenote_active":false,"_monsterinsights_sitenote_note":"","_monsterinsights_sitenote_category":0,"footnotes":""},"aioseo_notices":[],"_links":{"self":[{"href":"https:\/\/desdelapatagonia.uncoma.edu.ar\/index.php\/wp-json\/wp\/v2\/pages\/1266"}],"collection":[{"href":"https:\/\/desdelapatagonia.uncoma.edu.ar\/index.php\/wp-json\/wp\/v2\/pages"}],"about":[{"href":"https:\/\/desdelapatagonia.uncoma.edu.ar\/index.php\/wp-json\/wp\/v2\/types\/page"}],"author":[{"embeddable":true,"href":"https:\/\/desdelapatagonia.uncoma.edu.ar\/index.php\/wp-json\/wp\/v2\/users\/1"}],"replies":[{"embeddable":true,"href":"https:\/\/desdelapatagonia.uncoma.edu.ar\/index.php\/wp-json\/wp\/v2\/comments?post=1266"}],"version-history":[{"count":20,"href":"https:\/\/desdelapatagonia.uncoma.edu.ar\/index.php\/wp-json\/wp\/v2\/pages\/1266\/revisions"}],"predecessor-version":[{"id":4500,"href":"https:\/\/desdelapatagonia.uncoma.edu.ar\/index.php\/wp-json\/wp\/v2\/pages\/1266\/revisions\/4500"}],"up":[{"embeddable":true,"href":"https:\/\/desdelapatagonia.uncoma.edu.ar\/index.php\/wp-json\/wp\/v2\/pages\/20"}],"wp:attachment":[{"href":"https:\/\/desdelapatagonia.uncoma.edu.ar\/index.php\/wp-json\/wp\/v2\/media?parent=1266"}],"curies":[{"name":"wp","href":"https:\/\/api.w.org\/{rel}","templated":true}]}}