{"id":1184,"date":"2018-04-17T15:48:35","date_gmt":"2018-04-17T15:48:35","guid":{"rendered":"http:\/\/desdelapatagonia.uncoma.edu.ar\/?page_id=1184"},"modified":"2019-11-21T08:39:34","modified_gmt":"2019-11-21T11:39:34","slug":"revista-no-24","status":"publish","type":"page","link":"https:\/\/desdelapatagonia.uncoma.edu.ar\/index.php\/archivo\/revista-no-24\/","title":{"rendered":"Revista N\u00ba 24"},"content":{"rendered":"<h3 style=\"text-align: center;\">Volumen 14, N\u00ba 24 | Julio &#8211; Diciembre de&nbsp;2017<\/h3>\n<hr>\n<h1 style=\"text-align: center;\">Contenido<\/h1>\n<hr>\n<p><a href=\"https:\/\/desdelapatagonia.uncoma.edu.ar\/wp-content\/uploads\/2018\/04\/Revista-N24_COMPLETA.pdf\"><img loading=\"lazy\" decoding=\"async\" class=\"alignright wp-image-1145 size-medium\" src=\"https:\/\/desdelapatagonia.uncoma.edu.ar\/wp-content\/uploads\/2016\/06\/tapa24g-212x300.jpg\" alt=\"\" width=\"212\" height=\"300\" srcset=\"https:\/\/desdelapatagonia.uncoma.edu.ar\/wp-content\/uploads\/2016\/06\/tapa24g-212x300.jpg 212w, https:\/\/desdelapatagonia.uncoma.edu.ar\/wp-content\/uploads\/2016\/06\/tapa24g-191x270.jpg 191w, https:\/\/desdelapatagonia.uncoma.edu.ar\/wp-content\/uploads\/2016\/06\/tapa24g.jpg 602w\" sizes=\"(max-width: 212px) 100vw, 212px\" \/><\/a><\/p>\n<p><a href=\"https:\/\/desdelapatagonia.uncoma.edu.ar\/index.php\/editorial-n-24\/\"><span style=\"color: #3366ff;\">EDITORIAL<\/span><\/a><\/p>\n<p><a href=\"https:\/\/desdelapatagonia.uncoma.edu.ar\/index.php\/toneladas-de-aire\/\"><span style=\"color: #3366ff;\">TONELADAS DE AIRE<\/span><\/a><br \/>\nVirginia Laura Zurriaguz<\/p>\n<p><a href=\"https:\/\/desdelapatagonia.uncoma.edu.ar\/index.php\/entierros-antiguos-y-alteraciones-modernas\/\"><span style=\"color: #3366ff;\">ENTIERROS ANTIGUOS Y ALTERACIONES MODERNAS<\/span><\/a><br \/>\nMiguel \u00c1ngel Zubimendi<\/p>\n<p>RESE\u00d1A DE LIBRO:&nbsp;<a href=\"https:\/\/desdelapatagonia.uncoma.edu.ar\/index.php\/elogio-de-paulo-freire-sus-dimensiones-etica-politica-y-cultural\/\"><span style=\"color: #3366ff;\">ELOGIO DE PAULO FREIRE<\/span><\/a><br \/>\nRese\u00f1a realizada por Mar\u00eda Marta Quintana y&nbsp;Paula Ram\u00edrez<\/p>\n<p><a href=\"https:\/\/desdelapatagonia.uncoma.edu.ar\/index.php\/hacia-la-conservacion-de-la-rana-acuatica-de-laguna-blanca\/\"><span style=\"color: #3366ff;\">HACIA LA CONSERVACI\u00d3N DE LA RANA ACU\u00c1TICA DE LAGUNA BLANCA<\/span><\/a><br \/>\nMar\u00eda Elena Cuello, Mar\u00eda Teresa Bello y Carmen \u00dabeda<\/p>\n<p>DESDE LA PATAGONIA:&nbsp;<a href=\"https:\/\/desdelapatagonia.uncoma.edu.ar\/index.php\/de-la-conquista-del-desierto-a-los-enfrentamientos-fraguados-en-democracia\/\"><span style=\"color: #3366ff;\">DE LA CONQUISTA DEL DESIERTO A LOS &#8220;ENFRENTAMIENTOS&#8221; FRAGUADOS EN DEMOCRACIA<\/span><\/a><br \/>\npor Pilar P\u00e9rez<\/p>\n<p>REPORTAJE A&nbsp;<a href=\"https:\/\/desdelapatagonia.uncoma.edu.ar\/index.php\/willy-pregliasco\/\"><span style=\"color: #3366ff;\">WILLY PREGLIASCO<\/span><\/a><br \/>\npor M\u00f3nica de Torres Curth<\/p>\n<p><a href=\"https:\/\/desdelapatagonia.uncoma.edu.ar\/index.php\/malas-palabras\/\"><span style=\"color: #3366ff;\">MALAS PALABRAS<\/span><\/a><br \/>\nAdriana Garc\u00eda Montero<\/p>\n<p>CIENCIA AL PASO:&nbsp;<a href=\"https:\/\/desdelapatagonia.uncoma.edu.ar\/index.php\/como-va-a-estar-el-tiempo-en-bariloche\/\"><span style=\"color: #3366ff;\">\u00bfC\u00d3MO VA A ESTAR EL TIEMPO EN BARILOCHE?<\/span><\/a><br \/>\npor Hugo Luis Corso<\/p>\n<p>ARTE:<a href=\"https:\/\/desdelapatagonia.uncoma.edu.ar\/wp-content\/uploads\/2018\/12\/9.-Arte-24.jpg\"><span style=\"color: #3366ff;\">CRISTINA MAR\u00cdN<\/span><\/a><\/p>\n<hr>\n<p style=\"text-align: left;\"><a href=\"https:\/\/desdelapatagonia.uncoma.edu.ar\/wp-content\/uploads\/2018\/04\/Revista-N24_COMPLETA.pdf\"><span style=\"color: #3366ff;\">DESCARGAR REVISTA COMPLETA<\/span><\/a><\/p>\n","protected":false},"excerpt":{"rendered":"<p>Volumen 14, N\u00ba 24 | Julio &#8211; Diciembre de&nbsp;2017 Contenido EDITORIAL TONELADAS DE AIRE Virginia Laura Zurriaguz ENTIERROS ANTIGUOS Y ALTERACIONES MODERNAS Miguel \u00c1ngel Zubimendi RESE\u00d1A DE LIBRO:&nbsp;ELOGIO DE PAULO FREIRE Rese\u00f1a realizada por Mar\u00eda Marta Quintana y&nbsp;Paula Ram\u00edrez HACIA LA CONSERVACI\u00d3N DE LA RANA ACU\u00c1TICA DE LAGUNA BLANCA Mar\u00eda Elena Cuello, Mar\u00eda Teresa Bello y Carmen \u00dabeda DESDE LA PATAGONIA:&nbsp;DE LA CONQUISTA DEL DESIERTO A LOS &#8220;ENFRENTAMIENTOS&#8221; FRAGUADOS EN DEMOCRACIA por Pilar P\u00e9rez REPORTAJE A&nbsp;WILLY PREGLIASCO por M\u00f3nica de&#8230;<\/p>\n<p class=\"read-more\"><a class=\"btn btn-default\" href=\"https:\/\/desdelapatagonia.uncoma.edu.ar\/index.php\/archivo\/revista-no-24\/\"> Read More<span class=\"screen-reader-text\">  Read More<\/span><\/a><\/p>\n","protected":false},"author":1,"featured_media":0,"parent":20,"menu_order":24,"comment_status":"closed","ping_status":"closed","template":"","meta":{"_monsterinsights_skip_tracking":false,"_monsterinsights_sitenote_active":false,"_monsterinsights_sitenote_note":"","_monsterinsights_sitenote_category":0,"footnotes":""},"aioseo_notices":[],"_links":{"self":[{"href":"https:\/\/desdelapatagonia.uncoma.edu.ar\/index.php\/wp-json\/wp\/v2\/pages\/1184"}],"collection":[{"href":"https:\/\/desdelapatagonia.uncoma.edu.ar\/index.php\/wp-json\/wp\/v2\/pages"}],"about":[{"href":"https:\/\/desdelapatagonia.uncoma.edu.ar\/index.php\/wp-json\/wp\/v2\/types\/page"}],"author":[{"embeddable":true,"href":"https:\/\/desdelapatagonia.uncoma.edu.ar\/index.php\/wp-json\/wp\/v2\/users\/1"}],"replies":[{"embeddable":true,"href":"https:\/\/desdelapatagonia.uncoma.edu.ar\/index.php\/wp-json\/wp\/v2\/comments?post=1184"}],"version-history":[{"count":19,"href":"https:\/\/desdelapatagonia.uncoma.edu.ar\/index.php\/wp-json\/wp\/v2\/pages\/1184\/revisions"}],"predecessor-version":[{"id":4166,"href":"https:\/\/desdelapatagonia.uncoma.edu.ar\/index.php\/wp-json\/wp\/v2\/pages\/1184\/revisions\/4166"}],"up":[{"embeddable":true,"href":"https:\/\/desdelapatagonia.uncoma.edu.ar\/index.php\/wp-json\/wp\/v2\/pages\/20"}],"wp:attachment":[{"href":"https:\/\/desdelapatagonia.uncoma.edu.ar\/index.php\/wp-json\/wp\/v2\/media?parent=1184"}],"curies":[{"name":"wp","href":"https:\/\/api.w.org\/{rel}","templated":true}]}}