{"id":1059,"date":"2017-06-05T18:34:49","date_gmt":"2017-06-05T18:34:49","guid":{"rendered":"http:\/\/desdelapatagonia.uncoma.edu.ar\/?page_id=1059"},"modified":"2019-11-21T08:42:15","modified_gmt":"2019-11-21T11:42:15","slug":"revista-no-23","status":"publish","type":"page","link":"https:\/\/desdelapatagonia.uncoma.edu.ar\/index.php\/archivo\/revista-no-23\/","title":{"rendered":"Revista N\u00ba 23"},"content":{"rendered":"<h3 style=\"text-align: center;\">Volumen 14, N\u00ba 23 | Enero &#8211; Junio de&nbsp;2017<\/h3>\n<hr>\n<h1 style=\"text-align: center;\">Contenido<\/h1>\n<hr>\n<p><a href=\"https:\/\/desdelapatagonia.uncoma.edu.ar\/wp-content\/uploads\/2017\/06\/Revista-N23_COMPLETA.pdf\"><img loading=\"lazy\" decoding=\"async\" class=\"size-medium wp-image-1061 alignright\" src=\"https:\/\/desdelapatagonia.uncoma.edu.ar\/wp-content\/uploads\/2017\/06\/tapa23g-211x300.jpg\" alt=\"\" width=\"211\" height=\"300\" srcset=\"https:\/\/desdelapatagonia.uncoma.edu.ar\/wp-content\/uploads\/2017\/06\/tapa23g-211x300.jpg 211w, https:\/\/desdelapatagonia.uncoma.edu.ar\/wp-content\/uploads\/2017\/06\/tapa23g-190x270.jpg 190w, https:\/\/desdelapatagonia.uncoma.edu.ar\/wp-content\/uploads\/2017\/06\/tapa23g.jpg 602w\" sizes=\"(max-width: 211px) 100vw, 211px\" \/><\/a><\/p>\n<p><a href=\"https:\/\/desdelapatagonia.uncoma.edu.ar\/index.php\/editorial-n-23\/\"><span style=\"color: #3366ff;\">EDITORIAL<\/span><\/a><\/p>\n<p><a href=\"https:\/\/desdelapatagonia.uncoma.edu.ar\/index.php\/que-te-pica-cuando-te-pica-al-salir-del-agua\/\"><span style=\"color: #3366ff;\">\u00bfQU\u00c9 TE PICA CUANDO TE PICA AL SALIR DEL AGUA?<\/span><\/a><br \/>\nAylen A. Veleiz\u00e1n y Ver\u00f3nica R. Flores<\/p>\n<p><a href=\"https:\/\/desdelapatagonia.uncoma.edu.ar\/index.php\/la-historia-de-uno-de-los-arboles-mas-famosos-de-la-ciencia\/\"><span style=\"color: #3366ff;\">LA HISTORIA DE UNO DE LOS \u00c1RBOLES M\u00c1S FAMOSOS DE LA CIENCIA<\/span><\/a><br \/>\nGuillermo Abramson<\/p>\n<p style=\"text-align: left;\"><a href=\"https:\/\/desdelapatagonia.uncoma.edu.ar\/index.php\/secretos-guardados-en-la-cabeza-de-animales-extintos-2\/\"><span style=\"color: #3366ff;\">SECRETOS GUARDADOS EN LA CABEZA DE ANIMALES EXTINTOS<\/span><\/a><br \/>\nAriana Paulina-Carabajal<\/p>\n<p>DESDE LA PATAGONIA:&nbsp;<a href=\"https:\/\/desdelapatagonia.uncoma.edu.ar\/index.php\/segundo-workshop-de-difusion-y-ensenanza-de-la-astronomia\/\"><span style=\"color: #3366ff;\">SEGUNDO WORKSHOP DE DIFUSI\u00d3N Y ENSE\u00d1ANZA DE LA ASTRONOM\u00cdA<\/span><\/a><br \/>\npor Mariana Orellana<\/p>\n<p>DESDE LA PATAGONIA:&nbsp;<a href=\"https:\/\/desdelapatagonia.uncoma.edu.ar\/index.php\/eddy-rapoport-nuestra-despedida\/\"><span style=\"color: #3366ff;\">EDDY RAPOPORT, NUESTRA DESPEDIDA<\/span><\/a><br \/>\npor Equipo de <em>Desde la Patagonia<\/em><\/p>\n<p><a href=\"https:\/\/desdelapatagonia.uncoma.edu.ar\/index.php\/alga-didymo-una-pequena-gran-invasora\/\"><span style=\"color: #3366ff;\">UNA PEQUE\u00d1A GRAN INVASORA<\/span><\/a><br \/>\nRomina F. Betancurt, Gustavo Baffico y S. Guadalupe Beamud<\/p>\n<p>RESE\u00d1A DE LIBRO: <a href=\"https:\/\/desdelapatagonia.uncoma.edu.ar\/index.php\/resena-de-libro-archivos-del-silencio-estado-indigenas-y-violencia-en-patagonia-central-1878-1941\/\"><span style=\"color: #3366ff;\">ARCHIVOS DEL SILENCIO<\/span><\/a><br \/>\nRese\u00f1a realizada por Lorena Ca\u00f1uqueo<\/p>\n<p><a href=\"https:\/\/desdelapatagonia.uncoma.edu.ar\/index.php\/que-se-esconde-tras-la-introduccion-de-una-especie-la-invasion-de-la-carpa-comun-en-patagonia\/\"><span style=\"color: #3366ff;\">\u00bfQU\u00c9 SE ESCONDE TRAS LA INTRODUCCI\u00d3N DE UNA ESPECIE?<\/span><\/a><br \/>\nCarlos Rauque, Agustina Waicheim, Pedro Cordero y Guillermo Blasetti<\/p>\n<p>ENSAYO: <a href=\"https:\/\/desdelapatagonia.uncoma.edu.ar\/index.php\/ecologia-y-capitalismo\/\"><span style=\"color: #3366ff;\">ECOLOG\u00cdA Y CAPITALISMO<\/span><\/a><br \/>\nAriel Petruccelli<\/p>\n<p>REPORTAJE A&nbsp;<a href=\"https:\/\/desdelapatagonia.uncoma.edu.ar\/index.php\/reportaje-al-dr-victor-penchaszadeh\/\"><span style=\"color: #3366ff;\">V\u00cdCTOR PENCHASZADEH<\/span><\/a><br \/>\npor Andrea Premoli y Andr\u00e9s L\u00f3pez<\/p>\n<p>CIENCIA AL PASO: <a href=\"https:\/\/desdelapatagonia.uncoma.edu.ar\/index.php\/embaldosar-el-patio\/\"><span style=\"color: #3366ff;\">EMBALDOSAR EL PATIO<\/span><\/a><br \/>\npor M\u00f3nica de Torres Curth<\/p>\n<p>ARTE: <a href=\"https:\/\/desdelapatagonia.uncoma.edu.ar\/wp-content\/uploads\/2017\/06\/Revista-N23_ARTE.pdf\"><span style=\"color: #3366ff;\">CHINGOLO CASALLA<\/span><\/a><\/p>\n<hr>\n<p><a href=\"https:\/\/desdelapatagonia.uncoma.edu.ar\/wp-content\/uploads\/2017\/06\/Revista-N23_COMPLETA.pdf\"><span style=\"color: #3366ff;\">DESCARGAR REVISTA COMPLETA<\/span><\/a><\/p>\n","protected":false},"excerpt":{"rendered":"<p>Volumen 14, N\u00ba 23 | Enero &#8211; Junio de&nbsp;2017 Contenido EDITORIAL \u00bfQU\u00c9 TE PICA CUANDO TE PICA AL SALIR DEL AGUA? Aylen A. Veleiz\u00e1n y Ver\u00f3nica R. Flores LA HISTORIA DE UNO DE LOS \u00c1RBOLES M\u00c1S FAMOSOS DE LA CIENCIA Guillermo Abramson SECRETOS GUARDADOS EN LA CABEZA DE ANIMALES EXTINTOS Ariana Paulina-Carabajal DESDE LA PATAGONIA:&nbsp;SEGUNDO WORKSHOP DE DIFUSI\u00d3N Y ENSE\u00d1ANZA DE LA ASTRONOM\u00cdA por Mariana Orellana DESDE LA PATAGONIA:&nbsp;EDDY RAPOPORT, NUESTRA DESPEDIDA por Equipo de Desde la Patagonia UNA PEQUE\u00d1A&#8230;<\/p>\n<p class=\"read-more\"><a class=\"btn btn-default\" href=\"https:\/\/desdelapatagonia.uncoma.edu.ar\/index.php\/archivo\/revista-no-23\/\"> Read More<span class=\"screen-reader-text\">  Read More<\/span><\/a><\/p>\n","protected":false},"author":1,"featured_media":0,"parent":20,"menu_order":23,"comment_status":"closed","ping_status":"closed","template":"","meta":{"_monsterinsights_skip_tracking":false,"_monsterinsights_sitenote_active":false,"_monsterinsights_sitenote_note":"","_monsterinsights_sitenote_category":0,"footnotes":""},"aioseo_notices":[],"_links":{"self":[{"href":"https:\/\/desdelapatagonia.uncoma.edu.ar\/index.php\/wp-json\/wp\/v2\/pages\/1059"}],"collection":[{"href":"https:\/\/desdelapatagonia.uncoma.edu.ar\/index.php\/wp-json\/wp\/v2\/pages"}],"about":[{"href":"https:\/\/desdelapatagonia.uncoma.edu.ar\/index.php\/wp-json\/wp\/v2\/types\/page"}],"author":[{"embeddable":true,"href":"https:\/\/desdelapatagonia.uncoma.edu.ar\/index.php\/wp-json\/wp\/v2\/users\/1"}],"replies":[{"embeddable":true,"href":"https:\/\/desdelapatagonia.uncoma.edu.ar\/index.php\/wp-json\/wp\/v2\/comments?post=1059"}],"version-history":[{"count":35,"href":"https:\/\/desdelapatagonia.uncoma.edu.ar\/index.php\/wp-json\/wp\/v2\/pages\/1059\/revisions"}],"predecessor-version":[{"id":4169,"href":"https:\/\/desdelapatagonia.uncoma.edu.ar\/index.php\/wp-json\/wp\/v2\/pages\/1059\/revisions\/4169"}],"up":[{"embeddable":true,"href":"https:\/\/desdelapatagonia.uncoma.edu.ar\/index.php\/wp-json\/wp\/v2\/pages\/20"}],"wp:attachment":[{"href":"https:\/\/desdelapatagonia.uncoma.edu.ar\/index.php\/wp-json\/wp\/v2\/media?parent=1059"}],"curies":[{"name":"wp","href":"https:\/\/api.w.org\/{rel}","templated":true}]}}